{"id":99,"date":"2022-06-06T14:54:39","date_gmt":"2022-06-06T12:54:39","guid":{"rendered":"https:\/\/www.nameshield.com\/de\/?page_id=99"},"modified":"2024-08-28T16:07:42","modified_gmt":"2024-08-28T14:07:42","slug":"registry-lock","status":"publish","type":"page","link":"https:\/\/www.nameshield.com\/de\/cybersicherheit\/registry-lock\/","title":{"rendered":"Registry Lock"},"content":{"rendered":"\n<div class=\"wp-block-cover alignfull is-light eplus-NPxTwP eplus-wrapper\"><span aria-hidden=\"true\" class=\"wp-block-cover__background has-background-dim-100 has-background-dim has-background-gradient\" style=\"background:linear-gradient(135deg,rgb(255,0,0) 0%,rgb(21,115,191) 100%)\"><\/span><div class=\"wp-block-cover__inner-container is-layout-flow wp-block-cover-is-layout-flow\">\n<div style=\"height:80px\" aria-hidden=\"true\" class=\"wp-block-spacer eplus-y5BB1Y eplus-wrapper\"><\/div>\n\n\n\n<h2 class=\"wp-block-heading eplus-fXwzCo eplus-wrapper has-nv-text-dark-bg-color has-text-color\" id=\"contre-le-detournement-de-vos-noms-de-domaine\">Sch\u00fctzt vor der Umleitung Ihrer Domainnamen<\/h2>\n\n\n\n<div style=\"height:20px\" aria-hidden=\"true\" class=\"wp-block-spacer eplus-vics0N eplus-wrapper\"><\/div>\n\n\n\n<div class=\"wp-block-columns eplus-QLSXyE eplus-wrapper is-layout-flex wp-container-core-columns-is-layout-9d6595d7 wp-block-columns-is-layout-flex\">\n<div class=\"wp-block-column eplus-uU5tgd eplus-wrapper is-layout-flow wp-block-column-is-layout-flow\">\n<p class=\"eplus-wrapper has-nv-site-bg-color has-text-color\">Wie die aktu\u00adel\u00adle Ent\u00adwick\u00adlung und zahl\u00adrei\u00adche pro\u00admi\u00adnen\u00adte Bei\u00adspie\u00adle bewei\u00adsen, nimmt der Miss\u00adbrauch von Domain\u00adna\u00admen immer wei\u00adter zu.<\/p>\n\n\n\n<p class=\"eplus-wrapper has-nv-site-bg-color has-text-color\">Ange\u00adsichts die\u00adser Bedro\u00adhung bie\u00adtet der <strong><em>Regis\u00adtry Lock<\/em><\/strong> einen zus\u00e4tz\u00adli\u00adchen Schutz f\u00fcr Ihre stra\u00adte\u00adgi\u00adschen Domain\u00adna\u00admen, indem er das Risi\u00adko admi\u00adnis\u00adtra\u00adti\u00adven und tech\u00adni\u00adschen Miss\u00adbrauchs durch ein Sperr- und Authen\u00adti\u00adfi\u00adzie\u00adrungs\u00adsys\u00adtem in der Regis\u00adtry ver\u00adhin\u00addert.<\/p>\n<\/div>\n\n\n\n<div class=\"wp-block-column eplus-VEORbp eplus-wrapper is-layout-flow wp-block-column-is-layout-flow\">\n<figure class=\"wp-block-image size-large is-resized eplus-wOhLYP eplus-wrapper\"><img decoding=\"async\" src=\"https:\/\/www.nameshield.com\/wp-content\/uploads\/2021\/04\/Security-On-bro-Storyset-demisize.png\" alt=\"Registry Lock Computer Bodyguards\" class=\"wp-image-4336\" style=\"width:419px;height:403px\"><\/figure>\n\n\n\n<p class=\"eplus-a6OcDj eplus-wrapper\"><\/p>\n<\/div>\n<\/div>\n\n\n\n<div style=\"height:40px\" aria-hidden=\"true\" class=\"wp-block-spacer eplus-7WZA8U eplus-wrapper\"><\/div>\n<\/div><\/div>\n\n\n\n<div style=\"height:57px\" aria-hidden=\"true\" class=\"wp-block-spacer eplus-6GgAQn eplus-wrapper\"><\/div>\n\n\n\n<div class=\"wp-block-columns eplus-VsHQm2 eplus-wrapper is-layout-flex wp-container-core-columns-is-layout-9d6595d7 wp-block-columns-is-layout-flex\">\n<div class=\"wp-block-column eplus-fNLljC eplus-wrapper is-layout-flow wp-block-column-is-layout-flow\">\n<p class=\"eplus-Vizp17 eplus-wrapper\">Der <strong><em>Regis\u00adtry Lock<\/em><\/strong> erlaubt es dem Inha\u00adber eines Domain\u00adna\u00admens, der Regis\u00adtry mit\u00adzu\u00adtei\u00adlen, dass er die Sper\u00adrung der Infor\u00adma\u00adtio\u00adnen zu sei\u00adnem Domain\u00adna\u00admen w\u00fcnscht. Die Ent\u00adsper\u00adrung wird nach der Authen\u00adti\u00adfi\u00adzie\u00adrung durch den Inha\u00adber durch\u00adge\u00adf\u00fchrt, der als authen\u00adti\u00adfi\u00adzier\u00adter Kon\u00adtakt bezeich\u00adnet wird.<\/p>\n<\/div>\n\n\n\n<div class=\"wp-block-column eplus-eUuzFm eplus-wrapper is-layout-flow wp-block-column-is-layout-flow\">\n<p class=\"eplus-nn4i1Y eplus-wrapper\">Mit <strong><em>Regis\u00adtry Lock<\/em><\/strong> kann ein Name f\u00fcr ver\u00adschie\u00adde\u00adne Vor\u00adg\u00e4n\u00adge gesperrt wer\u00adden, z. B. f\u00fcr die \u00c4nde\u00adrung des DNS-Ser\u00advers, die Kon\u00adtak\u00adt\u00ad\u00e4n\u00adde\u00adrung, die \u00dcber\u00adtra\u00adgung oder die L\u00f6schung eines Domain\u00adna\u00admens.<\/p>\n<\/div>\n<\/div>\n\n\n\n<div class=\"wp-block-columns eplus-eMRccC eplus-wrapper is-layout-flex wp-container-core-columns-is-layout-9d6595d7 wp-block-columns-is-layout-flex\">\n<div class=\"wp-block-column eplus-c5zvmk eplus-wrapper is-layout-flow wp-block-column-is-layout-flow\">\n<p class=\"eplus-m7RK9l eplus-wrapper\">Die\u00adser Sicher\u00adheits\u00adme\u00adcha\u00adnis\u00admus wird \u00fcber gut abge\u00adsi\u00adcher\u00adte manu\u00adel\u00adle Ver\u00adfah\u00adren aus\u00adge\u00adf\u00fchrt und bie\u00adtet Schutz f\u00fcr alle stra\u00adte\u00adgi\u00adschen Domain\u00adna\u00admen:<\/p>\n\n\n<div class=\"wp-block-image eplus-RTI0a5 eplus-wrapper\">\n<figure class=\"aligncenter size-large\"><img loading=\"lazy\" decoding=\"async\" width=\"1024\" height=\"315\" src=\"https:\/\/www.nameshield.com\/de\/wp-content\/uploads\/sites\/3\/2022\/09\/Registry-lock-deutch-1024x315.png\" alt=\"Registry lock - Nameshield\" class=\"wp-image-698\" srcset=\"https:\/\/www.nameshield.com\/de\/wp-content\/uploads\/sites\/3\/2022\/09\/Registry-lock-deutch-1024x315.png 1024w, https:\/\/www.nameshield.com\/de\/wp-content\/uploads\/sites\/3\/2022\/09\/Registry-lock-deutch-300x92.png 300w, https:\/\/www.nameshield.com\/de\/wp-content\/uploads\/sites\/3\/2022\/09\/Registry-lock-deutch-768x237.png 768w, https:\/\/www.nameshield.com\/de\/wp-content\/uploads\/sites\/3\/2022\/09\/Registry-lock-deutch-1536x473.png 1536w, https:\/\/www.nameshield.com\/de\/wp-content\/uploads\/sites\/3\/2022\/09\/Registry-lock-deutch-2048x631.png 2048w\" sizes=\"auto, (max-width: 1024px) 100vw, 1024px\"><figcaption class=\"wp-element-caption\">Regis\u00adtry lock<\/figcaption><\/figure>\n<\/div>\n\n\n<div style=\"height:40px\" aria-hidden=\"true\" class=\"wp-block-spacer eplus-P6Ew3A eplus-wrapper\"><\/div>\n\n\n\n<div class=\"wp-block-columns eplus-6mqfGD eplus-wrapper is-layout-flex wp-container-core-columns-is-layout-9d6595d7 wp-block-columns-is-layout-flex\">\n<div class=\"wp-block-column eplus-4Yo4o8 eplus-wrapper is-layout-flow wp-block-column-is-layout-flow\">\n<p class=\"eplus-fMLoi5 eplus-wrapper\"><strong>Fol\u00adgen\u00adde Regis\u00adtries und ihre zuge\u00adh\u00f6\u00adri\u00adgen Erwei\u00adte\u00adrun\u00adgen bie\u00adten die\u00adse Sper\u00adre an:<\/strong><\/p>\n\n\n\n<ul class=\"wp-block-list eplus-wrapper\">\n<li class=\"eplus-wrapper\"><a href=\"http:\/\/www.verisigninc.com\/fr_FR\/channel-resources\/domain-registry-products\/registry-lock\/index.xhtml\" target=\"_blank\" rel=\"noreferrer noopener\">VERI\u00adSIGN<\/a> : .COM \/ .NET \/ .TV \/ .CC \/ .NAME<\/li>\n\n\n\n<li class=\"eplus-wrapper\"><a href=\"https:\/\/www.denic.de\/service\/de-registry-lock\/\" target=\"_blank\" rel=\"noreferrer noopener\">DENIC<\/a>: .DE<\/li>\n\n\n\n<li class=\"eplus-wrapper\"><a href=\"https:\/\/www.nic.at\/de\/meine-at-domain\/domain-sicherheit\/security-lock\" target=\"_blank\" rel=\"noreferrer noopener\">NIC.AT<\/a> : .AT<\/li>\n\n\n\n<li class=\"eplus-wrapper\"><a href=\"https:\/\/www.nic.ch\/de\/security\/lock\/\" target=\"_blank\" rel=\"noreferrer noopener\">SWITCH<\/a>: .CH, .LI<\/li>\n\n\n\n<li class=\"eplus-wrapper\"><a href=\"http:\/\/www.afnic.fr\/medias\/documents\/Cadre_legal\/afnic-charte-de-nommage-2014-12-08.pdf\" target=\"_blank\" rel=\"noreferrer noopener\">AFNIC<\/a> : .FR<\/li>\n\n\n\n<li class=\"eplus-wrapper\"><a href=\"https:\/\/eurid.eu\/de\/mein-eu\/\" target=\"_blank\" rel=\"noreferrer noopener\">EURID<\/a> : .EU<\/li>\n\n\n\n<li class=\"eplus-wrapper\"><a href=\"https:\/\/www.cira.ca\/ca-domains\/optimize-your-ca\/registry-lock\" target=\"_blank\" rel=\"noreferrer noopener\">ACEI\/CIRA<\/a> : .CA<\/li>\n\n\n\n<li class=\"eplus-wrapper\"><a href=\"https:\/\/www.traficom.fi\/fi\/\" target=\"_blank\" rel=\"noreferrer noopener\">TRA\u00adFI\u00adCOM <\/a>: .FI<\/li>\n\n\n\n<li class=\"eplus-wrapper\"><a href=\"https:\/\/www.nominet.uk\/\" target=\"_blank\" rel=\"noreferrer noopener\">NOMI\u00adNET<\/a> :  .UK.<\/li>\n\n\n\n<li class=\"eplus-wrapper\">CNNIC: .CN \/ .\u4e2d\u56fd<\/li>\n<\/ul>\n\n\n\n<p class=\"eplus-iL2VMw eplus-wrapper\">Die\u00adser Sperr\u00addienst auf Regis\u00adtry-Ebe\u00adne emp\u00adfiehlt sich f\u00fcr Ihre stra\u00adte\u00adgisch wich\u00adtigs\u00adten Domain\u00adna\u00admen. Die Sper\u00adre auf Regis\u00adtry-Ebe\u00adne ist Teil der durch das ANS\u00adSI (fran\u00adz\u00f6\u00adsi\u00adsche Ent\u00adspre\u00adchung des BSI) in sei\u00adnem Leit\u00adfa\u00adden auf\u00adge\u00adstell\u00adten Sicher\u00adheits\u00ademp\u00adfeh\u00adlun\u00adgen.<\/p>\n<\/div>\n\n\n\n<div class=\"wp-block-column eplus-3CQtNf eplus-wrapper is-layout-flow wp-block-column-is-layout-flow\">\n<h2 class=\"wp-block-heading eplus-TEIlq7 eplus-wrapper has-nv-text-dark-bg-color has-text-color\" id=\"registrar-lock\">Registrar Lock<\/h2>\n\n\n\n<p class=\"eplus-wrapper has-nv-site-bg-color has-text-color\">Da nicht alle Regis\u00adtries einen Regis\u00adtry Lock anbie\u00adten, hat Names\u00adhield au\u00dfer\u00addem einen Regis\u00adtrar Lock ein\u00adge\u00adf\u00fchrt, um die man\u00adgeln\u00adde Sicher\u00adheit eines stra\u00adte\u00adgi\u00adschen Domain\u00adna\u00admens zu kom\u00adpen\u00adsie\u00adren, des\u00adsen Erwei\u00adte\u00adrung nicht von einer Sper\u00adre auf Regis\u00adtry-Ebe\u00adne abge\u00addeckt wird.<\/p>\n\n\n\n<p class=\"eplus-wrapper has-nv-site-bg-color has-text-color\">Nach dem Vor\u00adbild des Regis\u00adtry Lock k\u00f6n\u00adnen Regis\u00adtra\u00adre bei der Regis\u00adtry das Ein\u00adfrie\u00adren der Daten eines Domain\u00adna\u00admens bean\u00adtra\u00adgen, um die betr\u00fc\u00adge\u00adri\u00adsche oder irr\u00adt\u00fcm\u00adli\u00adche \u00dcber\u00adtra\u00adgung von einem Regis\u00adtran\u00adten zu einem ande\u00adren, einen soge\u00adnann\u00adten Inha\u00adber\u00adwech\u00adsel, zu ver\u00adhin\u00addern.<\/p>\n\n\n\n<p class=\"eplus-wrapper has-nv-site-bg-color has-text-color\">Die\u00adser Mecha\u00adnis\u00admus hei\u00dft Regis\u00adtrar Lock und unter\u00adschei\u00addet sich vom Regis\u00adtry Lock, da die Ent\u00adsper\u00adrung hier von der Regis\u00adtrie\u00adrungs\u00adstel\u00adle ver\u00adwal\u00adtet wird.<\/p>\n<\/div>\n<\/div>\n<\/div>\n<\/div>\n\n\n\n<hr class=\"wp-block-separator has-alpha-channel-opacity eplus-wrapper\">\n\n\n\n<p class=\"eplus-wrapper\"><a href=\"https:\/\/www.nameshield.com\/de\/cybersicherheit\/dns-bastion\/\">DNS Bas\u00adti\u00adon<\/a><br><a href=\"https:\/\/www.nameshield.com\/de\/cybersicherheit\/dns-premium\/\">DNS Pre\u00admi\u00adum<\/a><br><a href=\"https:\/\/www.nameshield.com\/de\/cybersicherheit\/ssl-tls-zertifikate\/\">SSL\/TLS-Zer\u00adti\u00adfi\u00adka\u00adte<\/a><br><a href=\"https:\/\/www.nameshield.com\/de\/cybersicherheit\/hochsichere-domain-plattform\/\">Hoch\u00adsi\u00adche\u00adre Domain-Platt\u00adform<\/a><br><a href=\"https:\/\/www.nameshield.com\/de\/nameshield-zertifizierung-iso-27001\/\">Zer\u00adti\u00adfi\u00adzie\u00adrung nach ISO 27001<\/a><\/p>\n","protected":false},"excerpt":{"rendered":"<p>Der Regis\u00adtry Lock erlaubt es dem Inha\u00adber eines Domain\u00adna\u00admens, der Regis\u00adtry mit\u00adzu\u00adtei\u00adlen, dass er die Sper\u00adrung der Infor\u00adma\u00adtio\u00adnen zu sei\u00adnem Domain\u00adna\u00admen w\u00fcnscht. Die Ent\u00adsper\u00adrung wird nach der Authen\u00adti\u00adfi\u00adzie\u00adrung durch den Inha\u00adber durch\u00adge\u00adf\u00fchrt, der als authen\u00adti\u00adfi\u00adzier\u00adter Kon\u00adtakt bezeich\u00adnet wird. Mit Regis\u00adtry Lock kann ein Name f\u00fcr ver\u00adschie\u00adde\u00adne Vor\u00adg\u00e4n\u00adge gesperrt wer\u00adden, z. B. f\u00fcr die \u00c4nde\u00adrung des\u2026&nbsp;<a href=\"https:\/\/www.nameshield.com\/de\/cybersicherheit\/registry-lock\/\" class rel=\"bookmark\">Wei\u00adter\u00adle\u00adsen \u00bb<span class=\"screen-reader-text\">Regis\u00adtry Lock<\/span><\/a><\/p>\n","protected":false},"author":1,"featured_media":0,"parent":60,"menu_order":0,"comment_status":"closed","ping_status":"closed","template":"","meta":{"wp_typography_post_enhancements_disabled":false,"editor_plus_copied_stylings":"{}","_exactmetrics_skip_tracking":false,"_exactmetrics_sitenote_active":false,"_exactmetrics_sitenote_note":"","_exactmetrics_sitenote_category":0,"neve_meta_sidebar":"","neve_meta_container":"","neve_meta_enable_content_width":"on","neve_meta_content_width":100,"neve_meta_title_alignment":"","neve_meta_author_avatar":"","neve_post_elements_order":"","neve_meta_disable_header":"","neve_meta_disable_footer":"","neve_meta_disable_title":"","footnotes":""},"class_list":["post-99","page","type-page","status-publish","hentry"],"yoast_head":"<!-- This site is optimized with the Yoast SEO plugin v27.5 - https:\/\/yoast.com\/product\/yoast-seo-wordpress\/ -->\n<title>Sperren Sie gesch\u00e4ftskritische Vorg\u00e4nge durch Registry Lock<\/title>\n<meta name=\"description\" content=\"Mit der Registry Lock L\u00f6sung k\u00f6nnen Sie strategische Domainnamen f\u00fcr verschiedene gesch\u00e4ftskritische Vorg\u00e4nge sperren.\" \/>\n<meta name=\"robots\" content=\"index, follow, max-snippet:-1, max-image-preview:large, max-video-preview:-1\" \/>\n<link rel=\"canonical\" href=\"https:\/\/www.nameshield.com\/de\/cybersicherheit\/registry-lock\/\" \/>\n<meta property=\"og:locale\" content=\"de_DE\" \/>\n<meta property=\"og:type\" content=\"article\" \/>\n<meta property=\"og:title\" content=\"Sperren Sie gesch\u00e4ftskritische Vorg\u00e4nge durch Registry Lock\" \/>\n<meta property=\"og:description\" content=\"Mit der Registry Lock L\u00f6sung k\u00f6nnen Sie strategische Domainnamen f\u00fcr verschiedene gesch\u00e4ftskritische Vorg\u00e4nge sperren.\" \/>\n<meta property=\"og:url\" content=\"https:\/\/www.nameshield.com\/de\/cybersicherheit\/registry-lock\/\" \/>\n<meta property=\"og:site_name\" content=\"Nameshield\" \/>\n<meta property=\"article:modified_time\" content=\"2024-08-28T14:07:42+00:00\" \/>\n<meta property=\"og:image\" content=\"https:\/\/www.nameshield.com\/wp-content\/uploads\/2021\/04\/Security-On-bro-Storyset-demisize.png\" \/>\n<meta name=\"twitter:card\" content=\"summary_large_image\" \/>\n<meta name=\"twitter:label1\" content=\"Gesch\u00e4tzte Lesezeit\" \/>\n\t<meta name=\"twitter:data1\" content=\"3\u00a0Minuten\" \/>\n<script type=\"application\/ld+json\" class=\"yoast-schema-graph\">{\"@context\":\"https:\\\/\\\/schema.org\",\"@graph\":[{\"@type\":\"WebPage\",\"@id\":\"https:\\\/\\\/www.nameshield.com\\\/de\\\/cybersicherheit\\\/registry-lock\\\/\",\"url\":\"https:\\\/\\\/www.nameshield.com\\\/de\\\/cybersicherheit\\\/registry-lock\\\/\",\"name\":\"Sperren Sie gesch\u00e4ftskritische Vorg\u00e4nge durch Registry Lock\",\"isPartOf\":{\"@id\":\"https:\\\/\\\/www.nameshield.com\\\/de\\\/#website\"},\"primaryImageOfPage\":{\"@id\":\"https:\\\/\\\/www.nameshield.com\\\/de\\\/cybersicherheit\\\/registry-lock\\\/#primaryimage\"},\"image\":{\"@id\":\"https:\\\/\\\/www.nameshield.com\\\/de\\\/cybersicherheit\\\/registry-lock\\\/#primaryimage\"},\"thumbnailUrl\":\"https:\\\/\\\/www.nameshield.com\\\/wp-content\\\/uploads\\\/2021\\\/04\\\/Security-On-bro-Storyset-demisize.png\",\"datePublished\":\"2022-06-06T12:54:39+00:00\",\"dateModified\":\"2024-08-28T14:07:42+00:00\",\"description\":\"Mit der Registry Lock L\u00f6sung k\u00f6nnen Sie strategische Domainnamen f\u00fcr verschiedene gesch\u00e4ftskritische Vorg\u00e4nge sperren.\",\"breadcrumb\":{\"@id\":\"https:\\\/\\\/www.nameshield.com\\\/de\\\/cybersicherheit\\\/registry-lock\\\/#breadcrumb\"},\"inLanguage\":\"de\",\"potentialAction\":[{\"@type\":\"ReadAction\",\"target\":[\"https:\\\/\\\/www.nameshield.com\\\/de\\\/cybersicherheit\\\/registry-lock\\\/\"]}]},{\"@type\":\"ImageObject\",\"inLanguage\":\"de\",\"@id\":\"https:\\\/\\\/www.nameshield.com\\\/de\\\/cybersicherheit\\\/registry-lock\\\/#primaryimage\",\"url\":\"https:\\\/\\\/www.nameshield.com\\\/wp-content\\\/uploads\\\/2021\\\/04\\\/Security-On-bro-Storyset-demisize.png\",\"contentUrl\":\"https:\\\/\\\/www.nameshield.com\\\/wp-content\\\/uploads\\\/2021\\\/04\\\/Security-On-bro-Storyset-demisize.png\"},{\"@type\":\"BreadcrumbList\",\"@id\":\"https:\\\/\\\/www.nameshield.com\\\/de\\\/cybersicherheit\\\/registry-lock\\\/#breadcrumb\",\"itemListElement\":[{\"@type\":\"ListItem\",\"position\":1,\"name\":\"Accueil\",\"item\":\"https:\\\/\\\/www.nameshield.com\\\/de\\\/\"},{\"@type\":\"ListItem\",\"position\":2,\"name\":\"Cybersicherheit\",\"item\":\"https:\\\/\\\/www.nameshield.com\\\/de\\\/cybersicherheit\\\/\"},{\"@type\":\"ListItem\",\"position\":3,\"name\":\"Registry Lock\"}]},{\"@type\":\"WebSite\",\"@id\":\"https:\\\/\\\/www.nameshield.com\\\/de\\\/#website\",\"url\":\"https:\\\/\\\/www.nameshield.com\\\/de\\\/\",\"name\":\"Nameshield\",\"description\":\"Online Assets Security\",\"potentialAction\":[{\"@type\":\"SearchAction\",\"target\":{\"@type\":\"EntryPoint\",\"urlTemplate\":\"https:\\\/\\\/www.nameshield.com\\\/de\\\/?s={search_term_string}\"},\"query-input\":{\"@type\":\"PropertyValueSpecification\",\"valueRequired\":true,\"valueName\":\"search_term_string\"}}],\"inLanguage\":\"de\"}]}<\/script>\n<!-- \/ Yoast SEO plugin. -->","yoast_head_json":{"title":"Sperren Sie gesch\u00e4ftskritische Vorg\u00e4nge durch Registry Lock","description":"Mit der Registry Lock L\u00f6sung k\u00f6nnen Sie strategische Domainnamen f\u00fcr verschiedene gesch\u00e4ftskritische Vorg\u00e4nge sperren.","robots":{"index":"index","follow":"follow","max-snippet":"max-snippet:-1","max-image-preview":"max-image-preview:large","max-video-preview":"max-video-preview:-1"},"canonical":"https:\/\/www.nameshield.com\/de\/cybersicherheit\/registry-lock\/","og_locale":"de_DE","og_type":"article","og_title":"Sperren Sie gesch\u00e4ftskritische Vorg\u00e4nge durch Registry Lock","og_description":"Mit der Registry Lock L\u00f6sung k\u00f6nnen Sie strategische Domainnamen f\u00fcr verschiedene gesch\u00e4ftskritische Vorg\u00e4nge sperren.","og_url":"https:\/\/www.nameshield.com\/de\/cybersicherheit\/registry-lock\/","og_site_name":"Nameshield","article_modified_time":"2024-08-28T14:07:42+00:00","og_image":[{"url":"https:\/\/www.nameshield.com\/wp-content\/uploads\/2021\/04\/Security-On-bro-Storyset-demisize.png","type":"","width":"","height":""}],"twitter_card":"summary_large_image","twitter_misc":{"Gesch\u00e4tzte Lesezeit":"3\u00a0Minuten"},"schema":{"@context":"https:\/\/schema.org","@graph":[{"@type":"WebPage","@id":"https:\/\/www.nameshield.com\/de\/cybersicherheit\/registry-lock\/","url":"https:\/\/www.nameshield.com\/de\/cybersicherheit\/registry-lock\/","name":"Sperren Sie gesch\u00e4ftskritische Vorg\u00e4nge durch Registry Lock","isPartOf":{"@id":"https:\/\/www.nameshield.com\/de\/#website"},"primaryImageOfPage":{"@id":"https:\/\/www.nameshield.com\/de\/cybersicherheit\/registry-lock\/#primaryimage"},"image":{"@id":"https:\/\/www.nameshield.com\/de\/cybersicherheit\/registry-lock\/#primaryimage"},"thumbnailUrl":"https:\/\/www.nameshield.com\/wp-content\/uploads\/2021\/04\/Security-On-bro-Storyset-demisize.png","datePublished":"2022-06-06T12:54:39+00:00","dateModified":"2024-08-28T14:07:42+00:00","description":"Mit der Registry Lock L\u00f6sung k\u00f6nnen Sie strategische Domainnamen f\u00fcr verschiedene gesch\u00e4ftskritische Vorg\u00e4nge sperren.","breadcrumb":{"@id":"https:\/\/www.nameshield.com\/de\/cybersicherheit\/registry-lock\/#breadcrumb"},"inLanguage":"de","potentialAction":[{"@type":"ReadAction","target":["https:\/\/www.nameshield.com\/de\/cybersicherheit\/registry-lock\/"]}]},{"@type":"ImageObject","inLanguage":"de","@id":"https:\/\/www.nameshield.com\/de\/cybersicherheit\/registry-lock\/#primaryimage","url":"https:\/\/www.nameshield.com\/wp-content\/uploads\/2021\/04\/Security-On-bro-Storyset-demisize.png","contentUrl":"https:\/\/www.nameshield.com\/wp-content\/uploads\/2021\/04\/Security-On-bro-Storyset-demisize.png"},{"@type":"BreadcrumbList","@id":"https:\/\/www.nameshield.com\/de\/cybersicherheit\/registry-lock\/#breadcrumb","itemListElement":[{"@type":"ListItem","position":1,"name":"Accueil","item":"https:\/\/www.nameshield.com\/de\/"},{"@type":"ListItem","position":2,"name":"Cybersicherheit","item":"https:\/\/www.nameshield.com\/de\/cybersicherheit\/"},{"@type":"ListItem","position":3,"name":"Registry Lock"}]},{"@type":"WebSite","@id":"https:\/\/www.nameshield.com\/de\/#website","url":"https:\/\/www.nameshield.com\/de\/","name":"Nameshield","description":"Online Assets Security","potentialAction":[{"@type":"SearchAction","target":{"@type":"EntryPoint","urlTemplate":"https:\/\/www.nameshield.com\/de\/?s={search_term_string}"},"query-input":{"@type":"PropertyValueSpecification","valueRequired":true,"valueName":"search_term_string"}}],"inLanguage":"de"}]}},"_links":{"self":[{"href":"https:\/\/www.nameshield.com\/de\/wp-json\/wp\/v2\/pages\/99","targetHints":{"allow":["GET"]}}],"collection":[{"href":"https:\/\/www.nameshield.com\/de\/wp-json\/wp\/v2\/pages"}],"about":[{"href":"https:\/\/www.nameshield.com\/de\/wp-json\/wp\/v2\/types\/page"}],"author":[{"embeddable":true,"href":"https:\/\/www.nameshield.com\/de\/wp-json\/wp\/v2\/users\/1"}],"replies":[{"embeddable":true,"href":"https:\/\/www.nameshield.com\/de\/wp-json\/wp\/v2\/comments?post=99"}],"version-history":[{"count":17,"href":"https:\/\/www.nameshield.com\/de\/wp-json\/wp\/v2\/pages\/99\/revisions"}],"predecessor-version":[{"id":1643,"href":"https:\/\/www.nameshield.com\/de\/wp-json\/wp\/v2\/pages\/99\/revisions\/1643"}],"up":[{"embeddable":true,"href":"https:\/\/www.nameshield.com\/de\/wp-json\/wp\/v2\/pages\/60"}],"wp:attachment":[{"href":"https:\/\/www.nameshield.com\/de\/wp-json\/wp\/v2\/media?parent=99"}],"curies":[{"name":"wp","href":"https:\/\/api.w.org\/{rel}","templated":true}]}}