{"id":93,"date":"2022-06-06T14:51:46","date_gmt":"2022-06-06T12:51:46","guid":{"rendered":"https:\/\/www.nameshield.com\/de\/?page_id=93"},"modified":"2024-08-29T16:12:20","modified_gmt":"2024-08-29T14:12:20","slug":"hochsichere-domain-plattform","status":"publish","type":"page","link":"https:\/\/www.nameshield.com\/de\/cybersicherheit\/hochsichere-domain-plattform\/","title":{"rendered":"Hochsichere Domain-Plattform"},"content":{"rendered":"\n<div class=\"wp-block-cover alignfull is-light eplus-NPxTwP eplus-wrapper\"><span aria-hidden=\"true\" class=\"wp-block-cover__background has-background-dim-100 has-background-dim has-background-gradient\" style=\"background:linear-gradient(135deg,rgb(255,0,0) 0%,rgb(21,115,191) 100%)\"><\/span><div class=\"wp-block-cover__inner-container is-layout-flow wp-block-cover-is-layout-flow\">\n<div style=\"height:61px\" aria-hidden=\"true\" class=\"wp-block-spacer eplus-y5BB1Y eplus-wrapper\"><\/div>\n\n\n\n<h2 class=\"wp-block-heading eplus-YoFrVY eplus-wrapper has-nv-text-dark-bg-color has-text-color\">Marktf\u00fchrender Schutz f\u00fcr Ihre immateriellen Verm\u00f6genswerte<\/h2>\n\n\n\n<div style=\"height:20px\" aria-hidden=\"true\" class=\"wp-block-spacer eplus-GOlz9e eplus-wrapper\"><\/div>\n\n\n\n<div class=\"wp-block-columns eplus-QLSXyE eplus-wrapper is-layout-flex wp-container-core-columns-is-layout-9d6595d7 wp-block-columns-is-layout-flex\">\n<div class=\"wp-block-column eplus-uU5tgd eplus-wrapper is-layout-flow wp-block-column-is-layout-flow\">\n<p class=\"eplus-wrapper has-nv-text-dark-bg-color has-text-color\">Ihre Domain\u00adna\u00admen sind f\u00fcr Ihr Unter\u00adneh\u00admen wert\u00advol\u00adle imma\u00adte\u00adri\u00adel\u00adle Ver\u00adm\u00f6\u00adgens\u00adwer\u00adte.<\/p>\n\n\n\n<p class=\"eplus-wrapper has-nv-text-dark-bg-color has-text-color\">F\u00fcr deren Schutz stellt Ihnen Names\u00adhield \u2013 selbst nach ISO 27001 zer\u00adti\u00adfi\u00adziert \u2013 eine h<strong>och\u00adsi\u00adche\u00adre, funk\u00adtio\u00adna\u00adle und intui\u00adti\u00adve Ver\u00adwal\u00adtungs\u00adplatt\u00adform<\/strong> f\u00fcr das admi\u00adnis\u00adtra\u00adti\u00adve und tech\u00adni\u00adsche Manage\u00adment Ihres Bestands sowie per\u00adso\u00adna\u00adli\u00adsier\u00adba\u00adre Track\u00ading-Tools zur Ver\u00adf\u00fc\u00adgung.<\/p>\n\n\n\n<p class=\"eplus-wrapper has-nv-text-dark-bg-color has-text-color\">Names\u00adhield bie\u00adtet eine Rei\u00adhe von L\u00f6sun\u00adgen f\u00fcr die opti\u00adma\u00adle Siche\u00adrung Ihrer Tool-Zug\u00e4n\u00adge an.<\/p>\n<\/div>\n\n\n\n<div class=\"wp-block-column eplus-VEORbp eplus-wrapper is-layout-flow wp-block-column-is-layout-flow\">\n<figure class=\"wp-block-image size-full is-resized eplus-Dtmj7K eplus-wrapper\"><img decoding=\"async\" src=\"https:\/\/www.nameshield.com\/wp-content\/uploads\/2021\/04\/Domain-names-bro-storyset-demisize.png\" alt=\"Nameshield hochsichere Domain-Plattform\" class=\"wp-image-4341\" style=\"width:447px;height:432px\"><\/figure>\n<\/div>\n<\/div>\n\n\n\n<div style=\"height:40px\" aria-hidden=\"true\" class=\"wp-block-spacer eplus-7WZA8U eplus-wrapper\"><\/div>\n\n\n\n<p class=\"eplus-rz07OI eplus-wrapper\"><\/p>\n<\/div><\/div>\n\n\n\n<div style=\"height:58px\" aria-hidden=\"true\" class=\"wp-block-spacer\"><\/div>\n\n\n\n<div class=\"wp-block-cover alignfull eplus-prgBvc eplus-wrapper\"><span aria-hidden=\"true\" class=\"wp-block-cover__background has-nv-site-bg-background-color has-background-dim-100 has-background-dim\"><\/span><div class=\"wp-block-cover__inner-container is-layout-flow wp-block-cover-is-layout-flow\">\n<div style=\"height:23px\" aria-hidden=\"true\" class=\"wp-block-spacer eplus-4SfVWq eplus-wrapper\"><\/div>\n\n\n\n<div class=\"wp-block-columns eplus-OuGC3K eplus-wrapper is-layout-flex wp-container-core-columns-is-layout-9d6595d7 wp-block-columns-is-layout-flex\">\n<div class=\"wp-block-column eplus-9CtamQ eplus-wrapper has-neve-text-color-color has-text-color has-link-color wp-elements-ee9f831e08a7a76770caad44a1c9d06b is-layout-flow wp-block-column-is-layout-flow\">\n<div class=\"wp-block-columns is-layout-flex wp-container-core-columns-is-layout-9d6595d7 wp-block-columns-is-layout-flex\">\n<div class=\"wp-block-column is-layout-flow wp-block-column-is-layout-flow\">\n<p class=\"has-neve-text-color-color has-text-color has-link-color wp-elements-372ce2f4880f95946120ab4dd91855b8\">Die <strong><em>hoch\u00adsi\u00adche\u00adre Domain-Platt\u00adform<\/em><\/strong> von Names\u00adhield erf\u00fcllt die Gesamt\u00adheit Ihrer Anfor\u00adde\u00adrun\u00adgen in Bezug auf die Ver\u00adwal\u00adtung kom\u00adple\u00adxer Best\u00e4n\u00adde von Domain\u00adna\u00admen: Mul\u00adti-User, Mul\u00adti-Stand\u00adort und Mul\u00adti-Erwei\u00adte\u00adrung dank eines Tools mit umfang\u00adrei\u00adchen Funk\u00adtio\u00adnen und trotz\u00addem ein\u00adfa\u00adcher Anwen\u00addung.<\/p>\n\n\n\n<p class=\"has-neve-text-color-color has-text-color has-link-color wp-elements-cbf56da6cc52589a3f1f1ac3957ea91b\">Die <strong>hoch\u00adsi\u00adche\u00adre Domain-Platt\u00adform<\/strong> von Names\u00adhield bie\u00adtet au\u00dfer\u00addem die M\u00f6g\u00adlich\u00adkeit an, Domain\u00adna\u00admen und Mar\u00adken gemein\u00adsam zu ver\u00adwal\u00adten.<\/p>\n<\/div>\n\n\n\n<div class=\"wp-block-column is-layout-flow wp-block-column-is-layout-flow\">\n<p class=\"has-neve-text-color-color has-text-color has-link-color wp-elements-15c71f9aee3a9f8bcc29bac8bbb65a99\">Unse\u00adre Platt\u00adform ist selbst\u00adver\u00adst\u00e4nd\u00adlich hoch\u00adver\u00adf\u00fcg\u00adbar und hoch\u00adgra\u00addig abge\u00adsi\u00adchert:<\/p>\n\n\n\n<p class=\"has-neve-text-color-color has-text-color has-link-color wp-elements-a17d712c51c6ea80e1550735c8d4688f\">\u2022 IP-Fil\u00adte\u00adrung<br>\u2022 Zugriffs\u00adver\u00adwal\u00adtung durch ACL (Access Con\u00adtrol List)<br>\u2022 Stren\u00adge Richt\u00adli\u00adni\u00aden f\u00fcr die Ver\u00adwal\u00adtung von Pass\u00adw\u00f6r\u00adtern<br>\u2022 Log\u00adver\u00adl\u00e4u\u00adfe<br>\u2022 Zwei-Fak\u00adtor-Authen\u00adti\u00adfi\u00adzie\u00adrung<\/p>\n<\/div>\n<\/div>\n<\/div>\n<\/div>\n\n\n\n<div style=\"height:0px\" aria-hidden=\"true\" class=\"wp-block-spacer eplus-7rqQxh eplus-wrapper\"><\/div>\n\n\n\n<p class=\"eplus-uMK0ry eplus-wrapper has-neve-text-color-color has-text-color\">Da wir wis\u00adsen, dass auch unse\u00adre Ver\u00adwal\u00adtungs\u00adplatt\u00adform das Ziel von Angrei\u00adfern wer\u00adden kann, bie\u00adten wir Ihnen gr\u00f6\u00dft\u00adm\u00f6g\u00adli\u00adche Sicher\u00adheit durch eine Zwei-Fak\u00adtor Authen\u00adti\u00adfi\u00adzie\u00adrung.<\/p>\n\n\n<div class=\"wp-block-image eplus-D5ywv6 eplus-wrapper\">\n<figure class=\"aligncenter size-large is-resized\"><img loading=\"lazy\" decoding=\"async\" width=\"1024\" height=\"348\" src=\"https:\/\/www.nameshield.com\/de\/wp-content\/uploads\/sites\/3\/2022\/06\/double-authentification-illustre-allemand-1024x348.png\" alt=\"Nameshield hochsichere Domain-Plattform - Verschl\u00fcsselung Dame mit Schl\u00fcssel vor Handy\" class=\"wp-image-97\" style=\"width:768px;height:261px\" srcset=\"https:\/\/www.nameshield.com\/de\/wp-content\/uploads\/sites\/3\/2022\/06\/double-authentification-illustre-allemand-1024x348.png 1024w, https:\/\/www.nameshield.com\/de\/wp-content\/uploads\/sites\/3\/2022\/06\/double-authentification-illustre-allemand-300x102.png 300w, https:\/\/www.nameshield.com\/de\/wp-content\/uploads\/sites\/3\/2022\/06\/double-authentification-illustre-allemand-768x261.png 768w, https:\/\/www.nameshield.com\/de\/wp-content\/uploads\/sites\/3\/2022\/06\/double-authentification-illustre-allemand-1536x523.png 1536w, https:\/\/www.nameshield.com\/de\/wp-content\/uploads\/sites\/3\/2022\/06\/double-authentification-illustre-allemand.png 1743w\" sizes=\"auto, (max-width: 1024px) 100vw, 1024px\"><\/figure>\n<\/div>\n\n\n<div style=\"height:40px\" aria-hidden=\"true\" class=\"wp-block-spacer eplus-Scerhv eplus-wrapper\"><\/div>\n\n\n\n<p class=\"eplus-2eotgP eplus-wrapper\"><\/p>\n<\/div><\/div>\n\n\n\n<p><\/p>\n\n\n\n<div class=\"wp-block-columns eplus-lJstMF eplus-wrapper is-layout-flex wp-container-core-columns-is-layout-9d6595d7 wp-block-columns-is-layout-flex\">\n<div class=\"wp-block-column eplus-s3J7ge eplus-wrapper is-layout-flow wp-block-column-is-layout-flow\" style=\"flex-basis:50%\">\n<h4 class=\"wp-block-heading eplus-wrapper\">Strenge Richtlinien f\u00fcr Passw\u00f6rter<\/h4>\n\n\n\n<p class=\"eplus-wrapper\">Wir wis\u00adsen au\u00dfer\u00addem, dass zu ein\u00adfa\u00adche Pass\u00adw\u00f6r\u00adter, die auf meh\u00adre\u00adren Inter\u00adfaces ver\u00adwen\u00addet wer\u00adden, eben\u00adfalls h\u00e4u\u00adfig das Ziel von Hacker\u00adan\u00adgrif\u00adfen sind. Eben\u00adso kann die feh\u00adlen\u00adde regel\u00adm\u00e4\u00ad\u00dfi\u00adge Berei\u00adni\u00adgung der Zug\u00e4n\u00adge (Stich\u00adwort: aus\u00adschei\u00adden\u00adde Arbeit\u00adneh\u00admer) eine Risi\u00adko\u00adquel\u00adle dar\u00adstel\u00adlen. Des\u00adhalb ver\u00adfolgt Names\u00adhield eine stren\u00adge Pass\u00adwort\u00adver\u00adwal\u00adtungs\u00adpo\u00adli\u00adtik.<\/p>\n\n\n\n<p class=\"eplus-wrapper\">Im Blog fin\u00adden Sie eine Info\u00adgra\u00adfik, die Ihnen erkl\u00e4rt, wel\u00adche Risi\u00adken durch schlecht gesch\u00fctz\u00adte Zug\u00e4n\u00adge ent\u00adste\u00adhen und wel\u00adche f\u00fcnf Ele\u00admen\u00adte garan\u00adtie\u00adren, dass eine Platt\u00adform h\u00f6chs\u00adte Sicher\u00adheit auf\u00adweist.<\/p>\n\n\n\n<h4 class=\"wp-block-heading eplus-ahXCIE eplus-wrapper\"><strong>HTTPS-Protokoll<\/strong><\/h4>\n\n\n\n<p class=\"eplus-wrapper\">Die hoch\u00adsi\u00adche\u00adre Names\u00adhield-Ver\u00adwal\u00adtungs\u00adplatt\u00adform ver\u00adwen\u00addet das Ver\u00adschl\u00fcs\u00adse\u00adlungs\u00adpro\u00adto\u00adkoll HTTPS (Hyper\u00adText\u00adTrans\u00adfer Pro\u00adto\u00adcol Secu\u00adre), also die Kom\u00adbi\u00adna\u00adti\u00adon von http mit einer zus\u00e4tz\u00adli\u00adchen SSL-Ver\u00adschl\u00fcs\u00adse\u00adlungs\u00adschicht, und zwar schon ab der Zugangs\u00adsei\u00adte.<\/p>\n\n\n\n<p class=\"has-text-align-center has-neve-text-color-color has-nv-light-bg-background-color has-text-color has-background has-link-color wp-elements-d5d5030297eec6108eae777a44d28a41\">Alle News zum The\u00adma Cyber\u00adsi\u00adcher\u00adheit, Domains und Moni\u00adto\u00adring fin\u00adden Sie im Names\u00adhield <a href=\"https:\/\/blog.nameshield.com\/de\/\" target=\"_blank\" rel=\"noreferrer noopener\">blog<\/a>.<\/p>\n<\/div>\n\n\n\n<div class=\"wp-block-column eplus-q4Y0oZ eplus-wrapper is-layout-flow wp-block-column-is-layout-flow\">\n<h4 class=\"wp-block-heading eplus-wrapper\">IP-Filterung<\/h4>\n\n\n\n<p class=\"eplus-wrapper\">F\u00fcr dau\u00ader\u00adhaf\u00adte Nut\u00adzer kann ein IP-Fil\u00adter ein\u00adge\u00adrich\u00adtet wer\u00adden.<\/p>\n\n\n\n<p class=\"eplus-wrapper\">Die Ver\u00adbin\u00addung zur Ver\u00adwal\u00adtungs\u00adschnitt\u00adstel\u00adle erfolgt in einer siche\u00adren Umge\u00adbung (https) \u00fcber Login\/Passwort und wir durch eine IP-Iden\u00adti\u00adfi\u00adka\u00adti\u00adon erg\u00e4nzt. So kann kein Hacker die Zugangs\u00adda\u00adten nut\u00adzen, selbst wenn sie gestoh\u00adlen wur\u00adden, wenn er sich nicht \u00fcber die zuge\u00adwie\u00adse\u00adnen IP ver\u00adbin\u00addet.<\/p>\n\n\n\n<figure class=\"wp-block-image size-large eplus-JtkJ0s eplus-wrapper\"><img decoding=\"async\" src=\"https:\/\/www.nameshield.com\/wp-content\/uploads\/2021\/06\/Login-bro-1024x1024.png\" alt=\"Strenge Richtlinien f\u00fcr Passw\u00f6rter\" class=\"wp-image-4822\"><\/figure>\n<\/div>\n<\/div>\n\n\n\n<hr class=\"wp-block-separator has-alpha-channel-opacity eplus-wrapper\">\n\n\n\n<p class=\"eplus-wrapper\"><a href=\"https:\/\/www.nameshield.com\/de\/cybersicherheit\/dns-bastion\/\">DNS Bas\u00adti\u00adon<\/a><br><a href=\"https:\/\/www.nameshield.com\/de\/cybersicherheit\/dns-premium\/\">DNS Pre\u00admi\u00adum<\/a><br><a href=\"https:\/\/www.nameshield.com\/de\/domainnamen\/domainnamen-management\/\">Manage\u00adment von Domain\u00adna\u00admen<\/a><br><a href=\"https:\/\/www.nameshield.com\/de\/cybersicherheit\/registry-lock\/\">Regis\u00adtry lock<\/a><br><a href=\"https:\/\/www.nameshield.com\/de\/cybersicherheit\/ssl-tls-zertifikate\/\">SSL\/TLS-Zer\u00adti\u00adfi\u00adka\u00adte<\/a><br><a href=\"https:\/\/www.nameshield.com\/de\/nameshield-zertifizierung-iso-27001\/\">Zer\u00adti\u00adfi\u00adzie\u00adrung nach ISO 27001<\/a><\/p>\n","protected":false},"excerpt":{"rendered":"<p>Stren\u00adge Richt\u00adli\u00adni\u00aden f\u00fcr Pass\u00adw\u00f6r\u00adter Wir wis\u00adsen au\u00dfer\u00addem, dass zu ein\u00adfa\u00adche Pass\u00adw\u00f6r\u00adter, die auf meh\u00adre\u00adren Inter\u00adfaces ver\u00adwen\u00addet wer\u00adden, eben\u00adfalls h\u00e4u\u00adfig das Ziel von Hacker\u00adan\u00adgrif\u00adfen sind. Eben\u00adso kann die feh\u00adlen\u00adde regel\u00adm\u00e4\u00ad\u00dfi\u00adge Berei\u00adni\u00adgung der Zug\u00e4n\u00adge (Stich\u00adwort: aus\u00adschei\u00adden\u00adde Arbeit\u00adneh\u00admer) eine Risi\u00adko\u00adquel\u00adle dar\u00adstel\u00adlen. Des\u00adhalb ver\u00adfolgt Names\u00adhield eine stren\u00adge Pass\u00adwort\u00adver\u00adwal\u00adtungs\u00adpo\u00adli\u00adtik. Im Blog fin\u00adden Sie eine Info\u00adgra\u00adfik, die Ihnen erkl\u00e4rt, wel\u00adche Risi\u00adken\u2026&nbsp;<a href=\"https:\/\/www.nameshield.com\/de\/cybersicherheit\/hochsichere-domain-plattform\/\" class rel=\"bookmark\">Wei\u00adter\u00adle\u00adsen \u00bb<span class=\"screen-reader-text\">Hoch\u00adsi\u00adche\u00adre Domain-Platt\u00adform<\/span><\/a><\/p>\n","protected":false},"author":1,"featured_media":0,"parent":60,"menu_order":0,"comment_status":"closed","ping_status":"closed","template":"","meta":{"wp_typography_post_enhancements_disabled":false,"editor_plus_copied_stylings":"{}","_exactmetrics_skip_tracking":false,"_exactmetrics_sitenote_active":false,"_exactmetrics_sitenote_note":"","_exactmetrics_sitenote_category":0,"neve_meta_sidebar":"","neve_meta_container":"","neve_meta_enable_content_width":"on","neve_meta_content_width":100,"neve_meta_title_alignment":"","neve_meta_author_avatar":"","neve_post_elements_order":"","neve_meta_disable_header":"","neve_meta_disable_footer":"","neve_meta_disable_title":"","footnotes":""},"class_list":["post-93","page","type-page","status-publish","hentry"],"yoast_head":"<!-- This site is optimized with the Yoast SEO plugin v27.4 - https:\/\/yoast.com\/product\/yoast-seo-wordpress\/ -->\n<title>Eine hochsichere Domain-Plattform f\u00fcr das Domain Management<\/title>\n<meta name=\"description\" content=\"Nameshield bietet eine hochsichere und funktionale Domain-Plattform f\u00fcr das administrative und technische Management Ihres Domainportfolios.\" \/>\n<meta name=\"robots\" content=\"index, follow, max-snippet:-1, max-image-preview:large, max-video-preview:-1\" \/>\n<link rel=\"canonical\" href=\"https:\/\/www.nameshield.com\/de\/cybersicherheit\/hochsichere-domain-plattform\/\" \/>\n<meta property=\"og:locale\" content=\"de_DE\" \/>\n<meta property=\"og:type\" content=\"article\" \/>\n<meta property=\"og:title\" content=\"Eine hochsichere Domain-Plattform f\u00fcr das Domain Management\" \/>\n<meta property=\"og:description\" content=\"Nameshield bietet eine hochsichere und funktionale Domain-Plattform f\u00fcr das administrative und technische Management Ihres Domainportfolios.\" \/>\n<meta property=\"og:url\" content=\"https:\/\/www.nameshield.com\/de\/cybersicherheit\/hochsichere-domain-plattform\/\" \/>\n<meta property=\"og:site_name\" content=\"Nameshield\" \/>\n<meta property=\"article:modified_time\" content=\"2024-08-29T14:12:20+00:00\" \/>\n<meta property=\"og:image\" content=\"https:\/\/www.nameshield.com\/wp-content\/uploads\/2021\/04\/Domain-names-bro-storyset-demisize.png\" \/>\n<meta name=\"twitter:card\" content=\"summary_large_image\" \/>\n<meta name=\"twitter:label1\" content=\"Gesch\u00e4tzte Lesezeit\" \/>\n\t<meta name=\"twitter:data1\" content=\"3\u00a0Minuten\" \/>\n<script type=\"application\/ld+json\" class=\"yoast-schema-graph\">{\"@context\":\"https:\\\/\\\/schema.org\",\"@graph\":[{\"@type\":\"WebPage\",\"@id\":\"https:\\\/\\\/www.nameshield.com\\\/de\\\/cybersicherheit\\\/hochsichere-domain-plattform\\\/\",\"url\":\"https:\\\/\\\/www.nameshield.com\\\/de\\\/cybersicherheit\\\/hochsichere-domain-plattform\\\/\",\"name\":\"Eine hochsichere Domain-Plattform f\u00fcr das Domain Management\",\"isPartOf\":{\"@id\":\"https:\\\/\\\/www.nameshield.com\\\/de\\\/#website\"},\"primaryImageOfPage\":{\"@id\":\"https:\\\/\\\/www.nameshield.com\\\/de\\\/cybersicherheit\\\/hochsichere-domain-plattform\\\/#primaryimage\"},\"image\":{\"@id\":\"https:\\\/\\\/www.nameshield.com\\\/de\\\/cybersicherheit\\\/hochsichere-domain-plattform\\\/#primaryimage\"},\"thumbnailUrl\":\"https:\\\/\\\/www.nameshield.com\\\/wp-content\\\/uploads\\\/2021\\\/04\\\/Domain-names-bro-storyset-demisize.png\",\"datePublished\":\"2022-06-06T12:51:46+00:00\",\"dateModified\":\"2024-08-29T14:12:20+00:00\",\"description\":\"Nameshield bietet eine hochsichere und funktionale Domain-Plattform f\u00fcr das administrative und technische Management Ihres Domainportfolios.\",\"breadcrumb\":{\"@id\":\"https:\\\/\\\/www.nameshield.com\\\/de\\\/cybersicherheit\\\/hochsichere-domain-plattform\\\/#breadcrumb\"},\"inLanguage\":\"de\",\"potentialAction\":[{\"@type\":\"ReadAction\",\"target\":[\"https:\\\/\\\/www.nameshield.com\\\/de\\\/cybersicherheit\\\/hochsichere-domain-plattform\\\/\"]}]},{\"@type\":\"ImageObject\",\"inLanguage\":\"de\",\"@id\":\"https:\\\/\\\/www.nameshield.com\\\/de\\\/cybersicherheit\\\/hochsichere-domain-plattform\\\/#primaryimage\",\"url\":\"https:\\\/\\\/www.nameshield.com\\\/wp-content\\\/uploads\\\/2021\\\/04\\\/Domain-names-bro-storyset-demisize.png\",\"contentUrl\":\"https:\\\/\\\/www.nameshield.com\\\/wp-content\\\/uploads\\\/2021\\\/04\\\/Domain-names-bro-storyset-demisize.png\"},{\"@type\":\"BreadcrumbList\",\"@id\":\"https:\\\/\\\/www.nameshield.com\\\/de\\\/cybersicherheit\\\/hochsichere-domain-plattform\\\/#breadcrumb\",\"itemListElement\":[{\"@type\":\"ListItem\",\"position\":1,\"name\":\"Accueil\",\"item\":\"https:\\\/\\\/www.nameshield.com\\\/de\\\/\"},{\"@type\":\"ListItem\",\"position\":2,\"name\":\"Cybersicherheit\",\"item\":\"https:\\\/\\\/www.nameshield.com\\\/de\\\/cybersicherheit\\\/\"},{\"@type\":\"ListItem\",\"position\":3,\"name\":\"Hochsichere Domain-Plattform\"}]},{\"@type\":\"WebSite\",\"@id\":\"https:\\\/\\\/www.nameshield.com\\\/de\\\/#website\",\"url\":\"https:\\\/\\\/www.nameshield.com\\\/de\\\/\",\"name\":\"Nameshield\",\"description\":\"Online Assets Security\",\"potentialAction\":[{\"@type\":\"SearchAction\",\"target\":{\"@type\":\"EntryPoint\",\"urlTemplate\":\"https:\\\/\\\/www.nameshield.com\\\/de\\\/?s={search_term_string}\"},\"query-input\":{\"@type\":\"PropertyValueSpecification\",\"valueRequired\":true,\"valueName\":\"search_term_string\"}}],\"inLanguage\":\"de\"}]}<\/script>\n<!-- \/ Yoast SEO plugin. -->","yoast_head_json":{"title":"Eine hochsichere Domain-Plattform f\u00fcr das Domain Management","description":"Nameshield bietet eine hochsichere und funktionale Domain-Plattform f\u00fcr das administrative und technische Management Ihres Domainportfolios.","robots":{"index":"index","follow":"follow","max-snippet":"max-snippet:-1","max-image-preview":"max-image-preview:large","max-video-preview":"max-video-preview:-1"},"canonical":"https:\/\/www.nameshield.com\/de\/cybersicherheit\/hochsichere-domain-plattform\/","og_locale":"de_DE","og_type":"article","og_title":"Eine hochsichere Domain-Plattform f\u00fcr das Domain Management","og_description":"Nameshield bietet eine hochsichere und funktionale Domain-Plattform f\u00fcr das administrative und technische Management Ihres Domainportfolios.","og_url":"https:\/\/www.nameshield.com\/de\/cybersicherheit\/hochsichere-domain-plattform\/","og_site_name":"Nameshield","article_modified_time":"2024-08-29T14:12:20+00:00","og_image":[{"url":"https:\/\/www.nameshield.com\/wp-content\/uploads\/2021\/04\/Domain-names-bro-storyset-demisize.png","type":"","width":"","height":""}],"twitter_card":"summary_large_image","twitter_misc":{"Gesch\u00e4tzte Lesezeit":"3\u00a0Minuten"},"schema":{"@context":"https:\/\/schema.org","@graph":[{"@type":"WebPage","@id":"https:\/\/www.nameshield.com\/de\/cybersicherheit\/hochsichere-domain-plattform\/","url":"https:\/\/www.nameshield.com\/de\/cybersicherheit\/hochsichere-domain-plattform\/","name":"Eine hochsichere Domain-Plattform f\u00fcr das Domain Management","isPartOf":{"@id":"https:\/\/www.nameshield.com\/de\/#website"},"primaryImageOfPage":{"@id":"https:\/\/www.nameshield.com\/de\/cybersicherheit\/hochsichere-domain-plattform\/#primaryimage"},"image":{"@id":"https:\/\/www.nameshield.com\/de\/cybersicherheit\/hochsichere-domain-plattform\/#primaryimage"},"thumbnailUrl":"https:\/\/www.nameshield.com\/wp-content\/uploads\/2021\/04\/Domain-names-bro-storyset-demisize.png","datePublished":"2022-06-06T12:51:46+00:00","dateModified":"2024-08-29T14:12:20+00:00","description":"Nameshield bietet eine hochsichere und funktionale Domain-Plattform f\u00fcr das administrative und technische Management Ihres Domainportfolios.","breadcrumb":{"@id":"https:\/\/www.nameshield.com\/de\/cybersicherheit\/hochsichere-domain-plattform\/#breadcrumb"},"inLanguage":"de","potentialAction":[{"@type":"ReadAction","target":["https:\/\/www.nameshield.com\/de\/cybersicherheit\/hochsichere-domain-plattform\/"]}]},{"@type":"ImageObject","inLanguage":"de","@id":"https:\/\/www.nameshield.com\/de\/cybersicherheit\/hochsichere-domain-plattform\/#primaryimage","url":"https:\/\/www.nameshield.com\/wp-content\/uploads\/2021\/04\/Domain-names-bro-storyset-demisize.png","contentUrl":"https:\/\/www.nameshield.com\/wp-content\/uploads\/2021\/04\/Domain-names-bro-storyset-demisize.png"},{"@type":"BreadcrumbList","@id":"https:\/\/www.nameshield.com\/de\/cybersicherheit\/hochsichere-domain-plattform\/#breadcrumb","itemListElement":[{"@type":"ListItem","position":1,"name":"Accueil","item":"https:\/\/www.nameshield.com\/de\/"},{"@type":"ListItem","position":2,"name":"Cybersicherheit","item":"https:\/\/www.nameshield.com\/de\/cybersicherheit\/"},{"@type":"ListItem","position":3,"name":"Hochsichere Domain-Plattform"}]},{"@type":"WebSite","@id":"https:\/\/www.nameshield.com\/de\/#website","url":"https:\/\/www.nameshield.com\/de\/","name":"Nameshield","description":"Online Assets Security","potentialAction":[{"@type":"SearchAction","target":{"@type":"EntryPoint","urlTemplate":"https:\/\/www.nameshield.com\/de\/?s={search_term_string}"},"query-input":{"@type":"PropertyValueSpecification","valueRequired":true,"valueName":"search_term_string"}}],"inLanguage":"de"}]}},"_links":{"self":[{"href":"https:\/\/www.nameshield.com\/de\/wp-json\/wp\/v2\/pages\/93","targetHints":{"allow":["GET"]}}],"collection":[{"href":"https:\/\/www.nameshield.com\/de\/wp-json\/wp\/v2\/pages"}],"about":[{"href":"https:\/\/www.nameshield.com\/de\/wp-json\/wp\/v2\/types\/page"}],"author":[{"embeddable":true,"href":"https:\/\/www.nameshield.com\/de\/wp-json\/wp\/v2\/users\/1"}],"replies":[{"embeddable":true,"href":"https:\/\/www.nameshield.com\/de\/wp-json\/wp\/v2\/comments?post=93"}],"version-history":[{"count":25,"href":"https:\/\/www.nameshield.com\/de\/wp-json\/wp\/v2\/pages\/93\/revisions"}],"predecessor-version":[{"id":1664,"href":"https:\/\/www.nameshield.com\/de\/wp-json\/wp\/v2\/pages\/93\/revisions\/1664"}],"up":[{"embeddable":true,"href":"https:\/\/www.nameshield.com\/de\/wp-json\/wp\/v2\/pages\/60"}],"wp:attachment":[{"href":"https:\/\/www.nameshield.com\/de\/wp-json\/wp\/v2\/media?parent=93"}],"curies":[{"name":"wp","href":"https:\/\/api.w.org\/{rel}","templated":true}]}}