{"id":87,"date":"2022-06-06T14:22:35","date_gmt":"2022-06-06T12:22:35","guid":{"rendered":"https:\/\/www.nameshield.com\/de\/?page_id=87"},"modified":"2026-01-09T10:31:34","modified_gmt":"2026-01-09T09:31:34","slug":"nameshield-zertifizierung-iso-27001","status":"publish","type":"page","link":"https:\/\/www.nameshield.com\/de\/nameshield-zertifizierung-iso-27001\/","title":{"rendered":"Zertifizierung nach ISO 27001"},"content":{"rendered":"\n<div class=\"eplus-wrapper wp-block-cover alignfull is-light\"><span aria-hidden=\"true\" class=\"wp-block-cover__background has-background-dim-100 has-background-dim has-background-gradient\" style=\"background:linear-gradient(135deg,rgb(255,0,0) 0%,rgb(21,115,191) 100%)\"><\/span><div class=\"wp-block-cover__inner-container is-layout-flow wp-block-cover-is-layout-flow\">\n<div style=\"height:40px\" aria-hidden=\"true\" class=\"eplus-wrapper wp-block-spacer\"><\/div>\n\n\n<div class=\"eplus-wrapper wp-block-columns is-layout-flex wp-container-core-columns-is-layout-9d6595d7 wp-block-columns-is-layout-flex eplus-styles-uid-cf9bd7\">\n<div class=\"eplus-wrapper wp-block-column is-layout-flow wp-block-column-is-layout-flow\">\n<h3 class=\"eplus-wrapper wp-block-heading has-nv-text-dark-bg-color has-text-color\">Nameshield ist der erste franz\u00f6sische Registrar, der seit 2017 nach ISO 27001 f\u00fcr seine T\u00e4tigkeit im Bereich der Verwaltung von Domainnamen-Portfolios, DNS und TLS\/SSL-Zertifikaten zertifiziert ist.<\/h3>\n\n\n\n<p class=\"eplus-wrapper has-nv-text-dark-bg-color has-text-color\">Seit sei\u00adner Gr\u00fcn\u00addung vor fast 30 Jah\u00adren strebt Names\u00adhield danach, sei\u00adnen Kun\u00adden die bes\u00adten Leis\u00adtun\u00adgen unter opti\u00adma\u00adlen Sicher\u00adheits\u00adbe\u00addin\u00adgun\u00adgen zu bie\u00adten. Die ste\u00adti\u00adge Zunah\u00adme der Cyber\u00adkri\u00admi\u00adna\u00adli\u00adt\u00e4t in den letz\u00adten Jah\u00adren hat uns in die\u00adsem Wil\u00adlen nur noch best\u00e4rkt. Daher haben wir uns ent\u00adschlos\u00adsen, allen Kun\u00adden und Part\u00adnern durch die Zer\u00adti\u00adfi\u00adzie\u00adrung nach ISO 27001 noch mehr Sicher\u00adheit zu bie\u00adten.<\/p>\n\n\n\n<p class=\"eplus-wrapper has-nv-light-bg-color has-text-color has-link-color wp-elements-f19381af4069c10974377477ffcb70fc\"><strong>Wir sind stolz dar\u00adauf, im Febru\u00adar 2025 unse\u00adre <a href=\"\/certifications\/Certification-ISO27001_DE.pdf\">Zer\u00adti\u00adfi\u00adzie\u00adrung nach ISO 27001<\/a> erneu\u00adert zu haben.<\/strong><\/p>\n<\/div>\n\n\n\n<div class=\"eplus-wrapper wp-block-column is-layout-flow wp-block-column-is-layout-flow\">\n<figure class=\"eplus-wrapper wp-block-image size-large\"><img decoding=\"async\" src=\"https:\/\/www.nameshield.com\/wp-content\/uploads\/2021\/06\/Certification-bro-bleu-1024x1024.png\" alt=\"Nameshield ist der erste franz\u00f6sische Registrar, der seit 2017 nach ISO 27001 f\u00fcr seine T\u00e4tigkeit im Bereich der Verwaltung von Domainnamen-Portfolios, DNS und TLS\/SSL-Zertifikaten zertifiziert ist.\" class=\"wp-image-4830\"><\/figure>\n<\/div>\n<\/div>\n\n\n<div style=\"height:40px\" aria-hidden=\"true\" class=\"eplus-wrapper wp-block-spacer\"><\/div>\n<\/div><\/div>\n\n\n\n<div style=\"height:63px\" aria-hidden=\"true\" class=\"eplus-wrapper wp-block-spacer\"><\/div>\n\n\n<div class=\"eplus-wrapper wp-block-columns is-layout-flex wp-container-core-columns-is-layout-9d6595d7 wp-block-columns-is-layout-flex eplus-styles-uid-13528c\">\n<div class=\"eplus-wrapper wp-block-column is-layout-flow wp-block-column-is-layout-flow\">\n<p class=\"eplus-wrapper\"><strong>Die durch <a href=\"https:\/\/www.lrqa.com\" target=\"_blank\" rel=\"noreferrer noopener\">LRQA<\/a>, einem welt\u00adweit f\u00fch\u00adren\u00adden Unter\u00adneh\u00admen f\u00fcr die Zer\u00adti\u00adfi\u00adzie\u00adrung von Manage\u00adment\u00adsys\u00adte\u00admen, aus\u00adge\u00adstell\u00adte Zer\u00adti\u00adfi\u00adzie\u00adrung nach ISO 27001 garan\u00adtiert<strong>:<\/strong><\/strong><\/p>\n\n\n<ul class=\"eplus-wrapper wp-block-list eplus-styles-uid-ba5e2a\">\n<li class=\"eplus-wrapper\">Die Ein\u00adbe\u00adzie\u00adhung aller unse\u00adrer Mit\u00adar\u00adbei\u00adter in die kon\u00adti\u00adnu\u00adier\u00adli\u00adche Ver\u00adbes\u00adse\u00adrung unse\u00adrer Sicher\u00adheits\u00adstan\u00addards<\/li>\n\n\n\n<li class=\"eplus-wrapper\">Das Errei\u00adchen unse\u00adrer Sicher\u00adheits\u00adzie\u00adle und die unse\u00adrer Kun\u00adden durch die j\u00e4hr\u00adli\u00adche Ana\u00adly\u00adse und Absi\u00adche\u00adrung der Risi\u00adken nach der Ebi\u00ados-Metho\u00adde<\/li>\n\n\n\n<li class=\"eplus-wrapper\">Schnel\u00adle Inter\u00adven\u00adti\u00adon bei Zwi\u00adschen\u00adf\u00e4l\u00adlen und ste\u00adti\u00adge Ver\u00adbes\u00adse\u00adrung unse\u00adrer Sicher\u00adheit, weil wir jeden Zwi\u00adschen\u00adfall sys\u00adte\u00adma\u00adtisch ana\u00adly\u00adsie\u00adren<\/li>\n\n\n\n<li class=\"eplus-wrapper\">Die Kon\u00adti\u00adnui\u00adt\u00e4t unse\u00adres Ange\u00adbots wird durch kei\u00adner\u00adlei Bedro\u00adhun\u00adgen beein\u00adtr\u00e4ch\u00adtigt, da wir unse\u00adre Akti\u00advi\u00adt\u00e4t aus der Fer\u00adne gew\u00e4hr\u00adleis\u00adten (Fall\u00adback-Web\u00adsite, Tele\u00adar\u00adbeit, red\u00adun\u00addan\u00adte Ser\u00adver\u2026).<\/li>\n<\/ul><\/div>\n\n\n\n<div class=\"eplus-wrapper wp-block-column is-layout-flow wp-block-column-is-layout-flow\">\n<p class=\"eplus-wrapper\"><strong>Infor\u00adma\u00adti\u00adons\u00adsi\u00adcher\u00adheit ist die DNA der Names\u00adhield Group und der Gesamt\u00adheit unse\u00adrer Mit\u00adar\u00adbei\u00adter. Die inter\u00adna\u00adtio\u00adnal aner\u00adkann\u00adte ISO 27001-Zer\u00adti\u00adfi\u00adzie\u00adrung ist ein Beleg daf\u00fcr und garan\u00adtiert Ihnen:<\/strong><\/p>\n\n\n<ul class=\"eplus-wrapper wp-block-list eplus-styles-uid-8fa5d3\">\n<li class=\"eplus-wrapper\">Eine Ver\u00adf\u00fcg\u00adbar\u00adkeits\u00adra\u00adte (Inter\u00adface f\u00fcr die Ver\u00adwal\u00adtung von Domain\u00adna\u00admen und DNS Pre\u00admi\u00adum)<\/li>\n\n\n\n<li class=\"eplus-wrapper\">Regel\u00adm\u00e4\u00ad\u00dfi\u00adge Test zur kon\u00adstan\u00adten Selbst\u00adkon\u00adtrol\u00adle, die uns die Anti\u00adzi\u00adpa\u00adti\u00adon von Sicher\u00adheits\u00advor\u00adf\u00e4l\u00adlen erm\u00f6g\u00adlicht<\/li>\n\n\n\n<li class=\"eplus-wrapper\">Die Sen\u00adsi\u00adbi\u00adli\u00adsie\u00adrung aller Names\u00adhield-Mit\u00adar\u00adbei\u00adter f\u00fcr alle Aspek\u00adte der Infor\u00adma\u00adti\u00adons\u00adsi\u00adcher\u00adheit<\/li>\n\n\n\n<li class=\"eplus-wrapper\">Die Wider\u00adstands- und Leis\u00adtungs\u00adf\u00e4\u00adhig\u00adkeit unse\u00adres Sys\u00adtems<\/li>\n\n\n\n<li class=\"eplus-wrapper\">Die Aus\u00adwer\u00adtung des Feed\u00adbacks, um unse\u00adre Sicher\u00adheit und damit auch die Ihre kon\u00adti\u00adnu\u00adier\u00adlich zu ver\u00adbes\u00adsern.<\/li>\n<\/ul><\/div>\n<\/div>\n\n\n<div style=\"height:63px\" aria-hidden=\"true\" class=\"eplus-wrapper wp-block-spacer\"><\/div>\n\n\n\n<div class=\"eplus-wrapper wp-block-cover alignfull\"><span aria-hidden=\"true\" class=\"wp-block-cover__background has-nv-light-bg-background-color has-background-dim-100 has-background-dim\"><\/span><div class=\"wp-block-cover__inner-container is-layout-flow wp-block-cover-is-layout-flow\">\n<div style=\"height:40px\" aria-hidden=\"true\" class=\"eplus-wrapper wp-block-spacer\"><\/div>\n\n\n\n<h2 class=\"eplus-wrapper wp-block-heading has-neve-text-color-color has-text-color\">Was ist die Zertifizierung nach ISO 27001?<\/h2>\n\n\n\n<div style=\"height:21px\" aria-hidden=\"true\" class=\"eplus-wrapper wp-block-spacer\"><\/div>\n\n\n<div class=\"eplus-wrapper wp-block-columns is-layout-flex wp-container-core-columns-is-layout-9d6595d7 wp-block-columns-is-layout-flex eplus-styles-uid-a7c676\">\n<div class=\"eplus-wrapper wp-block-column is-layout-flow wp-block-column-is-layout-flow\" style=\"flex-basis:66.66%\">\n<p class=\"eplus-wrapper has-neve-text-color-color has-text-color\">ISO 27001 ist eine inter\u00adna\u00adtio\u00adna\u00adle Norm f\u00fcr Infor\u00adma\u00adti\u00adons\u00adsi\u00adcher\u00adheits\u00adma\u00adnage\u00adment\u00adsys\u00adte\u00adme (ISMS).<\/p>\n\n\n\n<p class=\"eplus-wrapper has-neve-text-color-color has-text-color\">Sie schreibt Sicher\u00adheits\u00adma\u00df\u00adnah\u00admen vor, die zum Schutz der sen\u00adsi\u00adblen G\u00fcter eines Unter\u00adneh\u00admens ein\u00adzu\u00adset\u00adzen sind. Sie deckt unse\u00adre gesam\u00adte T\u00e4tig\u00adkeit als Regis\u00adtrar ab. Auf Manage\u00adment\u00adebe\u00adne schreibt die ISO 27001 Norm die Betei\u00adli\u00adgung der Unter\u00adneh\u00admens\u00adlei\u00adtung an der Cyber\u00adab\u00adwehr vor. Par\u00adal\u00adlel dazu \u00fcber\u00adwacht ein Len\u00adkungs\u00adaus\u00adschuss, dass neue Bestim\u00admun\u00adgen dem gel\u00adten\u00adden Stan\u00addard ent\u00adspre\u00adchend umge\u00adsetzt wer\u00adden. <\/p>\n\n\n\n<p class=\"eplus-wrapper has-neve-text-color-color has-text-color\">Eine Zer\u00adti\u00adfi\u00adzie\u00adrung nach ISO 27001 bedeu\u00adtet, dass wir unse\u00adren Kun\u00adden und Part\u00adnern eine Sicher\u00adheit unse\u00adrer Infor\u00adma\u00adti\u00adons\u00adsys\u00adte\u00adme garan\u00adtie\u00adren k\u00f6n\u00adnen, die voll\u00adst\u00e4n\u00addig in jede der von Names\u00adhield ange\u00adbo\u00adte\u00adnen Dienst\u00adleis\u00adtun\u00adgen inte\u00adgriert ist. Die Zer\u00adti\u00adfi\u00adzie\u00adrung best\u00e4\u00adtigt zudem die Kom\u00adpe\u00adtenz der Mit\u00adar\u00adbei\u00adter von Names\u00adhield und ihre beson\u00adde\u00adren Fach\u00adkennt\u00adnis\u00adse im Bereich des Schut\u00adzes kri\u00adti\u00adscher Infor\u00adma\u00adtio\u00adnen. Nicht zuletzt ver\u00adpflich\u00adten wir uns im Rah\u00admen der ISO 27001 zu einem kon\u00adti\u00adnu\u00adier\u00adli\u00adchen Ver\u00adbes\u00adse\u00adrungs\u00adpro\u00adzess.<\/p>\n<\/div>\n\n\n\n<div class=\"eplus-wrapper wp-block-column is-vertically-aligned-bottom is-layout-flow wp-block-column-is-layout-flow\" style=\"flex-basis:33.33%\">\n<figure class=\"eplus-wrapper wp-block-image size-full\"><img loading=\"lazy\" decoding=\"async\" width=\"813\" height=\"877\" src=\"https:\/\/www.nameshield.com\/de\/wp-content\/uploads\/sites\/3\/2026\/01\/ISO-IEC-27001-NB-recadre.jpg\" alt class=\"wp-image-1919\" srcset=\"https:\/\/www.nameshield.com\/de\/wp-content\/uploads\/sites\/3\/2026\/01\/ISO-IEC-27001-NB-recadre.jpg 813w, https:\/\/www.nameshield.com\/de\/wp-content\/uploads\/sites\/3\/2026\/01\/ISO-IEC-27001-NB-recadre-278x300.jpg 278w, https:\/\/www.nameshield.com\/de\/wp-content\/uploads\/sites\/3\/2026\/01\/ISO-IEC-27001-NB-recadre-768x828.jpg 768w\" sizes=\"auto, (max-width: 813px) 100vw, 813px\"><\/figure>\n<\/div>\n<\/div>\n\n\n<div style=\"height:40px\" aria-hidden=\"true\" class=\"eplus-wrapper wp-block-spacer\"><\/div>\n<\/div><\/div>\n","protected":false},"excerpt":{"rendered":"<p>Die durch LRQA, einem welt\u00adweit f\u00fch\u00adren\u00adden Unter\u00adneh\u00admen f\u00fcr die Zer\u00adti\u00adfi\u00adzie\u00adrung von Manage\u00adment\u00adsys\u00adte\u00admen, aus\u00adge\u00adstell\u00adte Zer\u00adti\u00adfi\u00adzie\u00adrung nach ISO 27001 garan\u00adtiert: Infor\u00adma\u00adti\u00adons\u00adsi\u00adcher\u00adheit ist die DNA der Names\u00adhield Group und der Gesamt\u00adheit unse\u00adrer Mit\u00adar\u00adbei\u00adter. Die inter\u00adna\u00adtio\u00adnal aner\u00adkann\u00adte ISO 27001-Zer\u00ad\u00adti\u00ad\u00adfi\u00ad\u00adzie\u00adrung ist ein Beleg daf\u00fcr und garan\u00adtiert Ihnen:<\/p>\n","protected":false},"author":1,"featured_media":0,"parent":0,"menu_order":0,"comment_status":"closed","ping_status":"closed","template":"","meta":{"wp_typography_post_enhancements_disabled":false,"editor_plus_copied_stylings":"{}","_exactmetrics_skip_tracking":false,"_exactmetrics_sitenote_active":false,"_exactmetrics_sitenote_note":"","_exactmetrics_sitenote_category":0,"neve_meta_sidebar":"","neve_meta_container":"","neve_meta_enable_content_width":"on","neve_meta_content_width":100,"neve_meta_title_alignment":"","neve_meta_author_avatar":"","neve_post_elements_order":"","neve_meta_disable_header":"","neve_meta_disable_footer":"","neve_meta_disable_title":"","footnotes":""},"class_list":["post-87","page","type-page","status-publish","hentry"],"yoast_head":"<!-- This site is optimized with the Yoast SEO plugin v27.5 - https:\/\/yoast.com\/product\/yoast-seo-wordpress\/ -->\n<title>Zertifizierung nach ISO 27001 - Nameshield<\/title>\n<meta name=\"robots\" content=\"index, follow, max-snippet:-1, max-image-preview:large, max-video-preview:-1\" \/>\n<link rel=\"canonical\" href=\"https:\/\/www.nameshield.com\/de\/nameshield-zertifizierung-iso-27001\/\" \/>\n<meta property=\"og:locale\" content=\"de_DE\" \/>\n<meta property=\"og:type\" content=\"article\" \/>\n<meta property=\"og:title\" content=\"Zertifizierung nach ISO 27001 - Nameshield\" \/>\n<meta property=\"og:description\" content=\"Die durch LRQA, einem welt\u00adweit f\u00fch\u00adren\u00adden Unter\u00adneh\u00admen f\u00fcr die Zer\u00adti\u00adfi\u00adzie\u00adrung von Manage\u00adment\u00adsys\u00adte\u00admen, aus\u00adge\u00adstell\u00adte Zer\u00adti\u00adfi\u00adzie\u00adrung nach ISO 27001 garan\u00adtiert: Infor\u00adma\u00adti\u00adons\u00adsi\u00adcher\u00adheit ist die DNA der Names\u00adhield Group und der Gesamt\u00adheit unse\u00adrer Mit\u00adar\u00adbei\u00adter. Die inter\u00adna\u00adtio\u00adnal aner\u00adkann\u00adte ISO 27001-Zer\u00adti\u00adfi\u00adzie\u00adrung ist ein Beleg daf\u00fcr und garan\u00adtiert Ihnen:\" \/>\n<meta property=\"og:url\" content=\"https:\/\/www.nameshield.com\/de\/nameshield-zertifizierung-iso-27001\/\" \/>\n<meta property=\"og:site_name\" content=\"Nameshield\" \/>\n<meta property=\"article:modified_time\" content=\"2026-01-09T09:31:34+00:00\" \/>\n<meta name=\"twitter:card\" content=\"summary_large_image\" \/>\n<meta name=\"twitter:label1\" content=\"Gesch\u00e4tzte Lesezeit\" \/>\n\t<meta name=\"twitter:data1\" content=\"3\u00a0Minuten\" \/>\n<script type=\"application\/ld+json\" class=\"yoast-schema-graph\">{\"@context\":\"https:\\\/\\\/schema.org\",\"@graph\":[{\"@type\":\"WebPage\",\"@id\":\"https:\\\/\\\/www.nameshield.com\\\/de\\\/nameshield-zertifizierung-iso-27001\\\/\",\"url\":\"https:\\\/\\\/www.nameshield.com\\\/de\\\/nameshield-zertifizierung-iso-27001\\\/\",\"name\":\"Zertifizierung nach ISO 27001 - Nameshield\",\"isPartOf\":{\"@id\":\"https:\\\/\\\/www.nameshield.com\\\/de\\\/#website\"},\"primaryImageOfPage\":{\"@id\":\"https:\\\/\\\/www.nameshield.com\\\/de\\\/nameshield-zertifizierung-iso-27001\\\/#primaryimage\"},\"image\":{\"@id\":\"https:\\\/\\\/www.nameshield.com\\\/de\\\/nameshield-zertifizierung-iso-27001\\\/#primaryimage\"},\"thumbnailUrl\":\"https:\\\/\\\/www.nameshield.com\\\/wp-content\\\/uploads\\\/2021\\\/06\\\/Certification-bro-bleu-1024x1024.png\",\"datePublished\":\"2022-06-06T12:22:35+00:00\",\"dateModified\":\"2026-01-09T09:31:34+00:00\",\"breadcrumb\":{\"@id\":\"https:\\\/\\\/www.nameshield.com\\\/de\\\/nameshield-zertifizierung-iso-27001\\\/#breadcrumb\"},\"inLanguage\":\"de\",\"potentialAction\":[{\"@type\":\"ReadAction\",\"target\":[\"https:\\\/\\\/www.nameshield.com\\\/de\\\/nameshield-zertifizierung-iso-27001\\\/\"]}]},{\"@type\":\"ImageObject\",\"inLanguage\":\"de\",\"@id\":\"https:\\\/\\\/www.nameshield.com\\\/de\\\/nameshield-zertifizierung-iso-27001\\\/#primaryimage\",\"url\":\"https:\\\/\\\/www.nameshield.com\\\/wp-content\\\/uploads\\\/2021\\\/06\\\/Certification-bro-bleu-1024x1024.png\",\"contentUrl\":\"https:\\\/\\\/www.nameshield.com\\\/wp-content\\\/uploads\\\/2021\\\/06\\\/Certification-bro-bleu-1024x1024.png\"},{\"@type\":\"BreadcrumbList\",\"@id\":\"https:\\\/\\\/www.nameshield.com\\\/de\\\/nameshield-zertifizierung-iso-27001\\\/#breadcrumb\",\"itemListElement\":[{\"@type\":\"ListItem\",\"position\":1,\"name\":\"Accueil\",\"item\":\"https:\\\/\\\/www.nameshield.com\\\/de\\\/\"},{\"@type\":\"ListItem\",\"position\":2,\"name\":\"Zertifizierung nach ISO 27001\"}]},{\"@type\":\"WebSite\",\"@id\":\"https:\\\/\\\/www.nameshield.com\\\/de\\\/#website\",\"url\":\"https:\\\/\\\/www.nameshield.com\\\/de\\\/\",\"name\":\"Nameshield\",\"description\":\"Online Assets Security\",\"potentialAction\":[{\"@type\":\"SearchAction\",\"target\":{\"@type\":\"EntryPoint\",\"urlTemplate\":\"https:\\\/\\\/www.nameshield.com\\\/de\\\/?s={search_term_string}\"},\"query-input\":{\"@type\":\"PropertyValueSpecification\",\"valueRequired\":true,\"valueName\":\"search_term_string\"}}],\"inLanguage\":\"de\"}]}<\/script>\n<!-- \/ Yoast SEO plugin. -->","yoast_head_json":{"title":"Zertifizierung nach ISO 27001 - Nameshield","robots":{"index":"index","follow":"follow","max-snippet":"max-snippet:-1","max-image-preview":"max-image-preview:large","max-video-preview":"max-video-preview:-1"},"canonical":"https:\/\/www.nameshield.com\/de\/nameshield-zertifizierung-iso-27001\/","og_locale":"de_DE","og_type":"article","og_title":"Zertifizierung nach ISO 27001 - Nameshield","og_description":"Die durch LRQA, einem welt\u00adweit f\u00fch\u00adren\u00adden Unter\u00adneh\u00admen f\u00fcr die Zer\u00adti\u00adfi\u00adzie\u00adrung von Manage\u00adment\u00adsys\u00adte\u00admen, aus\u00adge\u00adstell\u00adte Zer\u00adti\u00adfi\u00adzie\u00adrung nach ISO 27001 garan\u00adtiert: Infor\u00adma\u00adti\u00adons\u00adsi\u00adcher\u00adheit ist die DNA der Names\u00adhield Group und der Gesamt\u00adheit unse\u00adrer Mit\u00adar\u00adbei\u00adter. Die inter\u00adna\u00adtio\u00adnal aner\u00adkann\u00adte ISO 27001-Zer\u00adti\u00adfi\u00adzie\u00adrung ist ein Beleg daf\u00fcr und garan\u00adtiert Ihnen:","og_url":"https:\/\/www.nameshield.com\/de\/nameshield-zertifizierung-iso-27001\/","og_site_name":"Nameshield","article_modified_time":"2026-01-09T09:31:34+00:00","twitter_card":"summary_large_image","twitter_misc":{"Gesch\u00e4tzte Lesezeit":"3\u00a0Minuten"},"schema":{"@context":"https:\/\/schema.org","@graph":[{"@type":"WebPage","@id":"https:\/\/www.nameshield.com\/de\/nameshield-zertifizierung-iso-27001\/","url":"https:\/\/www.nameshield.com\/de\/nameshield-zertifizierung-iso-27001\/","name":"Zertifizierung nach ISO 27001 - Nameshield","isPartOf":{"@id":"https:\/\/www.nameshield.com\/de\/#website"},"primaryImageOfPage":{"@id":"https:\/\/www.nameshield.com\/de\/nameshield-zertifizierung-iso-27001\/#primaryimage"},"image":{"@id":"https:\/\/www.nameshield.com\/de\/nameshield-zertifizierung-iso-27001\/#primaryimage"},"thumbnailUrl":"https:\/\/www.nameshield.com\/wp-content\/uploads\/2021\/06\/Certification-bro-bleu-1024x1024.png","datePublished":"2022-06-06T12:22:35+00:00","dateModified":"2026-01-09T09:31:34+00:00","breadcrumb":{"@id":"https:\/\/www.nameshield.com\/de\/nameshield-zertifizierung-iso-27001\/#breadcrumb"},"inLanguage":"de","potentialAction":[{"@type":"ReadAction","target":["https:\/\/www.nameshield.com\/de\/nameshield-zertifizierung-iso-27001\/"]}]},{"@type":"ImageObject","inLanguage":"de","@id":"https:\/\/www.nameshield.com\/de\/nameshield-zertifizierung-iso-27001\/#primaryimage","url":"https:\/\/www.nameshield.com\/wp-content\/uploads\/2021\/06\/Certification-bro-bleu-1024x1024.png","contentUrl":"https:\/\/www.nameshield.com\/wp-content\/uploads\/2021\/06\/Certification-bro-bleu-1024x1024.png"},{"@type":"BreadcrumbList","@id":"https:\/\/www.nameshield.com\/de\/nameshield-zertifizierung-iso-27001\/#breadcrumb","itemListElement":[{"@type":"ListItem","position":1,"name":"Accueil","item":"https:\/\/www.nameshield.com\/de\/"},{"@type":"ListItem","position":2,"name":"Zertifizierung nach ISO 27001"}]},{"@type":"WebSite","@id":"https:\/\/www.nameshield.com\/de\/#website","url":"https:\/\/www.nameshield.com\/de\/","name":"Nameshield","description":"Online Assets Security","potentialAction":[{"@type":"SearchAction","target":{"@type":"EntryPoint","urlTemplate":"https:\/\/www.nameshield.com\/de\/?s={search_term_string}"},"query-input":{"@type":"PropertyValueSpecification","valueRequired":true,"valueName":"search_term_string"}}],"inLanguage":"de"}]}},"_links":{"self":[{"href":"https:\/\/www.nameshield.com\/de\/wp-json\/wp\/v2\/pages\/87","targetHints":{"allow":["GET"]}}],"collection":[{"href":"https:\/\/www.nameshield.com\/de\/wp-json\/wp\/v2\/pages"}],"about":[{"href":"https:\/\/www.nameshield.com\/de\/wp-json\/wp\/v2\/types\/page"}],"author":[{"embeddable":true,"href":"https:\/\/www.nameshield.com\/de\/wp-json\/wp\/v2\/users\/1"}],"replies":[{"embeddable":true,"href":"https:\/\/www.nameshield.com\/de\/wp-json\/wp\/v2\/comments?post=87"}],"version-history":[{"count":22,"href":"https:\/\/www.nameshield.com\/de\/wp-json\/wp\/v2\/pages\/87\/revisions"}],"predecessor-version":[{"id":1921,"href":"https:\/\/www.nameshield.com\/de\/wp-json\/wp\/v2\/pages\/87\/revisions\/1921"}],"wp:attachment":[{"href":"https:\/\/www.nameshield.com\/de\/wp-json\/wp\/v2\/media?parent=87"}],"curies":[{"name":"wp","href":"https:\/\/api.w.org\/{rel}","templated":true}]}}