{"id":60,"date":"2022-06-06T11:42:07","date_gmt":"2022-06-06T09:42:07","guid":{"rendered":"https:\/\/www.nameshield.com\/de\/?page_id=60"},"modified":"2024-08-28T15:50:53","modified_gmt":"2024-08-28T13:50:53","slug":"cybersicherheit","status":"publish","type":"page","link":"https:\/\/www.nameshield.com\/de\/cybersicherheit\/","title":{"rendered":"Cybersicherheit"},"content":{"rendered":"\n<div class=\"wp-block-cover alignfull eplus-YehxgT eplus-wrapper\"><span aria-hidden=\"true\" class=\"wp-block-cover__background has-nv-light-bg-background-color has-background-dim-100 has-background-dim\"><\/span><div class=\"wp-block-cover__inner-container is-layout-flow wp-block-cover-is-layout-flow\">\n<div style=\"height:40px\" aria-hidden=\"true\" class=\"wp-block-spacer eplus-6nRbEH eplus-wrapper\"><\/div>\n\n\n\n<div class=\"wp-block-columns eplus-qQFG1q eplus-wrapper is-layout-flex wp-container-core-columns-is-layout-9d6595d7 wp-block-columns-is-layout-flex\">\n<div class=\"wp-block-column eplus-b0sjfS eplus-wrapper is-layout-flow wp-block-column-is-layout-flow\">\n<h2 class=\"wp-block-heading eplus-3rELiR eplus-wrapper has-neve-text-color-color has-text-color\">In einer sich st\u00e4ndig wandelnden digitalen Welt ist eine ausgearbeitete Cybersicherheitsstrategie von entscheidender Bedeutung f\u00fcr Ihre strategischen Domainnamen.<\/h2>\n\n\n\n<p class=\"has-drop-cap eplus-UGqm2F eplus-wrapper has-neve-text-color-color has-text-color\">Wir beob\u00adach\u00adten, dass H\u00e4u\u00adfig\u00adkeit, Inten\u00adsi\u00adt\u00e4t und Kom\u00adple\u00adxi\u00adt\u00e4t von Angrif\u00adfen st\u00e4n\u00addig zuneh\u00admen. Im Kampf gegen Cyber\u00adkri\u00admi\u00adna\u00adli\u00adt\u00e4t ist heut\u00adzu\u00adta\u00adge eine schlag\u00adkr\u00e4f\u00adti\u00adge Cyber\u00adsi\u00adcher\u00adheits\u00adstra\u00adte\u00adgie n\u00f6tig. Nur so kann das eige\u00adne digi\u00adta\u00adle Hoheits\u00adge\u00adbiet \u2013 letzt\u00adend\u00adlich die Basis Ihres Gesch\u00e4fts\u00ader\u00adfolgs \u2013 dau\u00ader\u00adhaft und wirk\u00adsam gesch\u00fctzt wer\u00adden.<\/p>\n\n\n\n<p class=\"eplus-wrapper has-neve-text-color-color has-text-color has-link-color wp-elements-3c01f08bc22f9cba1134835b3f1bcbd3\">Je st\u00e4r\u00adker ein Gesch\u00e4fts\u00admo\u00addell auf dem Inter\u00adnet basiert, des\u00adto wert\u00advol\u00adler wer\u00adden Domain\u00adna\u00admen. St\u00f6\u00adrun\u00adgen, Fehl\u00adkon\u00adfi\u00adgu\u00adra\u00adtio\u00adnen oder der Ver\u00adlust eines Domain\u00adna\u00admens k\u00f6n\u00adnen ernst\u00adhaf\u00adte Aus\u00adwir\u00adkun\u00adgen auf das Unter\u00adneh\u00admen und sei\u00adnen Ruf haben \u2011sowohl online als auch off\u00adline. Wir bie\u00adten ihnen wirk\u00adsa\u00adme L\u00f6sun\u00adgen f\u00fcr die Ver\u00adrin\u00adge\u00adrung des Risi\u00adkos von Cyber\u00adan\u00adgrif\u00adfen und den opti\u00adma\u00adlen Schutz ihrer Domain\u00adna\u00admen.<\/p>\n<\/div>\n\n\n\n<div class=\"wp-block-column eplus-BOHkEx eplus-wrapper is-layout-flow wp-block-column-is-layout-flow\">\n<figure class=\"wp-block-image size-large eplus-wErK3k eplus-wrapper\"><img decoding=\"async\" src=\"https:\/\/www.nameshield.com\/wp-content\/uploads\/2021\/04\/Security-On-bro-red-Storyset-demisize.png\" alt=\"Cybersicherheit - Cybersicherheit Computer Bodyguards\" class=\"wp-image-4339\"><\/figure>\n<\/div>\n<\/div>\n\n\n\n<div style=\"height:40px\" aria-hidden=\"true\" class=\"wp-block-spacer eplus-TKbFof eplus-wrapper\"><\/div>\n<\/div><\/div>\n\n\n\n<div style=\"height:40px\" aria-hidden=\"true\" class=\"wp-block-spacer eplus-IZaFo7 eplus-wrapper\"><\/div>\n\n\n\n<div class=\"wp-block-columns eplus-ziPJLx eplus-wrapper is-layout-flex wp-container-core-columns-is-layout-9d6595d7 wp-block-columns-is-layout-flex\">\n<div class=\"wp-block-column eplus-qkhBpb eplus-wrapper is-layout-flow wp-block-column-is-layout-flow\" style=\"flex-basis:50%\">\n<h3 class=\"wp-block-heading has-text-align-center eplus-FVC9sK eplus-wrapper\"><strong><a href=\"https:\/\/www.nameshield.com\/de\/dns-premium\/\" target=\"_blank\" rel=\"noreferrer noopener\">DNS Premium<\/a><\/strong><\/h3>\n\n\n\n<p class=\"has-text-align-center eplus-naLjyv eplus-wrapper\">Sch\u00fct\u00adzen Sie Ihre DNS vor Cyber\u00adan\u00adgrif\u00adfen und ver\u00admei\u00adden Sie Ser\u00advice\u00adaus\u00adf\u00e4l\u00adle dank der DNS-Infra\u00adstruk\u00adtur Any\u00adcast und des DDoS-Fil\u00adters. Nut\u00adzen Sie au\u00dfer\u00addem das ver\u00adf\u00fcg\u00adba\u00adre Opti\u00admie\u00adrungs\u00adpo\u00adten\u00adzi\u00adal von DNS\u00adSEC, Fail\u00adover, <a href=\"https:\/\/www.nameshield.com\/de\/glossar\/geoip\/\">GeoIP<\/a>.<\/p>\n<\/div>\n\n\n\n<div class=\"wp-block-column eplus-USoAUD eplus-wrapper is-layout-flow wp-block-column-is-layout-flow\" style=\"flex-basis:50%\">\n<h3 class=\"wp-block-heading has-text-align-center eplus-e7SVzM eplus-wrapper\"><strong><a href=\"https:\/\/www.nameshield.com\/de\/registry-lock\/\" target=\"_blank\" rel=\"noreferrer noopener\">Registry Lock<\/a><\/strong><\/h3>\n\n\n\n<p class=\"has-text-align-center eplus-e0xbbt eplus-wrapper\">Sichern Sie Ihre Domain\u00adna\u00admen gegen alle Risi\u00adken des admi\u00adnis\u00adtra\u00adti\u00adven und tech\u00adni\u00adschen Miss\u00adbrauchs dank eines Sperr- und Authen\u00adti\u00adfi\u00adzie\u00adrungs\u00adsys\u00adtems in der Regis\u00adtry.<\/p>\n<\/div>\n<\/div>\n\n\n\n<div style=\"height:40px\" aria-hidden=\"true\" class=\"wp-block-spacer eplus-GLtLr5 eplus-wrapper\"><\/div>\n\n\n\n<div class=\"wp-block-cover alignfull eplus-07a4nh eplus-wrapper\"><span aria-hidden=\"true\" class=\"wp-block-cover__background has-nv-light-bg-background-color has-background-dim-100 has-background-dim\"><\/span><div class=\"wp-block-cover__inner-container is-layout-flow wp-block-cover-is-layout-flow\">\n<div style=\"height:40px\" aria-hidden=\"true\" class=\"wp-block-spacer eplus-E5szms eplus-wrapper\"><\/div>\n\n\n\n<div class=\"wp-block-columns eplus-Issyfv eplus-wrapper is-layout-flex wp-container-core-columns-is-layout-9d6595d7 wp-block-columns-is-layout-flex\">\n<div class=\"wp-block-column eplus-uwnVmo eplus-wrapper is-layout-flow wp-block-column-is-layout-flow\">\n<h3 class=\"wp-block-heading has-text-align-center eplus-WSSXUj eplus-wrapper\"><strong><a href=\"https:\/\/www.nameshield.com\/de\/ssl-tls-zertifikate\/\" target=\"_blank\" rel=\"noreferrer noopener\">SSL-Zertifikate<\/a><\/strong> <\/h3>\n\n\n\n<p class=\"has-text-align-center eplus-BIGwOp eplus-wrapper has-neve-text-color-color has-text-color\">Sichern Sie die Authen\u00adti\u00adzi\u00adt\u00e4t und Inte\u00adgri\u00adt\u00e4t Ihrer Daten mit der Instal\u00adla\u00adti\u00adon eines SSL-Zer\u00adti\u00adfi\u00adkats. Names\u00adhield stellt Ihnen aus\u00adschlie\u00df\u00adlich Zer\u00adti\u00adfi\u00adka\u00adte nam\u00adhaf\u00adter Anbie\u00adter zur Ver\u00adf\u00fc\u00adgung.<\/p>\n<\/div>\n\n\n\n<div class=\"wp-block-column eplus-gWsneo eplus-wrapper is-layout-flow wp-block-column-is-layout-flow\">\n<h3 class=\"wp-block-heading has-text-align-center eplus-LN7K63 eplus-wrapper has-neve-text-color-color has-text-color has-link-color wp-elements-0e305281657c40043f904767e864d8a4\"><strong><a href=\"https:\/\/www.nameshield.com\/de\/cybersicherheit\/hochsichere-domain-plattform\/\">Hochsichere Domain-Plattform<\/a><\/strong><\/h3>\n\n\n\n<p class=\"has-text-align-center eplus-OjD3Wm eplus-wrapper has-neve-text-color-color has-text-color\">Eine opti\u00adma\u00adle Cyber\u00adsi\u00adcher\u00adheits\u00adstra\u00adte\u00adgie braucht zwangs\u00adl\u00e4u\u00adfig gesch\u00fctz\u00adte Sys\u00adte\u00adme. Names\u00adhield stellt Ihnen eine hoch\u00adsi\u00adche\u00adre und hoch\u00adver\u00adf\u00fcg\u00adba\u00adre Ver\u00adwal\u00adtungs\u00adplatt\u00adform zur Ver\u00adf\u00fc\u00adgung.<\/p>\n<\/div>\n<\/div>\n\n\n\n<div style=\"height:40px\" aria-hidden=\"true\" class=\"wp-block-spacer eplus-2E8899 eplus-wrapper\"><\/div>\n<\/div><\/div>\n\n\n\n<div style=\"height:40px\" aria-hidden=\"true\" class=\"wp-block-spacer eplus-KzHlHS eplus-wrapper\"><\/div>\n\n\n\n<div class=\"wp-block-columns eplus-65Nlg6 eplus-wrapper is-layout-flex wp-container-core-columns-is-layout-9d6595d7 wp-block-columns-is-layout-flex\">\n<div class=\"wp-block-column eplus-jloTzx eplus-wrapper is-layout-flow wp-block-column-is-layout-flow\">\n<p class=\"eplus-wrapper\">Um noch einen Schritt wei\u00adter zu gehen und Ihnen die h\u00f6chs\u00adten Stan\u00addards der <em><strong>Cyber\u00adsi\u00adcher\u00adheit<\/strong><\/em> zu garan\u00adtie\u00adren, folgt Names\u00adhield den Emp\u00adfeh\u00adlun\u00adgen der ANS\u00adSI (fran\u00adz\u00f6\u00adsi\u00adsche Ent\u00adspre\u00adchung des BSI) und \u00fcber\u00adtrifft die\u00adse sogar.<br>Die von LRQA, dem welt\u00adweit f\u00fch\u00adren\u00adden Anbie\u00adter f\u00fcr Zer\u00adti\u00adfi\u00adzie\u00adrun\u00adgen von Manage\u00adment\u00adsys\u00adte\u00admen, aus\u00adge\u00adstell\u00adte Zer\u00adti\u00adfi\u00adzie\u00adrung nach ISO 27001 ist ein kla\u00adrer Beweis f\u00fcr die hohen Anfor\u00adde\u00adrun\u00adgen, die Names\u00adhield an die Sicher\u00adheit sei\u00adner Infra\u00adstruk\u00adtur stellt.<\/p>\n\n\n\n<p class=\"eplus-dyKcuB eplus-wrapper has-neve-text-color-color has-text-color\"><br><\/p>\n<\/div>\n\n\n\n<div class=\"wp-block-column eplus-smf1LN eplus-wrapper is-layout-flow wp-block-column-is-layout-flow\">\n<p class=\"has-text-align-center eplus-wrapper\"><strong>Alle News zum The\u00adma Cyber\u00adsi\u00adcher\u00adheit<br>fin\u00adden Sie im <a href=\"https:\/\/blog.nameshield.com\/de\/\">Names\u00adhield Blog<\/a><\/strong><\/p>\n<\/div>\n<\/div>\n\n\n\n<hr class=\"wp-block-separator has-alpha-channel-opacity eplus-wrapper\">\n\n\n\n<p class=\"eplus-wrapper\"><a href=\"https:\/\/www.nameshield.com\/de\/cybersicherheit\/dns-bastion\/\">DNS Bas\u00adti\u00adon<\/a><br><a href=\"https:\/\/www.nameshield.com\/de\/cybersicherheit\/dns-premium\/\">DNS Pre\u00admi\u00adum<\/a><br><a href=\"https:\/\/www.nameshield.com\/de\/cybersicherheit\/registry-lock\/\">Regis\u00adtry lock<\/a><br><a href=\"https:\/\/www.nameshield.com\/de\/cybersicherheit\/ssl-tls-zertifikate\/\">SSL\/TLS-Zer\u00adti\u00adfi\u00adka\u00adte<\/a><br><a href=\"https:\/\/www.nameshield.com\/de\/cybersicherheit\/dmarc\/\">DMARC<\/a><br><a href=\"https:\/\/www.nameshield.com\/de\/cybersicherheit\/hochsichere-domain-plattform\/\">Hoch\u00adsi\u00adche\u00adre Domain-Platt\u00adform<\/a><br><a href=\"https:\/\/www.nameshield.com\/de\/nameshield-zertifizierung-iso-27001\/\">Zer\u00adti\u00adfi\u00adzie\u00adrung nach ISO 27001<\/a><\/p>\n","protected":false},"excerpt":{"rendered":"<p>DNS Pre\u00admi\u00adum Sch\u00fct\u00adzen Sie Ihre DNS vor Cyber\u00adan\u00adgrif\u00adfen und ver\u00admei\u00adden Sie Ser\u00advice\u00adaus\u00adf\u00e4l\u00adle dank der DNS-Infra\u00ad\u00adstruk\u00ad\u00adtur Any\u00adcast und des DDoS-Fil\u00ad\u00adters. Nut\u00adzen Sie au\u00dfer\u00addem das ver\u00adf\u00fcg\u00adba\u00adre Opti\u00admie\u00adrungs\u00adpo\u00adten\u00adzi\u00adal von DNS\u00adSEC, Fail\u00adover, GeoIP. Regis\u00adtry Lock Sichern Sie Ihre Domain\u00adna\u00admen gegen alle Risi\u00adken des admi\u00adnis\u00adtra\u00adti\u00adven und tech\u00adni\u00adschen Miss\u00adbrauchs dank eines Sperr- und Authen\u00adti\u00adfi\u00adzie\u00adrungs\u00adsys\u00adtems in der Regis\u00adtry. Um noch einen Schritt\u2026&nbsp;<a href=\"https:\/\/www.nameshield.com\/de\/cybersicherheit\/\" class rel=\"bookmark\">Wei\u00adter\u00adle\u00adsen \u00bb<span class=\"screen-reader-text\">Cyber\u00adsi\u00adcher\u00adheit<\/span><\/a><\/p>\n","protected":false},"author":1,"featured_media":0,"parent":0,"menu_order":0,"comment_status":"closed","ping_status":"closed","template":"","meta":{"wp_typography_post_enhancements_disabled":false,"editor_plus_copied_stylings":"{}","_exactmetrics_skip_tracking":false,"_exactmetrics_sitenote_active":false,"_exactmetrics_sitenote_note":"","_exactmetrics_sitenote_category":0,"neve_meta_sidebar":"","neve_meta_container":"","neve_meta_enable_content_width":"on","neve_meta_content_width":100,"neve_meta_title_alignment":"","neve_meta_author_avatar":"","neve_post_elements_order":"","neve_meta_disable_header":"","neve_meta_disable_footer":"","neve_meta_disable_title":"","footnotes":""},"class_list":["post-60","page","type-page","status-publish","hentry"],"yoast_head":"<!-- This site is optimized with the Yoast SEO plugin v27.5 - https:\/\/yoast.com\/product\/yoast-seo-wordpress\/ -->\n<title>L\u00f6sungen f\u00fcr Ihre Cybersicherheit<\/title>\n<meta name=\"description\" content=\"Nameshield steht f\u00fcr Cybersicherheit und bietet L\u00f6sungen f\u00fcr die Risikoverringerung von Cyberangriffen und den Schutz Ihrer Domainnamen.\" \/>\n<meta name=\"robots\" content=\"index, follow, max-snippet:-1, max-image-preview:large, max-video-preview:-1\" \/>\n<link rel=\"canonical\" href=\"https:\/\/www.nameshield.com\/de\/cybersicherheit\/\" \/>\n<meta property=\"og:locale\" content=\"de_DE\" \/>\n<meta property=\"og:type\" content=\"article\" \/>\n<meta property=\"og:title\" content=\"L\u00f6sungen f\u00fcr Ihre Cybersicherheit\" \/>\n<meta property=\"og:description\" content=\"Nameshield steht f\u00fcr Cybersicherheit und bietet L\u00f6sungen f\u00fcr die Risikoverringerung von Cyberangriffen und den Schutz Ihrer Domainnamen.\" \/>\n<meta property=\"og:url\" content=\"https:\/\/www.nameshield.com\/de\/cybersicherheit\/\" \/>\n<meta property=\"og:site_name\" content=\"Nameshield\" \/>\n<meta property=\"article:modified_time\" content=\"2024-08-28T13:50:53+00:00\" \/>\n<meta property=\"og:image\" content=\"https:\/\/www.nameshield.com\/wp-content\/uploads\/2021\/04\/Security-On-bro-red-Storyset-demisize.png\" \/>\n<meta name=\"twitter:card\" content=\"summary_large_image\" \/>\n<meta name=\"twitter:label1\" content=\"Gesch\u00e4tzte Lesezeit\" \/>\n\t<meta name=\"twitter:data1\" content=\"2\u00a0Minuten\" \/>\n<script type=\"application\/ld+json\" class=\"yoast-schema-graph\">{\"@context\":\"https:\\\/\\\/schema.org\",\"@graph\":[{\"@type\":\"WebPage\",\"@id\":\"https:\\\/\\\/www.nameshield.com\\\/de\\\/cybersicherheit\\\/\",\"url\":\"https:\\\/\\\/www.nameshield.com\\\/de\\\/cybersicherheit\\\/\",\"name\":\"L\u00f6sungen f\u00fcr Ihre Cybersicherheit\",\"isPartOf\":{\"@id\":\"https:\\\/\\\/www.nameshield.com\\\/de\\\/#website\"},\"primaryImageOfPage\":{\"@id\":\"https:\\\/\\\/www.nameshield.com\\\/de\\\/cybersicherheit\\\/#primaryimage\"},\"image\":{\"@id\":\"https:\\\/\\\/www.nameshield.com\\\/de\\\/cybersicherheit\\\/#primaryimage\"},\"thumbnailUrl\":\"https:\\\/\\\/www.nameshield.com\\\/wp-content\\\/uploads\\\/2021\\\/04\\\/Security-On-bro-red-Storyset-demisize.png\",\"datePublished\":\"2022-06-06T09:42:07+00:00\",\"dateModified\":\"2024-08-28T13:50:53+00:00\",\"description\":\"Nameshield steht f\u00fcr Cybersicherheit und bietet L\u00f6sungen f\u00fcr die Risikoverringerung von Cyberangriffen und den Schutz Ihrer Domainnamen.\",\"breadcrumb\":{\"@id\":\"https:\\\/\\\/www.nameshield.com\\\/de\\\/cybersicherheit\\\/#breadcrumb\"},\"inLanguage\":\"de\",\"potentialAction\":[{\"@type\":\"ReadAction\",\"target\":[\"https:\\\/\\\/www.nameshield.com\\\/de\\\/cybersicherheit\\\/\"]}]},{\"@type\":\"ImageObject\",\"inLanguage\":\"de\",\"@id\":\"https:\\\/\\\/www.nameshield.com\\\/de\\\/cybersicherheit\\\/#primaryimage\",\"url\":\"https:\\\/\\\/www.nameshield.com\\\/wp-content\\\/uploads\\\/2021\\\/04\\\/Security-On-bro-red-Storyset-demisize.png\",\"contentUrl\":\"https:\\\/\\\/www.nameshield.com\\\/wp-content\\\/uploads\\\/2021\\\/04\\\/Security-On-bro-red-Storyset-demisize.png\"},{\"@type\":\"BreadcrumbList\",\"@id\":\"https:\\\/\\\/www.nameshield.com\\\/de\\\/cybersicherheit\\\/#breadcrumb\",\"itemListElement\":[{\"@type\":\"ListItem\",\"position\":1,\"name\":\"Accueil\",\"item\":\"https:\\\/\\\/www.nameshield.com\\\/de\\\/\"},{\"@type\":\"ListItem\",\"position\":2,\"name\":\"Cybersicherheit\"}]},{\"@type\":\"WebSite\",\"@id\":\"https:\\\/\\\/www.nameshield.com\\\/de\\\/#website\",\"url\":\"https:\\\/\\\/www.nameshield.com\\\/de\\\/\",\"name\":\"Nameshield\",\"description\":\"Online Assets Security\",\"potentialAction\":[{\"@type\":\"SearchAction\",\"target\":{\"@type\":\"EntryPoint\",\"urlTemplate\":\"https:\\\/\\\/www.nameshield.com\\\/de\\\/?s={search_term_string}\"},\"query-input\":{\"@type\":\"PropertyValueSpecification\",\"valueRequired\":true,\"valueName\":\"search_term_string\"}}],\"inLanguage\":\"de\"}]}<\/script>\n<!-- \/ Yoast SEO plugin. -->","yoast_head_json":{"title":"L\u00f6sungen f\u00fcr Ihre Cybersicherheit","description":"Nameshield steht f\u00fcr Cybersicherheit und bietet L\u00f6sungen f\u00fcr die Risikoverringerung von Cyberangriffen und den Schutz Ihrer Domainnamen.","robots":{"index":"index","follow":"follow","max-snippet":"max-snippet:-1","max-image-preview":"max-image-preview:large","max-video-preview":"max-video-preview:-1"},"canonical":"https:\/\/www.nameshield.com\/de\/cybersicherheit\/","og_locale":"de_DE","og_type":"article","og_title":"L\u00f6sungen f\u00fcr Ihre Cybersicherheit","og_description":"Nameshield steht f\u00fcr Cybersicherheit und bietet L\u00f6sungen f\u00fcr die Risikoverringerung von Cyberangriffen und den Schutz Ihrer Domainnamen.","og_url":"https:\/\/www.nameshield.com\/de\/cybersicherheit\/","og_site_name":"Nameshield","article_modified_time":"2024-08-28T13:50:53+00:00","og_image":[{"url":"https:\/\/www.nameshield.com\/wp-content\/uploads\/2021\/04\/Security-On-bro-red-Storyset-demisize.png","type":"","width":"","height":""}],"twitter_card":"summary_large_image","twitter_misc":{"Gesch\u00e4tzte Lesezeit":"2\u00a0Minuten"},"schema":{"@context":"https:\/\/schema.org","@graph":[{"@type":"WebPage","@id":"https:\/\/www.nameshield.com\/de\/cybersicherheit\/","url":"https:\/\/www.nameshield.com\/de\/cybersicherheit\/","name":"L\u00f6sungen f\u00fcr Ihre Cybersicherheit","isPartOf":{"@id":"https:\/\/www.nameshield.com\/de\/#website"},"primaryImageOfPage":{"@id":"https:\/\/www.nameshield.com\/de\/cybersicherheit\/#primaryimage"},"image":{"@id":"https:\/\/www.nameshield.com\/de\/cybersicherheit\/#primaryimage"},"thumbnailUrl":"https:\/\/www.nameshield.com\/wp-content\/uploads\/2021\/04\/Security-On-bro-red-Storyset-demisize.png","datePublished":"2022-06-06T09:42:07+00:00","dateModified":"2024-08-28T13:50:53+00:00","description":"Nameshield steht f\u00fcr Cybersicherheit und bietet L\u00f6sungen f\u00fcr die Risikoverringerung von Cyberangriffen und den Schutz Ihrer Domainnamen.","breadcrumb":{"@id":"https:\/\/www.nameshield.com\/de\/cybersicherheit\/#breadcrumb"},"inLanguage":"de","potentialAction":[{"@type":"ReadAction","target":["https:\/\/www.nameshield.com\/de\/cybersicherheit\/"]}]},{"@type":"ImageObject","inLanguage":"de","@id":"https:\/\/www.nameshield.com\/de\/cybersicherheit\/#primaryimage","url":"https:\/\/www.nameshield.com\/wp-content\/uploads\/2021\/04\/Security-On-bro-red-Storyset-demisize.png","contentUrl":"https:\/\/www.nameshield.com\/wp-content\/uploads\/2021\/04\/Security-On-bro-red-Storyset-demisize.png"},{"@type":"BreadcrumbList","@id":"https:\/\/www.nameshield.com\/de\/cybersicherheit\/#breadcrumb","itemListElement":[{"@type":"ListItem","position":1,"name":"Accueil","item":"https:\/\/www.nameshield.com\/de\/"},{"@type":"ListItem","position":2,"name":"Cybersicherheit"}]},{"@type":"WebSite","@id":"https:\/\/www.nameshield.com\/de\/#website","url":"https:\/\/www.nameshield.com\/de\/","name":"Nameshield","description":"Online Assets Security","potentialAction":[{"@type":"SearchAction","target":{"@type":"EntryPoint","urlTemplate":"https:\/\/www.nameshield.com\/de\/?s={search_term_string}"},"query-input":{"@type":"PropertyValueSpecification","valueRequired":true,"valueName":"search_term_string"}}],"inLanguage":"de"}]}},"_links":{"self":[{"href":"https:\/\/www.nameshield.com\/de\/wp-json\/wp\/v2\/pages\/60","targetHints":{"allow":["GET"]}}],"collection":[{"href":"https:\/\/www.nameshield.com\/de\/wp-json\/wp\/v2\/pages"}],"about":[{"href":"https:\/\/www.nameshield.com\/de\/wp-json\/wp\/v2\/types\/page"}],"author":[{"embeddable":true,"href":"https:\/\/www.nameshield.com\/de\/wp-json\/wp\/v2\/users\/1"}],"replies":[{"embeddable":true,"href":"https:\/\/www.nameshield.com\/de\/wp-json\/wp\/v2\/comments?post=60"}],"version-history":[{"count":21,"href":"https:\/\/www.nameshield.com\/de\/wp-json\/wp\/v2\/pages\/60\/revisions"}],"predecessor-version":[{"id":1635,"href":"https:\/\/www.nameshield.com\/de\/wp-json\/wp\/v2\/pages\/60\/revisions\/1635"}],"wp:attachment":[{"href":"https:\/\/www.nameshield.com\/de\/wp-json\/wp\/v2\/media?parent=60"}],"curies":[{"name":"wp","href":"https:\/\/api.w.org\/{rel}","templated":true}]}}