{"id":425,"date":"2022-06-16T12:11:41","date_gmt":"2022-06-16T10:11:41","guid":{"rendered":"https:\/\/www.nameshield.com\/de\/?page_id=425"},"modified":"2022-11-18T11:09:42","modified_gmt":"2022-11-18T10:09:42","slug":"dns-domain-name-system","status":"publish","type":"page","link":"https:\/\/www.nameshield.com\/de\/glossar\/dns-domain-name-system\/","title":{"rendered":"DNS (DOMAIN NAME SYSTEM)"},"content":{"rendered":"\n<div class=\"eplus-g8WmOJ wp-block-cover alignfull is-light eplus-wrapper\"><span aria-hidden=\"true\" class=\"wp-block-cover__background has-background-dim-100 has-background-dim has-background-gradient\" style=\"background:linear-gradient(135deg,rgb(21,115,191) 0%,rgb(255,0,0) 100%)\"><\/span><div class=\"wp-block-cover__inner-container is-layout-flow wp-block-cover-is-layout-flow\">\n<div style=\"height:40px\" aria-hidden=\"true\" class=\"eplus-jHQ0mn wp-block-spacer eplus-wrapper\"><\/div>\n\n\n<div class=\"eplus-yhMUPb wp-block-columns eplus-wrapper is-layout-flex wp-container-core-columns-is-layout-9d6595d7 wp-block-columns-is-layout-flex eplus-styles-uid-a5d446\">\n<div class=\"eplus-uZP09p wp-block-column is-vertically-aligned-center eplus-wrapper is-layout-flow wp-block-column-is-layout-flow\" style=\"flex-basis:66.66%\">\n<h2 class=\"eplus-pEGYgg has-nv-text-dark-bg-color has-text-color eplus-wrapper wp-block-heading\">Was ist das Domain Name System (DNS)?<\/h2>\n\n\n\n<p class=\"has-nv-light-bg-color has-text-color eplus-wrapper\">Um die Suche nach einer bestimm\u00adten Web\u00adsite im Inter\u00adnet effi\u00adzi\u00aden\u00adter zu machen, wur\u00adde das Domain Name Sys\u00adtem (DNS) erfun\u00adden. Das DNS erm\u00f6g\u00adlicht es, einer IP-Adres\u00adse einen leicht merk\u00adba\u00adren Namen zuzu\u00adord\u00adnen. Man ver\u00adbin\u00addet also eine logi\u00adsche Adres\u00adse, den Domain\u00adna\u00admen, mit einer phy\u00adsi\u00adschen Adres\u00adse, der IP-Adres\u00adse.<\/p>\n\n\n\n<p class=\"has-nv-light-bg-color has-text-color eplus-wrapper\">Der Domain\u00adna\u00adme und die zuge\u00adh\u00f6\u00adri\u00adge IP-Adres\u00adse sind ein\u00adzig\u00adar\u00adtig. Das DNS erm\u00f6g\u00adlicht es Ihrer Nach\u00adricht, den rich\u00adti\u00adgen Emp\u00adf\u00e4n\u00adger zu errei\u00adchen, und nicht einen ande\u00adren mit einem \u00e4hn\u00adli\u00adchen Domain\u00adna\u00admen. Es erlaubt Ihnen au\u00dfer\u00addem, \u201ewww.nameshield.com\u201c ein\u00adzu\u00adtip\u00adpen und kei\u00adne lan\u00adge IP-Adres\u00adse ein\u00adge\u00adben zu m\u00fcs\u00adsen, um auf die ent\u00adspre\u00adchen\u00adde Web\u00adsite zuzu\u00adgrei\u00adfen.<\/p>\n\n\n\n<p class=\"has-nv-light-bg-color has-text-color eplus-wrapper\">F\u00fcr die\u00adse Ope\u00adra\u00adtio\u00adnen wer\u00adden haupt\u00ads\u00e4ch\u00adlich zwei Arten von Ser\u00advern ver\u00adwen\u00addet:<\/p>\n\n\n\n<p class=\"has-nv-light-bg-color has-text-color eplus-wrapper\">Der auto\u00adri\u00adta\u00adti\u00adve Ser\u00adver: Ein DNS-Ser\u00adver, der den Inhalt einer Domain kennt. (Die DENIC-Ser\u00adver ken\u00adnen den Inhalt von .de und k\u00f6n\u00adnen Anfra\u00adgen beant\u00adwor\u00adten).<\/p>\n\n\n\n<p class=\"has-nv-light-bg-color has-text-color eplus-wrapper\">Resol\u00adver oder rekur\u00adsi\u00adver Ser\u00adver: Ein DNS-Ser\u00adver, der den Inhalt einer Domain nicht kennt, son\u00addern Fra\u00adgen an die auto\u00adri\u00adta\u00adti\u00adven Ser\u00adver stellt und die Ant\u00adwor\u00adten spei\u00adchert. (Beim ISP oder im loka\u00adlen Netz\u00adwerk).<\/p>\n<\/div>\n\n\n\n<div class=\"eplus-2RXwNF wp-block-column eplus-wrapper is-layout-flow wp-block-column-is-layout-flow\" style=\"flex-basis:33.33%\">\n<figure class=\"eplus-JfLJ7b wp-block-image size-large eplus-wrapper\"><img decoding=\"async\" src=\"https:\/\/www.nameshield.com\/wp-content\/uploads\/2021\/06\/Cybersquatting-1024x1003.png\" alt=\"Was ist das Domain Name System (DNS)?\" class=\"wp-image-5082\"><\/figure>\n<\/div>\n<\/div>\n\n\n<div style=\"height:40px\" aria-hidden=\"true\" class=\"eplus-iVeaWN wp-block-spacer eplus-wrapper\"><\/div>\n<\/div><\/div>\n\n\n\n<div style=\"height:57px\" aria-hidden=\"true\" class=\"wp-block-spacer eplus-wrapper\"><\/div>\n\n\n<div class=\"wp-block-columns eplus-wrapper is-layout-flex wp-container-core-columns-is-layout-9d6595d7 wp-block-columns-is-layout-flex eplus-styles-uid-9af280\">\n<div class=\"wp-block-column eplus-wrapper is-layout-flow wp-block-column-is-layout-flow\" style=\"flex-basis:33.33%\">\n<h2 class=\"eplus-wrapper wp-block-heading\">DNS-Aufl\u00f6sung<\/h2>\n\n\n\n<p class=\" eplus-wrapper\">Wenn ein Inter\u00adnet\u00adnut\u00adzer eine Adres\u00adse in sei\u00adnen Brow\u00adser ein\u00adgibt, ist es also ein DNS-Ser\u00adver, der die\u00adse f\u00fcr Men\u00adschen merk\u00adba\u00adre Adres\u00adse in eine IP-Adres\u00adse \u00fcber\u00adsetzt, die von Com\u00adpu\u00adtern und Netz\u00adwer\u00adken wei\u00adter\u00adver\u00adar\u00adbei\u00adtet wer\u00adden kann. Die Adres\u00adse www.nameshield.com wird auf die\u00adse Wei\u00adse in 81.92.80.11 \u00fcber\u00adsetzt.<\/p>\n\n\n\n<p class=\" eplus-wrapper\">Dies wird als \u201eDNS-Auf\u00adl\u00f6\u00adsung\u201c bezeich\u00adnet.<\/p>\n\n\n\n<p class=\" eplus-wrapper\">Je leis\u00adtungs\u00adf\u00e4\u00adhi\u00adger der Ser\u00adver ist, des\u00adto schnel\u00adler l\u00e4uft die\u00adser Pro\u00adzess ab: CPU (Pro\u00adzes\u00adsor), Fest\u00adplat\u00adten\u00adzu\u00adgriff und RAM (Spei\u00adcher) m\u00fcs\u00adsen aus\u00adrei\u00adchend dimen\u00adsio\u00adniert sein.<\/p>\n\n\n\n<p class=\" eplus-wrapper\">Die logi\u00adsche Archi\u00adtek\u00adtur des DNS folgt der hier\u00adar\u00adchi\u00adschen Struk\u00adtur der Domain\u00adna\u00admen.<\/p>\n\n\n\n<p class=\" eplus-wrapper\">Das DNS einer bestimm\u00adten Hier\u00adar\u00adchie\u00adebe\u00adne \u201edele\u00adgiert\u201c die Bear\u00adbei\u00adtung der n\u00e4chs\u00adten Sub\u00addo\u00admain an die dar\u00adun\u00adter lie\u00adgen\u00adde Ebe\u00adne, bis zur letz\u00adten Ebe\u00adne, die ihrer\u00adseits die IP-Adres\u00adse kennt, die dem ange\u00adfor\u00adder\u00adten Domain\u00adna\u00admen ent\u00adspricht.<\/p>\n<\/div>\n\n\n\n<div class=\"wp-block-column eplus-wrapper is-layout-flow wp-block-column-is-layout-flow\" style=\"flex-basis:66.66%\">\n<h2 class=\"eplus-wrapper wp-block-heading\">Von der Verf\u00fcgbarkeit des DNS h\u00e4ngt die Verf\u00fcgbarkeit von Online-Diensten ab<\/h2>\n\n\n\n<p class=\" eplus-wrapper\">Die stra\u00adte\u00adgi\u00adschen Domain\u00adna\u00admen eines Unter\u00adneh\u00admens und die damit ver\u00adbun\u00adde\u00adnen Online-Diens\u00adte sind abh\u00e4n\u00adgig vom DNS und erfor\u00addern eine hohe Ver\u00adf\u00fcg\u00adbar\u00adkeit sowie ein hohes Ma\u00df an Sicher\u00adheit. Ein Aus\u00adfall von Diens\u00adten h\u00e4t\u00adte weit\u00adrei\u00adchen\u00adde Fol\u00adgen, der Scha\u00adden kann f\u00fcr die betrof\u00adfe\u00adnen Unter\u00adneh\u00admen beson\u00adders hoch sein:<\/p>\n\n\n<ul class=\"eplus-wrapper wp-block-list eplus-styles-uid-1a99e5\"><li>Star\u00adker Image\u00adver\u00adlust des Unter\u00adneh\u00admens<\/li><li>Ver\u00adtrau\u00adens\u00adver\u00adlust der Nut\u00adzer<\/li><li>Umsatz\u00adein\u00adbu\u00ad\u00dfen<\/li><li>Ver\u00adlust ver\u00adtrau\u00adli\u00adcher oder stra\u00adte\u00adgi\u00adscher Daten.<\/li><\/ul>\n\n\n<p class=\" eplus-wrapper\">Den\u00adnoch ist das DNS h\u00e4u\u00adfig die am wenigs\u00adten abge\u00adsi\u00adcher\u00adte Infra\u00adstruk\u00adtur eines Unter\u00adneh\u00admens und vie\u00adlen poten\u00adzi\u00adel\u00adlen Angrif\u00adfen aus\u00adge\u00adsetzt.<\/p>\n\n\n\n<h2 class=\"eplus-wrapper wp-block-heading\">Das DNS, ein bekannter Angriffsvektor<\/h2>\n\n\n\n<p class=\" eplus-wrapper\">DDoS, DNS Cache Poi\u00adso\u00adning, Spoo\u00adfing, Man in the Midd\u00adle \u2013 die Angrif\u00adfe auf das DNS sind viel\u00adf\u00e4l\u00adtig und wer\u00adden immer kom\u00adple\u00adxer.<\/p>\n\n\n\n<p class=\" eplus-wrapper\">Ange\u00adsichts der Zunah\u00adme die\u00adser Cyber\u00adan\u00adgrif\u00adfe ist die Sicher\u00adheit der eige\u00adnen DNS-Infra\u00adstruk\u00adtur Prio\u00adri\u00adt\u00e4t gewor\u00adden.<\/p>\n\n\n\n<p class=\" eplus-wrapper\">Die L\u00f6sung DNS Pre\u00admi\u00adum von Names\u00adhield sch\u00fctzt Unter\u00adneh\u00admen vor Angrif\u00adfen auf das DNS und somit vor allen Ser\u00advice\u00adun\u00adter\u00adbre\u00adchun\u00adgen. Dabei garan\u00adtiert sie die bes\u00adte Per\u00adfor\u00admance, fort\u00adschritt\u00adlichs\u00adte Funk\u00adtio\u00adnen und opti\u00adma\u00adle Sicher\u00adheits\u00adein\u00adstel\u00adlun\u00adgen.<\/p>\n<\/div>\n<\/div>\n\n\n<div style=\"height:54px\" aria-hidden=\"true\" class=\"wp-block-spacer eplus-wrapper\"><\/div>\n","protected":false},"excerpt":{"rendered":"<p>DNS-Auf\u00adl\u00f6\u00adsung Wenn ein Inter\u00adnet\u00adnut\u00adzer eine Adres\u00adse in sei\u00adnen Brow\u00adser ein\u00adgibt, ist es also ein DNS-Ser\u00ad\u00adver, der die\u00adse f\u00fcr Men\u00adschen merk\u00adba\u00adre Adres\u00adse in eine IP-Adres\u00ad\u00adse \u00fcber\u00adsetzt, die von Com\u00adpu\u00adtern und Netz\u00adwer\u00adken wei\u00adter\u00adver\u00adar\u00adbei\u00adtet wer\u00adden kann. Die Adres\u00adse www.nameshield.com wird auf die\u00adse Wei\u00adse in 81.92.80.11 \u00fcber\u00adsetzt. Dies wird als \u201eDNS-Auf\u00ad\u00ad\u00adl\u00f6\u00ad\u00adsung\u201c bezeich\u00adnet. Je leis\u00adtungs\u00adf\u00e4\u00adhi\u00adger der Ser\u00adver ist, des\u00adto schnel\u00adler\u2026&nbsp;<a href=\"https:\/\/www.nameshield.com\/de\/glossar\/dns-domain-name-system\/\" class rel=\"bookmark\">Wei\u00adter\u00adle\u00adsen \u00bb<span class=\"screen-reader-text\">DNS (DOMAIN NAME SYS\u00adTEM)<\/span><\/a><\/p>\n","protected":false},"author":1,"featured_media":0,"parent":391,"menu_order":0,"comment_status":"closed","ping_status":"closed","template":"","meta":{"wp_typography_post_enhancements_disabled":false,"editor_plus_copied_stylings":"{}","_exactmetrics_skip_tracking":false,"_exactmetrics_sitenote_active":false,"_exactmetrics_sitenote_note":"","_exactmetrics_sitenote_category":0,"neve_meta_sidebar":"","neve_meta_container":"","neve_meta_enable_content_width":"on","neve_meta_content_width":100,"neve_meta_title_alignment":"","neve_meta_author_avatar":"","neve_post_elements_order":"","neve_meta_disable_header":"","neve_meta_disable_footer":"","neve_meta_disable_title":"","footnotes":""},"class_list":["post-425","page","type-page","status-publish","hentry"],"yoast_head":"<!-- This site is optimized with the Yoast SEO plugin v27.3 - https:\/\/yoast.com\/product\/yoast-seo-wordpress\/ -->\n<title>DNS (DOMAIN NAME SYSTEM)<\/title>\n<meta name=\"robots\" content=\"index, follow, max-snippet:-1, max-image-preview:large, max-video-preview:-1\" \/>\n<link rel=\"canonical\" href=\"https:\/\/www.nameshield.com\/de\/glossar\/dns-domain-name-system\/\" \/>\n<meta property=\"og:locale\" content=\"de_DE\" \/>\n<meta property=\"og:type\" content=\"article\" \/>\n<meta property=\"og:title\" content=\"DNS (DOMAIN NAME SYSTEM)\" \/>\n<meta property=\"og:description\" content=\"DNS-Aufl\u00f6sung Wenn ein Inter\u00adnet\u00adnut\u00adzer eine Adres\u00adse in sei\u00adnen Brow\u00adser ein\u00adgibt, ist es also ein DNS-Ser\u00adver, der die\u00adse f\u00fcr Men\u00adschen merk\u00adba\u00adre Adres\u00adse in eine IP-Adres\u00adse \u00fcber\u00adsetzt, die von Com\u00adpu\u00adtern und Netz\u00adwer\u00adken wei\u00adter\u00adver\u00adar\u00adbei\u00adtet wer\u00adden kann. Die Adres\u00adse www.nameshield.com wird auf die\u00adse Wei\u00adse in 81.92.80.11 \u00fcber\u00adsetzt. Dies wird als \u201eDNS-Auf\u00adl\u00f6\u00adsung\u201c bezeich\u00adnet. Je leis\u00adtungs\u00adf\u00e4\u00adhi\u00adger der Ser\u00adver ist, des\u00adto schnel\u00adler&hellip;&nbsp;Weiterlesen &raquo;DNS (DOMAIN NAME SYSTEM)\" \/>\n<meta property=\"og:url\" content=\"https:\/\/www.nameshield.com\/de\/glossar\/dns-domain-name-system\/\" \/>\n<meta property=\"og:site_name\" content=\"Nameshield\" \/>\n<meta property=\"article:modified_time\" content=\"2022-11-18T10:09:42+00:00\" \/>\n<meta property=\"og:image\" content=\"https:\/\/www.nameshield.com\/wp-content\/uploads\/2021\/06\/Cybersquatting-1024x1003.png\" \/>\n<meta name=\"twitter:card\" content=\"summary_large_image\" \/>\n<meta name=\"twitter:label1\" content=\"Gesch\u00e4tzte Lesezeit\" \/>\n\t<meta name=\"twitter:data1\" content=\"3\u00a0Minuten\" \/>\n<script type=\"application\/ld+json\" class=\"yoast-schema-graph\">{\"@context\":\"https:\\\/\\\/schema.org\",\"@graph\":[{\"@type\":\"WebPage\",\"@id\":\"https:\\\/\\\/www.nameshield.com\\\/de\\\/glossar\\\/dns-domain-name-system\\\/\",\"url\":\"https:\\\/\\\/www.nameshield.com\\\/de\\\/glossar\\\/dns-domain-name-system\\\/\",\"name\":\"DNS (DOMAIN NAME SYSTEM)\",\"isPartOf\":{\"@id\":\"https:\\\/\\\/www.nameshield.com\\\/de\\\/#website\"},\"primaryImageOfPage\":{\"@id\":\"https:\\\/\\\/www.nameshield.com\\\/de\\\/glossar\\\/dns-domain-name-system\\\/#primaryimage\"},\"image\":{\"@id\":\"https:\\\/\\\/www.nameshield.com\\\/de\\\/glossar\\\/dns-domain-name-system\\\/#primaryimage\"},\"thumbnailUrl\":\"https:\\\/\\\/www.nameshield.com\\\/wp-content\\\/uploads\\\/2021\\\/06\\\/Cybersquatting-1024x1003.png\",\"datePublished\":\"2022-06-16T10:11:41+00:00\",\"dateModified\":\"2022-11-18T10:09:42+00:00\",\"breadcrumb\":{\"@id\":\"https:\\\/\\\/www.nameshield.com\\\/de\\\/glossar\\\/dns-domain-name-system\\\/#breadcrumb\"},\"inLanguage\":\"de\",\"potentialAction\":[{\"@type\":\"ReadAction\",\"target\":[\"https:\\\/\\\/www.nameshield.com\\\/de\\\/glossar\\\/dns-domain-name-system\\\/\"]}]},{\"@type\":\"ImageObject\",\"inLanguage\":\"de\",\"@id\":\"https:\\\/\\\/www.nameshield.com\\\/de\\\/glossar\\\/dns-domain-name-system\\\/#primaryimage\",\"url\":\"https:\\\/\\\/www.nameshield.com\\\/wp-content\\\/uploads\\\/2021\\\/06\\\/Cybersquatting-1024x1003.png\",\"contentUrl\":\"https:\\\/\\\/www.nameshield.com\\\/wp-content\\\/uploads\\\/2021\\\/06\\\/Cybersquatting-1024x1003.png\"},{\"@type\":\"BreadcrumbList\",\"@id\":\"https:\\\/\\\/www.nameshield.com\\\/de\\\/glossar\\\/dns-domain-name-system\\\/#breadcrumb\",\"itemListElement\":[{\"@type\":\"ListItem\",\"position\":1,\"name\":\"Accueil\",\"item\":\"https:\\\/\\\/www.nameshield.com\\\/de\\\/\"},{\"@type\":\"ListItem\",\"position\":2,\"name\":\"Glossar\",\"item\":\"https:\\\/\\\/www.nameshield.com\\\/de\\\/glossar\\\/\"},{\"@type\":\"ListItem\",\"position\":3,\"name\":\"DNS (DOMAIN NAME SYSTEM)\"}]},{\"@type\":\"WebSite\",\"@id\":\"https:\\\/\\\/www.nameshield.com\\\/de\\\/#website\",\"url\":\"https:\\\/\\\/www.nameshield.com\\\/de\\\/\",\"name\":\"Nameshield\",\"description\":\"Online Assets Security\",\"potentialAction\":[{\"@type\":\"SearchAction\",\"target\":{\"@type\":\"EntryPoint\",\"urlTemplate\":\"https:\\\/\\\/www.nameshield.com\\\/de\\\/?s={search_term_string}\"},\"query-input\":{\"@type\":\"PropertyValueSpecification\",\"valueRequired\":true,\"valueName\":\"search_term_string\"}}],\"inLanguage\":\"de\"}]}<\/script>\n<!-- \/ Yoast SEO plugin. -->","yoast_head_json":{"title":"DNS (DOMAIN NAME SYSTEM)","robots":{"index":"index","follow":"follow","max-snippet":"max-snippet:-1","max-image-preview":"max-image-preview:large","max-video-preview":"max-video-preview:-1"},"canonical":"https:\/\/www.nameshield.com\/de\/glossar\/dns-domain-name-system\/","og_locale":"de_DE","og_type":"article","og_title":"DNS (DOMAIN NAME SYSTEM)","og_description":"DNS-Aufl\u00f6sung Wenn ein Inter\u00adnet\u00adnut\u00adzer eine Adres\u00adse in sei\u00adnen Brow\u00adser ein\u00adgibt, ist es also ein DNS-Ser\u00adver, der die\u00adse f\u00fcr Men\u00adschen merk\u00adba\u00adre Adres\u00adse in eine IP-Adres\u00adse \u00fcber\u00adsetzt, die von Com\u00adpu\u00adtern und Netz\u00adwer\u00adken wei\u00adter\u00adver\u00adar\u00adbei\u00adtet wer\u00adden kann. Die Adres\u00adse www.nameshield.com wird auf die\u00adse Wei\u00adse in 81.92.80.11 \u00fcber\u00adsetzt. Dies wird als \u201eDNS-Auf\u00adl\u00f6\u00adsung\u201c bezeich\u00adnet. Je leis\u00adtungs\u00adf\u00e4\u00adhi\u00adger der Ser\u00adver ist, des\u00adto schnel\u00adler&hellip;&nbsp;Weiterlesen &raquo;DNS (DOMAIN NAME SYSTEM)","og_url":"https:\/\/www.nameshield.com\/de\/glossar\/dns-domain-name-system\/","og_site_name":"Nameshield","article_modified_time":"2022-11-18T10:09:42+00:00","og_image":[{"url":"https:\/\/www.nameshield.com\/wp-content\/uploads\/2021\/06\/Cybersquatting-1024x1003.png","type":"","width":"","height":""}],"twitter_card":"summary_large_image","twitter_misc":{"Gesch\u00e4tzte Lesezeit":"3\u00a0Minuten"},"schema":{"@context":"https:\/\/schema.org","@graph":[{"@type":"WebPage","@id":"https:\/\/www.nameshield.com\/de\/glossar\/dns-domain-name-system\/","url":"https:\/\/www.nameshield.com\/de\/glossar\/dns-domain-name-system\/","name":"DNS (DOMAIN NAME SYSTEM)","isPartOf":{"@id":"https:\/\/www.nameshield.com\/de\/#website"},"primaryImageOfPage":{"@id":"https:\/\/www.nameshield.com\/de\/glossar\/dns-domain-name-system\/#primaryimage"},"image":{"@id":"https:\/\/www.nameshield.com\/de\/glossar\/dns-domain-name-system\/#primaryimage"},"thumbnailUrl":"https:\/\/www.nameshield.com\/wp-content\/uploads\/2021\/06\/Cybersquatting-1024x1003.png","datePublished":"2022-06-16T10:11:41+00:00","dateModified":"2022-11-18T10:09:42+00:00","breadcrumb":{"@id":"https:\/\/www.nameshield.com\/de\/glossar\/dns-domain-name-system\/#breadcrumb"},"inLanguage":"de","potentialAction":[{"@type":"ReadAction","target":["https:\/\/www.nameshield.com\/de\/glossar\/dns-domain-name-system\/"]}]},{"@type":"ImageObject","inLanguage":"de","@id":"https:\/\/www.nameshield.com\/de\/glossar\/dns-domain-name-system\/#primaryimage","url":"https:\/\/www.nameshield.com\/wp-content\/uploads\/2021\/06\/Cybersquatting-1024x1003.png","contentUrl":"https:\/\/www.nameshield.com\/wp-content\/uploads\/2021\/06\/Cybersquatting-1024x1003.png"},{"@type":"BreadcrumbList","@id":"https:\/\/www.nameshield.com\/de\/glossar\/dns-domain-name-system\/#breadcrumb","itemListElement":[{"@type":"ListItem","position":1,"name":"Accueil","item":"https:\/\/www.nameshield.com\/de\/"},{"@type":"ListItem","position":2,"name":"Glossar","item":"https:\/\/www.nameshield.com\/de\/glossar\/"},{"@type":"ListItem","position":3,"name":"DNS (DOMAIN NAME SYSTEM)"}]},{"@type":"WebSite","@id":"https:\/\/www.nameshield.com\/de\/#website","url":"https:\/\/www.nameshield.com\/de\/","name":"Nameshield","description":"Online Assets Security","potentialAction":[{"@type":"SearchAction","target":{"@type":"EntryPoint","urlTemplate":"https:\/\/www.nameshield.com\/de\/?s={search_term_string}"},"query-input":{"@type":"PropertyValueSpecification","valueRequired":true,"valueName":"search_term_string"}}],"inLanguage":"de"}]}},"_links":{"self":[{"href":"https:\/\/www.nameshield.com\/de\/wp-json\/wp\/v2\/pages\/425","targetHints":{"allow":["GET"]}}],"collection":[{"href":"https:\/\/www.nameshield.com\/de\/wp-json\/wp\/v2\/pages"}],"about":[{"href":"https:\/\/www.nameshield.com\/de\/wp-json\/wp\/v2\/types\/page"}],"author":[{"embeddable":true,"href":"https:\/\/www.nameshield.com\/de\/wp-json\/wp\/v2\/users\/1"}],"replies":[{"embeddable":true,"href":"https:\/\/www.nameshield.com\/de\/wp-json\/wp\/v2\/comments?post=425"}],"version-history":[{"count":6,"href":"https:\/\/www.nameshield.com\/de\/wp-json\/wp\/v2\/pages\/425\/revisions"}],"predecessor-version":[{"id":933,"href":"https:\/\/www.nameshield.com\/de\/wp-json\/wp\/v2\/pages\/425\/revisions\/933"}],"up":[{"embeddable":true,"href":"https:\/\/www.nameshield.com\/de\/wp-json\/wp\/v2\/pages\/391"}],"wp:attachment":[{"href":"https:\/\/www.nameshield.com\/de\/wp-json\/wp\/v2\/media?parent=425"}],"curies":[{"name":"wp","href":"https:\/\/api.w.org\/{rel}","templated":true}]}}