{"id":219,"date":"2022-06-07T14:49:26","date_gmt":"2022-06-07T12:49:26","guid":{"rendered":"https:\/\/www.nameshield.com\/de\/?page_id=219"},"modified":"2024-08-28T16:29:46","modified_gmt":"2024-08-28T14:29:46","slug":"brand-enforcement-massnahmen","status":"publish","type":"page","link":"https:\/\/www.nameshield.com\/de\/geistiges-eigentum\/brand-enforcement-massnahmen\/","title":{"rendered":"Brand Enforcement Ma\u00dfnahmen"},"content":{"rendered":"\n<div class=\"wp-block-cover alignfull is-light eplus-g8WmOJ eplus-wrapper\"><span aria-hidden=\"true\" class=\"wp-block-cover__background has-background-dim-100 has-background-dim has-background-gradient\" style=\"background:linear-gradient(135deg,rgb(21,115,191) 0%,rgb(255,0,0) 100%)\"><\/span><div class=\"wp-block-cover__inner-container is-layout-flow wp-block-cover-is-layout-flow\">\n<div style=\"height:56px\" aria-hidden=\"true\" class=\"wp-block-spacer eplus-jHQ0mn eplus-wrapper\"><\/div>\n\n\n\n<h2 class=\"wp-block-heading eplus-p6Vdhc eplus-wrapper has-nv-text-dark-bg-color has-text-color\">Enforcement und Ankauf von Domainnamen<\/h2>\n\n\n\n<div class=\"wp-block-columns eplus-yhMUPb eplus-wrapper is-layout-flex wp-container-core-columns-is-layout-9d6595d7 wp-block-columns-is-layout-flex\">\n<div class=\"wp-block-column is-vertically-aligned-center eplus-uZP09p eplus-wrapper is-layout-flow wp-block-column-is-layout-flow\" style=\"flex-basis:50%\">\n<p class=\"eplus-wrapper has-nv-light-bg-color has-text-color\">Domain\u00adna\u00admen sind das Tor zum digi\u00adta\u00adlen Hoheits\u00adge\u00adbiet von Mar\u00adken im Inter\u00adnet.<\/p>\n\n\n\n<p class=\"eplus-wrapper has-nv-light-bg-color has-text-color\">Ver\u00adlet\u00adzun\u00adgen und die miss\u00adbr\u00e4uch\u00adli\u00adche Nut\u00adzung von Mar\u00adken kann ver\u00adschie\u00adde\u00adne For\u00admen anneh\u00admen und erheb\u00adli\u00adche Aus\u00adwir\u00adkun\u00adgen auf das Mar\u00adken\u00adimage eines Unter\u00adneh\u00admens, sei\u00adnen Umsatz usw. haben.<\/p>\n\n\n\n<p class=\"eplus-wrapper has-nv-light-bg-color has-text-color\">Die Betrugs\u00adme\u00adtho\u00adden sind viel\u00adf\u00e4l\u00adtig und der Pr\u00e4\u00adven\u00adtiv\u00adschutz ist eben\u00adso wich\u00adtig wie eine schnellst\u00adm\u00f6g\u00adli\u00adche Abwehr ent\u00addeck\u00adter Angrif\u00adfe.<\/p>\n\n\n\n<p class=\"eplus-wrapper has-nv-light-bg-color has-text-color\">Names\u00adhield ver\u00adf\u00fcgt \u00fcber eine inter\u00adne Rechts\u00adab\u00adtei\u00adlung aus Exper\u00adten f\u00fcr <strong><em>Brand Enforce\u00adment Ma\u00df\u00adnah\u00admen<\/em><\/strong> wie Take\u00addowns, Domain Reco\u00advery und Behe\u00adbung von Strei\u00adtig\u00adkei\u00adten.<\/p>\n<\/div>\n\n\n\n<div class=\"wp-block-column eplus-2RXwNF eplus-wrapper is-layout-flow wp-block-column-is-layout-flow\" style=\"flex-basis:50%\">\n<figure class=\"wp-block-image size-large eplus-VHAIUT eplus-wrapper\"><img decoding=\"async\" src=\"https:\/\/www.nameshield.com\/wp-content\/uploads\/2021\/06\/Cloud-sync-bro-1024x808.png\" alt=\"Brand Enforcement Ma\u00dfnahmen Domain-Recovery\" class=\"wp-image-4850\"><\/figure>\n<\/div>\n<\/div>\n\n\n\n<p class=\"eplus-wrapper has-nv-light-bg-color has-text-color\">Unser Team ber\u00e4t Sie zu der am bes\u00adten geeig\u00adne\u00adten Vor\u00adge\u00adhens\u00adwei\u00adse bei der fest\u00adge\u00adstell\u00adten Ver\u00adlet\u00adzung, von einer ein\u00adfa\u00adchen for\u00admel\u00adlen Mah\u00adnung bis hin zu einem UDRP-Ver\u00adfah\u00adren oder sons\u00adti\u00adgen au\u00dfer\u00adge\u00adricht\u00adli\u00adchen Ma\u00df\u00adnah\u00admen.<\/p>\n\n\n\n<p class=\"eplus-wrapper has-nv-light-bg-color has-text-color\">Unter\u00adneh\u00admen k\u00f6n\u00adnen sich zudem ver\u00adan\u00adlasst sehen \u2013 zum Bei\u00adspiel im Rah\u00admen einer Pro\u00addukt\u00adein\u00adf\u00fch\u00adrung oder der \u00c4nde\u00adrung des Fir\u00admen\u00adna\u00admens \u2013 einen bereits von einer ande\u00adren Insti\u00adtu\u00adti\u00adon regis\u00adtrier\u00adten Domain\u00adna\u00admen kau\u00adfen zu wol\u00adlen. Unser Team beglei\u00adtet Sie beim anony\u00admen R\u00fcck\u00adkauf eines Domain\u00adna\u00admens.<\/p>\n\n\n\n<div style=\"height:40px\" aria-hidden=\"true\" class=\"wp-block-spacer eplus-iVeaWN eplus-wrapper\"><\/div>\n<\/div><\/div>\n\n\n\n<div style=\"height:40px\" aria-hidden=\"true\" class=\"wp-block-spacer eplus-wrapper\"><\/div>\n\n\n\n<div class=\"wp-block-columns is-layout-flex wp-container-core-columns-is-layout-9d6595d7 wp-block-columns-is-layout-flex\">\n<div class=\"wp-block-column is-layout-flow wp-block-column-is-layout-flow\" style=\"flex-basis:50%\">\n<p><a href=\"https:\/\/www.nameshield.com\/de\/geistiges-eigentum\/brand-enforcement-massnahmen\/domain-recovery\/\">Ver\u00adfah\u00adren zur Wie\u00adder\u00aderlan\u00adgung von Domain\u00adna\u00admen<\/a><br><a href=\"https:\/\/www.nameshield.com\/de\/geistiges-eigentum\/brand-enforcement-massnahmen\/domain-ankauf\/\">Ankauf von Domain\u00adna\u00admen<\/a><\/p>\n<\/div>\n\n\n\n<div class=\"wp-block-column is-layout-flow wp-block-column-is-layout-flow\" style=\"flex-basis:50%\">\n<p class=\"has-neve-text-color-color has-nv-light-bg-background-color has-text-color has-background has-link-color wp-elements-b72f1af9f11c59a7e909af9b13c3cba2\">Alle News zum The\u00adma Cyber\u00adsi\u00adcher\u00adheit, Domains und Moni\u00adto\u00adring fin\u00adden Sie im Names\u00adhield <a href=\"https:\/\/blog.nameshield.com\/de\/\" target=\"_blank\" rel=\"noreferrer noopener\">blog<\/a>.<\/p>\n<\/div>\n<\/div>\n\n\n\n<hr class=\"wp-block-separator has-alpha-channel-opacity eplus-wrapper\">\n\n\n\n<p class=\"eplus-wrapper\"><a href=\"https:\/\/www.nameshield.com\/de\/geistiges-eigentum\/audits-analyse-domainname-und-marke\/\">Audits \u2013 Ana\u00adly\u00adse Domain\u00adna\u00adme und Mar\u00adke<\/a><br><a href=\"https:\/\/www.nameshield.com\/de\/geistiges-eigentum\/eine-optimierte-namensstrategie\/\">Opti\u00admie\u00adrung Domain\u00adstra\u00adte\u00adgie<\/a><br><a href=\"https:\/\/www.nameshield.com\/de\/geistiges-eigentum\/ueberwachung-domainnamen\/\">\u00dcber\u00adwa\u00adchung von Domain\u00adna\u00admen<\/a><br><a href=\"https:\/\/www.nameshield.com\/de\/geistiges-eigentum\/web-monitoring\/\">Web Moni\u00adto\u00adring<\/a><\/p>\n\n\n\n<p class=\"eplus-wrapper\"><\/p>\n","protected":false},"excerpt":{"rendered":"<p>Ver\u00adfah\u00adren zur Wie\u00adder\u00aderlan\u00adgung von Domain\u00adna\u00admenAnkauf von Domain\u00adna\u00admen Alle News zum The\u00adma Cyber\u00adsi\u00adcher\u00adheit, Domains und Moni\u00adto\u00adring fin\u00adden Sie im Names\u00adhield blog. Audits \u2013 Ana\u00adly\u00adse Domain\u00adna\u00adme und Mar\u00adkeOpti\u00admie\u00adrung Domain\u00adstra\u00adte\u00adgie\u00dcber\u00adwa\u00adchung von Domain\u00adna\u00admenWeb Moni\u00adto\u00adring<\/p>\n","protected":false},"author":1,"featured_media":0,"parent":194,"menu_order":0,"comment_status":"closed","ping_status":"closed","template":"","meta":{"wp_typography_post_enhancements_disabled":false,"editor_plus_copied_stylings":"{}","_exactmetrics_skip_tracking":false,"_exactmetrics_sitenote_active":false,"_exactmetrics_sitenote_note":"","_exactmetrics_sitenote_category":0,"neve_meta_sidebar":"","neve_meta_container":"","neve_meta_enable_content_width":"on","neve_meta_content_width":100,"neve_meta_title_alignment":"","neve_meta_author_avatar":"","neve_post_elements_order":"","neve_meta_disable_header":"","neve_meta_disable_footer":"","neve_meta_disable_title":"","footnotes":""},"class_list":["post-219","page","type-page","status-publish","hentry"],"yoast_head":"<!-- This site is optimized with the Yoast SEO plugin v27.5 - https:\/\/yoast.com\/product\/yoast-seo-wordpress\/ -->\n<title>Brand Enforcement Ma\u00dfnahmen von Nameshield<\/title>\n<meta name=\"description\" content=\"Nutzen Sie die Brand Enforcement Ma\u00dfnahmen von Nameshield um gegen digitale Markenrechtsverletzungen zu k\u00e4mpfen.\" \/>\n<meta name=\"robots\" content=\"index, follow, max-snippet:-1, max-image-preview:large, max-video-preview:-1\" \/>\n<link rel=\"canonical\" href=\"https:\/\/www.nameshield.com\/de\/geistiges-eigentum\/brand-enforcement-massnahmen\/\" \/>\n<meta property=\"og:locale\" content=\"de_DE\" \/>\n<meta property=\"og:type\" content=\"article\" \/>\n<meta property=\"og:title\" content=\"Brand Enforcement Ma\u00dfnahmen von Nameshield\" \/>\n<meta property=\"og:description\" content=\"Nutzen Sie die Brand Enforcement Ma\u00dfnahmen von Nameshield um gegen digitale Markenrechtsverletzungen zu k\u00e4mpfen.\" \/>\n<meta property=\"og:url\" content=\"https:\/\/www.nameshield.com\/de\/geistiges-eigentum\/brand-enforcement-massnahmen\/\" \/>\n<meta property=\"og:site_name\" content=\"Nameshield\" \/>\n<meta property=\"article:modified_time\" content=\"2024-08-28T14:29:46+00:00\" \/>\n<meta property=\"og:image\" content=\"https:\/\/www.nameshield.com\/wp-content\/uploads\/2021\/06\/Cloud-sync-bro-1024x808.png\" \/>\n<meta name=\"twitter:card\" content=\"summary_large_image\" \/>\n<meta name=\"twitter:label1\" content=\"Gesch\u00e4tzte Lesezeit\" \/>\n\t<meta name=\"twitter:data1\" content=\"2\u00a0Minuten\" \/>\n<script type=\"application\/ld+json\" class=\"yoast-schema-graph\">{\"@context\":\"https:\\\/\\\/schema.org\",\"@graph\":[{\"@type\":\"WebPage\",\"@id\":\"https:\\\/\\\/www.nameshield.com\\\/de\\\/geistiges-eigentum\\\/brand-enforcement-massnahmen\\\/\",\"url\":\"https:\\\/\\\/www.nameshield.com\\\/de\\\/geistiges-eigentum\\\/brand-enforcement-massnahmen\\\/\",\"name\":\"Brand Enforcement Ma\u00dfnahmen von Nameshield\",\"isPartOf\":{\"@id\":\"https:\\\/\\\/www.nameshield.com\\\/de\\\/#website\"},\"primaryImageOfPage\":{\"@id\":\"https:\\\/\\\/www.nameshield.com\\\/de\\\/geistiges-eigentum\\\/brand-enforcement-massnahmen\\\/#primaryimage\"},\"image\":{\"@id\":\"https:\\\/\\\/www.nameshield.com\\\/de\\\/geistiges-eigentum\\\/brand-enforcement-massnahmen\\\/#primaryimage\"},\"thumbnailUrl\":\"https:\\\/\\\/www.nameshield.com\\\/wp-content\\\/uploads\\\/2021\\\/06\\\/Cloud-sync-bro-1024x808.png\",\"datePublished\":\"2022-06-07T12:49:26+00:00\",\"dateModified\":\"2024-08-28T14:29:46+00:00\",\"description\":\"Nutzen Sie die Brand Enforcement Ma\u00dfnahmen von Nameshield um gegen digitale Markenrechtsverletzungen zu k\u00e4mpfen.\",\"breadcrumb\":{\"@id\":\"https:\\\/\\\/www.nameshield.com\\\/de\\\/geistiges-eigentum\\\/brand-enforcement-massnahmen\\\/#breadcrumb\"},\"inLanguage\":\"de\",\"potentialAction\":[{\"@type\":\"ReadAction\",\"target\":[\"https:\\\/\\\/www.nameshield.com\\\/de\\\/geistiges-eigentum\\\/brand-enforcement-massnahmen\\\/\"]}]},{\"@type\":\"ImageObject\",\"inLanguage\":\"de\",\"@id\":\"https:\\\/\\\/www.nameshield.com\\\/de\\\/geistiges-eigentum\\\/brand-enforcement-massnahmen\\\/#primaryimage\",\"url\":\"https:\\\/\\\/www.nameshield.com\\\/wp-content\\\/uploads\\\/2021\\\/06\\\/Cloud-sync-bro-1024x808.png\",\"contentUrl\":\"https:\\\/\\\/www.nameshield.com\\\/wp-content\\\/uploads\\\/2021\\\/06\\\/Cloud-sync-bro-1024x808.png\"},{\"@type\":\"BreadcrumbList\",\"@id\":\"https:\\\/\\\/www.nameshield.com\\\/de\\\/geistiges-eigentum\\\/brand-enforcement-massnahmen\\\/#breadcrumb\",\"itemListElement\":[{\"@type\":\"ListItem\",\"position\":1,\"name\":\"Accueil\",\"item\":\"https:\\\/\\\/www.nameshield.com\\\/de\\\/\"},{\"@type\":\"ListItem\",\"position\":2,\"name\":\"Geistiges Eigentum\",\"item\":\"https:\\\/\\\/www.nameshield.com\\\/de\\\/geistiges-eigentum\\\/\"},{\"@type\":\"ListItem\",\"position\":3,\"name\":\"Brand Enforcement Ma\u00dfnahmen\"}]},{\"@type\":\"WebSite\",\"@id\":\"https:\\\/\\\/www.nameshield.com\\\/de\\\/#website\",\"url\":\"https:\\\/\\\/www.nameshield.com\\\/de\\\/\",\"name\":\"Nameshield\",\"description\":\"Online Assets Security\",\"potentialAction\":[{\"@type\":\"SearchAction\",\"target\":{\"@type\":\"EntryPoint\",\"urlTemplate\":\"https:\\\/\\\/www.nameshield.com\\\/de\\\/?s={search_term_string}\"},\"query-input\":{\"@type\":\"PropertyValueSpecification\",\"valueRequired\":true,\"valueName\":\"search_term_string\"}}],\"inLanguage\":\"de\"}]}<\/script>\n<!-- \/ Yoast SEO plugin. -->","yoast_head_json":{"title":"Brand Enforcement Ma\u00dfnahmen von Nameshield","description":"Nutzen Sie die Brand Enforcement Ma\u00dfnahmen von Nameshield um gegen digitale Markenrechtsverletzungen zu k\u00e4mpfen.","robots":{"index":"index","follow":"follow","max-snippet":"max-snippet:-1","max-image-preview":"max-image-preview:large","max-video-preview":"max-video-preview:-1"},"canonical":"https:\/\/www.nameshield.com\/de\/geistiges-eigentum\/brand-enforcement-massnahmen\/","og_locale":"de_DE","og_type":"article","og_title":"Brand Enforcement Ma\u00dfnahmen von Nameshield","og_description":"Nutzen Sie die Brand Enforcement Ma\u00dfnahmen von Nameshield um gegen digitale Markenrechtsverletzungen zu k\u00e4mpfen.","og_url":"https:\/\/www.nameshield.com\/de\/geistiges-eigentum\/brand-enforcement-massnahmen\/","og_site_name":"Nameshield","article_modified_time":"2024-08-28T14:29:46+00:00","og_image":[{"url":"https:\/\/www.nameshield.com\/wp-content\/uploads\/2021\/06\/Cloud-sync-bro-1024x808.png","type":"","width":"","height":""}],"twitter_card":"summary_large_image","twitter_misc":{"Gesch\u00e4tzte Lesezeit":"2\u00a0Minuten"},"schema":{"@context":"https:\/\/schema.org","@graph":[{"@type":"WebPage","@id":"https:\/\/www.nameshield.com\/de\/geistiges-eigentum\/brand-enforcement-massnahmen\/","url":"https:\/\/www.nameshield.com\/de\/geistiges-eigentum\/brand-enforcement-massnahmen\/","name":"Brand Enforcement Ma\u00dfnahmen von Nameshield","isPartOf":{"@id":"https:\/\/www.nameshield.com\/de\/#website"},"primaryImageOfPage":{"@id":"https:\/\/www.nameshield.com\/de\/geistiges-eigentum\/brand-enforcement-massnahmen\/#primaryimage"},"image":{"@id":"https:\/\/www.nameshield.com\/de\/geistiges-eigentum\/brand-enforcement-massnahmen\/#primaryimage"},"thumbnailUrl":"https:\/\/www.nameshield.com\/wp-content\/uploads\/2021\/06\/Cloud-sync-bro-1024x808.png","datePublished":"2022-06-07T12:49:26+00:00","dateModified":"2024-08-28T14:29:46+00:00","description":"Nutzen Sie die Brand Enforcement Ma\u00dfnahmen von Nameshield um gegen digitale Markenrechtsverletzungen zu k\u00e4mpfen.","breadcrumb":{"@id":"https:\/\/www.nameshield.com\/de\/geistiges-eigentum\/brand-enforcement-massnahmen\/#breadcrumb"},"inLanguage":"de","potentialAction":[{"@type":"ReadAction","target":["https:\/\/www.nameshield.com\/de\/geistiges-eigentum\/brand-enforcement-massnahmen\/"]}]},{"@type":"ImageObject","inLanguage":"de","@id":"https:\/\/www.nameshield.com\/de\/geistiges-eigentum\/brand-enforcement-massnahmen\/#primaryimage","url":"https:\/\/www.nameshield.com\/wp-content\/uploads\/2021\/06\/Cloud-sync-bro-1024x808.png","contentUrl":"https:\/\/www.nameshield.com\/wp-content\/uploads\/2021\/06\/Cloud-sync-bro-1024x808.png"},{"@type":"BreadcrumbList","@id":"https:\/\/www.nameshield.com\/de\/geistiges-eigentum\/brand-enforcement-massnahmen\/#breadcrumb","itemListElement":[{"@type":"ListItem","position":1,"name":"Accueil","item":"https:\/\/www.nameshield.com\/de\/"},{"@type":"ListItem","position":2,"name":"Geistiges Eigentum","item":"https:\/\/www.nameshield.com\/de\/geistiges-eigentum\/"},{"@type":"ListItem","position":3,"name":"Brand Enforcement Ma\u00dfnahmen"}]},{"@type":"WebSite","@id":"https:\/\/www.nameshield.com\/de\/#website","url":"https:\/\/www.nameshield.com\/de\/","name":"Nameshield","description":"Online Assets Security","potentialAction":[{"@type":"SearchAction","target":{"@type":"EntryPoint","urlTemplate":"https:\/\/www.nameshield.com\/de\/?s={search_term_string}"},"query-input":{"@type":"PropertyValueSpecification","valueRequired":true,"valueName":"search_term_string"}}],"inLanguage":"de"}]}},"_links":{"self":[{"href":"https:\/\/www.nameshield.com\/de\/wp-json\/wp\/v2\/pages\/219","targetHints":{"allow":["GET"]}}],"collection":[{"href":"https:\/\/www.nameshield.com\/de\/wp-json\/wp\/v2\/pages"}],"about":[{"href":"https:\/\/www.nameshield.com\/de\/wp-json\/wp\/v2\/types\/page"}],"author":[{"embeddable":true,"href":"https:\/\/www.nameshield.com\/de\/wp-json\/wp\/v2\/users\/1"}],"replies":[{"embeddable":true,"href":"https:\/\/www.nameshield.com\/de\/wp-json\/wp\/v2\/comments?post=219"}],"version-history":[{"count":25,"href":"https:\/\/www.nameshield.com\/de\/wp-json\/wp\/v2\/pages\/219\/revisions"}],"predecessor-version":[{"id":1654,"href":"https:\/\/www.nameshield.com\/de\/wp-json\/wp\/v2\/pages\/219\/revisions\/1654"}],"up":[{"embeddable":true,"href":"https:\/\/www.nameshield.com\/de\/wp-json\/wp\/v2\/pages\/194"}],"wp:attachment":[{"href":"https:\/\/www.nameshield.com\/de\/wp-json\/wp\/v2\/media?parent=219"}],"curies":[{"name":"wp","href":"https:\/\/api.w.org\/{rel}","templated":true}]}}