{"id":208,"date":"2022-06-07T12:28:39","date_gmt":"2022-06-07T10:28:39","guid":{"rendered":"https:\/\/www.nameshield.com\/de\/?page_id=208"},"modified":"2024-08-28T16:27:15","modified_gmt":"2024-08-28T14:27:15","slug":"web-monitoring","status":"publish","type":"page","link":"https:\/\/www.nameshield.com\/de\/geistiges-eigentum\/web-monitoring\/","title":{"rendered":"Web Monitoring"},"content":{"rendered":"\n<div class=\"wp-block-cover alignfull is-light eplus-g8WmOJ eplus-wrapper\"><span aria-hidden=\"true\" class=\"wp-block-cover__background has-background-dim-100 has-background-dim has-background-gradient\" style=\"background:linear-gradient(135deg,rgb(21,115,191) 0%,rgb(255,0,0) 100%)\"><\/span><div class=\"wp-block-cover__inner-container is-layout-flow wp-block-cover-is-layout-flow\">\n<div style=\"height:56px\" aria-hidden=\"true\" class=\"wp-block-spacer eplus-jHQ0mn eplus-wrapper\"><\/div>\n\n\n\n<div class=\"wp-block-columns eplus-yhMUPb eplus-wrapper is-layout-flex wp-container-core-columns-is-layout-9d6595d7 wp-block-columns-is-layout-flex\">\n<div class=\"wp-block-column is-vertically-aligned-center eplus-uZP09p eplus-wrapper is-layout-flow wp-block-column-is-layout-flow\" style=\"flex-basis:50%\">\n<p class=\"eplus-wrapper has-nv-light-bg-color has-text-color\">Web Moni\u00adto\u00adring oder Con\u00adtent Moni\u00adto\u00adring zur genau\u00aden Beob\u00adach\u00adtung der Ent\u00adwick\u00adlun\u00adgen auf einer Web\u00adsite.<\/p>\n\n\n\n<p class=\"eplus-wrapper has-nv-light-bg-color has-text-color\">Die digi\u00adta\u00adle Welt befin\u00addet sich in st\u00e4n\u00addi\u00adger Evo\u00adlu\u00adti\u00adon, jeden Tag ver\u00adschwin\u00adden Web\u00adsites, tau\u00adchen wie\u00adder auf, wech\u00adseln den Besit\u00adzer, \u00e4ndern ihren Inhalt etc.<\/p>\n\n\n\n<p class=\"eplus-wrapper has-nv-light-bg-color has-text-color\">Um die bes\u00adten Vor\u00adaus\u00adset\u00adzun\u00adgen f\u00fcr den Schutz Ihrer Mar\u00adke im Inter\u00adnet zu schaf\u00adfen, m\u00fcs\u00adsen poten\u00adzi\u00adell sch\u00e4d\u00adli\u00adche Web\u00adsites unter Moni\u00adto\u00adring gestellt wer\u00adden:<\/p>\n\n\n\n<ul class=\"wp-block-list eplus-wrapper has-nv-light-bg-color has-text-color\">\n<li class=\"eplus-wrapper\">Domain\u00adna\u00admen, die zwar ange\u00admel\u00addet sind, aber nicht genutzt wer\u00adden<\/li>\n\n\n\n<li class=\"eplus-wrapper\">Web\u00adsites, die wahr\u00adschein\u00adlich Pla\u00adgia\u00adte anbie\u00adten<\/li>\n\n\n\n<li class=\"eplus-wrapper\">Inhalt, der gel\u00f6scht wur\u00adde, jedoch wie\u00adder auf\u00adtau\u00adchen kann<\/li>\n\n\n\n<li class=\"eplus-wrapper\">\u00c4nde\u00adrung der Inha\u00adber\u00adschaft eines Domain\u00adna\u00admens<\/li>\n\n\n\n<li class=\"eplus-wrapper\">usw.<\/li>\n<\/ul>\n<\/div>\n\n\n\n<div class=\"wp-block-column eplus-2RXwNF eplus-wrapper is-layout-flow wp-block-column-is-layout-flow\" style=\"flex-basis:50%\">\n<figure class=\"wp-block-image size-large eplus-VHAIUT eplus-wrapper\"><img decoding=\"async\" src=\"https:\/\/www.nameshield.com\/wp-content\/uploads\/2021\/06\/Cloud-sync-bro-1024x808.png\" alt=\"Web Monitoring und Bericht\" class=\"wp-image-4850\"><\/figure>\n<\/div>\n<\/div>\n\n\n\n<div style=\"height:40px\" aria-hidden=\"true\" class=\"wp-block-spacer eplus-iVeaWN eplus-wrapper\"><\/div>\n<\/div><\/div>\n\n\n\n<div style=\"height:48px\" aria-hidden=\"true\" class=\"wp-block-spacer eplus-HGoFBZ eplus-wrapper\"><\/div>\n\n\n\n<div class=\"wp-block-columns eplus-TbnOBU eplus-wrapper is-layout-flex wp-container-core-columns-is-layout-9d6595d7 wp-block-columns-is-layout-flex\">\n<div class=\"wp-block-column eplus-kPPcUv eplus-wrapper is-layout-flow wp-block-column-is-layout-flow\">\n<h3 class=\"wp-block-heading eplus-wrapper\">Unser Web Monitoring Reporting-einfach und pr\u00e4gnant<\/h3>\n\n\n\n<p class=\"eplus-wrapper\">Wir bei Names\u00adhield sind davon \u00fcber\u00adzeugt, dass Pr\u00e4\u00adgnanz und Rele\u00advanz von Infor\u00adma\u00adtio\u00adnen von ent\u00adschei\u00adden\u00adder Bedeu\u00adtung sind.<\/p>\n\n\n\n<p class=\"eplus-wrapper\">Aus die\u00adsem Grund gestal\u00adten wir unse\u00adre Berich\u00adte so, dass sie auf einen Blick gele\u00adsen und ver\u00adstan\u00adden wer\u00adden k\u00f6n\u00adnen.<\/p>\n\n\n\n<p class=\"eplus-wrapper\">Grei\u00adfen Sie ohne Ein\u00adga\u00adbe von Anmel\u00adde\u00adda\u00adten direkt \u00fcber eine E\u2011Mail auf Vor\u00adher-Nach\u00adher-Screen\u00adshots des \u00fcber\u00adwach\u00adten Ele\u00adments zu.<\/p>\n\n\n\n<p class=\"eplus-wrapper\">Wenn Sie meh\u00adre\u00adre Web\u00adsites gleich\u00adzei\u00adtig \u00fcber\u00adwa\u00adchen, b\u00fcn\u00addeln wir die Benach\u00adrich\u00adti\u00adgun\u00adgen nat\u00fcr\u00adlich: Sie erhal\u00adten maxi\u00admal eine E\u2011Mail pro Tag!<\/p>\n\n\n\n<p class=\"eplus-wrapper\">Brau\u00adchen Sie Hil\u00adfe?<\/p>\n\n\n\n<p class=\"eplus-wrapper\">Je nach Ihren Bed\u00fcrf\u00adnis\u00adsen und dem Umfang und der Detail\u00adge\u00adnau\u00adig\u00adkeit Ihrer \u00dcber\u00adwa\u00adchung kann das Moni\u00adto\u00adring von Domain\u00adna\u00admen oder Web\u00adsei\u00adten mit einem hohen Zeit\u00adauf\u00adwand f\u00fcr Sie ver\u00adbun\u00adden sein.<\/p>\n\n\n\n<p class=\"eplus-wrapper\">In die\u00adsem Fall k\u00f6n\u00adnen Sie ent\u00adschei\u00adden, dass auch unse\u00adre Ana\u00adlys\u00adten die Benach\u00adrich\u00adti\u00adgun\u00adgen erhal\u00adten. Die\u00adse k\u00f6n\u00adnen sie ana\u00adly\u00adsie\u00adren, das Wesent\u00adli\u00adche her\u00adaus\u00adfil\u00adtern und Ihnen nur die\u00adje\u00adni\u00adgen \u00fcber\u00admit\u00adteln, die f\u00fcr Sie von Inter\u00ades\u00adse sind \u2013 je nach Ihren Bed\u00fcrf\u00adnis\u00adsen und Kapa\u00adzi\u00adt\u00e4\u00adten.<\/p>\n\n\n\n<p class=\"eplus-wrapper\">Falls erfor\u00adder\u00adlich, las\u00adsen wir Ihnen direkt ers\u00adte auf Sie zuge\u00adschnit\u00adte\u00adne Hand\u00adlungs\u00ademp\u00adfeh\u00adlun\u00adgen zukom\u00admen.<\/p>\n\n\n\n<p class=\"eplus-wrapper\">Kon\u00adzen\u00adtrie\u00adren Sie sich auf Ihr Kern\u00adge\u00adsch\u00e4ft, Names\u00adhield wacht \u00fcber Ihre Mar\u00adken!<\/p>\n<\/div>\n\n\n\n<div class=\"wp-block-column eplus-yN1t7S eplus-wrapper is-layout-flow wp-block-column-is-layout-flow\">\n<h3 class=\"wp-block-heading eplus-wrapper\">Ein, zwei oder drei \u00dcberwachungskriterien \u2026 Sie w\u00e4hlen das passende Paket in Abh\u00e4ngigkeit Ihrer Bed\u00fcrfnisse:<\/h3>\n\n\n\n<h4 class=\"wp-block-heading eplus-wrapper\">Status\u00fcberwachung<\/h4>\n\n\n\n<p class=\"eplus-wrapper\">Ein ange\u00admel\u00adde\u00adter Domain\u00adna\u00adme kann \u00fcber Mona\u00adte unge\u00adnutzt blei\u00adben. Las\u00adsen Sie sich sofort benach\u00adrich\u00adti\u00adgen, wenn dort eine Web\u00adsei\u00adte ein\u00adge\u00adrich\u00adtet wird. Las\u00adsen Sie sich umge\u00adkehrt auch benach\u00adrich\u00adti\u00adgen, wenn eine akti\u00adve Sei\u00adte inak\u00adtiv wird, was ein m\u00f6g\u00adli\u00adches Indiz f\u00fcr die bal\u00addi\u00adge Auf\u00adga\u00adbe eines Domain\u00adna\u00admens ist.<\/p>\n\n\n\n<h4 class=\"wp-block-heading eplus-wrapper\">Inhalts\u00fcberwachung<\/h4>\n\n\n\n<p class=\"eplus-wrapper\">Akti\u00advie\u00adren Sie das Web Moni\u00adto\u00adring f\u00fcr eine Web\u00adsei\u00adte, um zu \u00fcber\u00adpr\u00fc\u00adfen, ob sie sich ver\u00ad\u00e4n\u00addert (Tex\u00adte, visu\u00adel\u00adle Inhal\u00adte, usw.)<\/p>\n\n\n\n<p class=\"eplus-wrapper\">Len\u00adken Sie Ihre Auf\u00admerk\u00adsam\u00adkeit je nach Ihren Bed\u00fcrf\u00adnis\u00adsen auf ver\u00adschie\u00adde\u00adne Aspek\u00adte:<\/p>\n\n\n\n<ul class=\"wp-block-list eplus-wrapper\">\n<li class=\"eplus-wrapper\">Modi\u00adfi\u00adzie\u00adrung des Sei\u00adten\u00adtexts<\/li>\n\n\n\n<li class=\"eplus-wrapper\">Modi\u00adfi\u00adzie\u00adrung der visu\u00adel\u00adlen Inhal\u00adte<\/li>\n\n\n\n<li class=\"eplus-wrapper\">Modi\u00adfi\u00adzie\u00adrung der Wei\u00adter\u00adlei\u00adtungs\u00adket\u00adte<\/li>\n\n\n\n<li class=\"eplus-wrapper\">Auf\u00adtau\u00adchen oder Ver\u00adschwin\u00adden von mit Ihrer Mar\u00adke in Ver\u00adbin\u00addung ste\u00adhen\u00adden Key-Words.<\/li>\n<\/ul>\n\n\n\n<h4 class=\"wp-block-heading eplus-wrapper\">WHOIS-\u00dcberwachung<\/h4>\n\n\n\n<p class=\"eplus-wrapper\">Kon\u00adtrol\u00adlie\u00adren Sie die WHOIS-Infor\u00adma\u00adtio\u00adnen eines Domain\u00adna\u00admens: \u00c4nde\u00adrung des Besit\u00adzers oder der DNS-Ser\u00adver, nahen\u00addes Ablauf\u00adda\u00adtum etc.<\/p>\n<\/div>\n<\/div>\n\n\n\n<div style=\"height:48px\" aria-hidden=\"true\" class=\"wp-block-spacer eplus-iYMUgW eplus-wrapper\"><\/div>\n\n\n\n<div class=\"wp-block-cover alignfull eplus-0ovlFj eplus-wrapper\"><span aria-hidden=\"true\" class=\"wp-block-cover__background has-nv-light-bg-background-color has-background-dim-100 has-background-dim\"><\/span><div class=\"wp-block-cover__inner-container is-layout-flow wp-block-cover-is-layout-flow\">\n<div style=\"height:40px\" aria-hidden=\"true\" class=\"wp-block-spacer eplus-D3hcS5 eplus-wrapper\"><\/div>\n\n\n\n<div class=\"wp-block-columns are-vertically-aligned-top eplus-g7RWh4 eplus-wrapper is-layout-flex wp-container-core-columns-is-layout-9d6595d7 wp-block-columns-is-layout-flex\">\n<div class=\"wp-block-column is-vertically-aligned-top eplus-l5w0VZ eplus-wrapper is-layout-flow wp-block-column-is-layout-flow\" style=\"flex-basis:50%\">\n<h2 class=\"wp-block-heading eplus-g0iGTa eplus-wrapper has-neve-text-color-color has-text-color\"><em>Web<\/em> <em>Monitoring <\/em><\/h2>\n\n\n\n<p class=\"eplus-wrapper has-neve-text-color-color has-text-color has-link-color wp-elements-d50a751d4cc950060acd24bd8962930e\">Ihre Mar\u00adken sind t\u00e4g\u00adlich Angrif\u00adfen \u00fcber das Inter\u00adnet aus\u00adge\u00adsetzt. Um effi\u00adzi\u00adent han\u00addeln zu k\u00f6n\u00adnen, m\u00fcs\u00adsen Sie die Ver\u00adlet\u00adzun\u00adgen leicht erken\u00adnen.<\/p>\n\n\n\n<h3 class=\"wp-block-heading eplus-wrapper has-neve-text-color-color has-text-color has-link-color wp-elements-a5a30c0a99316a15c4727e70d21e5158\">Unsere L\u00f6sung f\u00fcr Web Monitoring: eine Datenaggregationsplattform<\/h3>\n\n\n\n<p class=\"eplus-wrapper has-neve-text-color-color has-text-color has-link-color wp-elements-69a3255163b0fff9e8e323bd96fecff5\">Names\u00adhield stellt Ihnen sein Fach\u00adwis\u00adsen und sei\u00adne Tech\u00adno\u00adlo\u00adgie zur Ver\u00adf\u00fc\u00adgung, um Bedro\u00adhun\u00adgen zu erken\u00adnen und sie zu bek\u00e4mp\u00adfen:<\/p>\n\n\n\n<ul class=\"wp-block-list eplus-wrapper has-neve-text-color-color has-text-color\">\n<li class=\"eplus-wrapper\">Online-\u00dcber\u00adwa\u00adchung von Such\u00adma\u00adschi\u00adnen, Domain\u00adna\u00admen, sozia\u00adlen Netz\u00adwer\u00adken und mobi\u00adlen Apps<\/li>\n\n\n\n<li class=\"eplus-wrapper\">Exper\u00adten\u00adteams, die die Ana\u00adly\u00adse der erho\u00adbe\u00adnen Daten f\u00fcr Sie \u00fcber\u00adneh\u00admen k\u00f6n\u00adnen<\/li>\n\n\n\n<li class=\"eplus-wrapper\">Rechts\u00adab\u00adtei\u00adlung, die Sie bei der Durch\u00adset\u00adzung Ihrer Anlie\u00adgen unter\u00adst\u00fctzt<\/li>\n\n\n\n<li class=\"eplus-wrapper\">Leis\u00adtungs\u00adstar\u00adkes Daten\u00adver\u00adar\u00adbei\u00adtungs\u00adtool.<\/li>\n<\/ul>\n<\/div>\n\n\n\n<div class=\"wp-block-column is-vertically-aligned-top eplus-ae6lZZ eplus-wrapper is-layout-flow wp-block-column-is-layout-flow\" style=\"flex-basis:50%\">\n<h3 class=\"wp-block-heading eplus-wrapper has-neve-text-color-color has-text-color has-link-color wp-elements-5eef9006cd847124d2e789cfca953285\">Die Datenaggregationsplattform ist:<\/h3>\n\n\n\n<h4 class=\"wp-block-heading eplus-wrapper has-neve-text-color-color has-text-color has-link-color wp-elements-da5c87a81880bb2b7e6cf02cfeacf458\">Eine personalisierbare Schnittstelle<\/h4>\n\n\n\n<p class=\"eplus-wrapper has-neve-text-color-color has-text-color\">Modu\u00adlier\u00adba\u00adre Arbeits\u00adbe\u00adrei\u00adche f\u00fcr jede ein\u00adzel\u00adne Ihrer Mar\u00adken.<\/p>\n\n\n\n<p class=\"eplus-wrapper has-neve-text-color-color has-text-color\">Ihre Benach\u00adrich\u00adti\u00adgun\u00adgen, Berich\u00adte, Ma\u00df\u00adnah\u00admen und Lis\u00adten auf einem Inter\u00adface ver\u00adeint.<\/p>\n\n\n\n<h4 class=\"wp-block-heading eplus-wrapper has-neve-text-color-color has-text-color has-link-color wp-elements-c06ccec660490eacff786a8056b1daf7\">Leistungsstarke Technologie<\/h4>\n\n\n\n<p class=\"eplus-wrapper has-neve-text-color-color has-text-color has-link-color wp-elements-05df2eaf67b2253c813bd1ea854b327a\">Abde\u00adckung unter\u00adschied\u00adli\u00adcher Quel\u00adlen durch ein ein\u00adzi\u00adges Tool.<\/p>\n\n\n\n<h4 class=\"wp-block-heading eplus-wrapper has-neve-text-color-color has-text-color has-link-color wp-elements-7f0329475f06d8b1a0138b5952d95aba\">Die Methodik<\/h4>\n\n\n\n<p class=\"eplus-wrapper has-neve-text-color-color has-text-color has-link-color wp-elements-e90803b9c0c09acd7308839137a167b4\">Erken\u00adnung -&gt; Befund -&gt; Bericht -&gt; Ma\u00df\u00adnah\u00adme.<\/p>\n\n\n\n<figure class=\"wp-block-image size-large eplus-nVkeSx eplus-wrapper\"><img decoding=\"async\" src=\"https:\/\/www.nameshield.com\/wp-content\/uploads\/2021\/06\/Online-bro-1024x1024.png\" alt=\"Mann zufrieden mit Web Monitoring\" class=\"wp-image-4853\"><\/figure>\n<\/div>\n<\/div>\n\n\n\n<div style=\"height:40px\" aria-hidden=\"true\" class=\"wp-block-spacer eplus-2W6KVS eplus-wrapper\"><\/div>\n<\/div><\/div>\n\n\n\n<div style=\"height:48px\" aria-hidden=\"true\" class=\"wp-block-spacer eplus-pJali7 eplus-wrapper\"><\/div>\n\n\n\n<div class=\"wp-block-columns eplus-hkxjsL eplus-wrapper is-layout-flex wp-container-core-columns-is-layout-9d6595d7 wp-block-columns-is-layout-flex\">\n<div class=\"wp-block-column eplus-3pgtfP eplus-wrapper is-layout-flow wp-block-column-is-layout-flow\">\n<h3 class=\"wp-block-heading eplus-wrapper\">Die Methodik:<\/h3>\n\n\n\n<ul class=\"wp-block-list eplus-wrapper\">\n<li class=\"eplus-wrapper\"><strong>Road\u00admap<\/strong><\/li>\n<\/ul>\n\n\n\n<p class=\"eplus-wrapper\">Erfass\u00adte Daten wer\u00adden auf einer Road\u00admap pr\u00e4\u00adsen\u00adtiert<\/p>\n\n\n\n<ul class=\"wp-block-list eplus-wrapper\">\n<li class=\"eplus-wrapper\"><strong><strong>Detail\u00adaus\u00adwer\u00adtung<\/strong><\/strong><\/li>\n<\/ul>\n\n\n\n<p class=\"eplus-wrapper\">Fil\u00adter\u00adfunk\u00adtio\u00adnen erm\u00f6g\u00adli\u00adchen Detail\u00adana\u00adly\u00adsen<\/p>\n\n\n\n<ul class=\"wp-block-list eplus-wrapper\">\n<li class=\"eplus-wrapper\"><strong><strong>Ein\u00adfa\u00adcher Zugang optio\u00adnal mit Exper\u00adten\u00adana\u00adly\u00adse<\/strong><\/strong><\/li>\n<\/ul>\n\n\n\n<p class=\"eplus-wrapper\">Eigen\u00adst\u00e4n\u00addi\u00adger Zugang zu den Daten im Inter\u00adface, der auf Wunsch durch eine Bewer\u00adtung durch unse\u00adre Exper\u00adten erg\u00e4nzt wird.<\/p>\n<\/div>\n\n\n\n<div class=\"wp-block-column eplus-mOVfS6 eplus-wrapper is-layout-flow wp-block-column-is-layout-flow\">\n<h3 class=\"wp-block-heading eplus-wrapper\">Die Quellen<\/h3>\n\n\n\n<ul class=\"wp-block-list eplus-wrapper\">\n<li class=\"eplus-wrapper\"><strong>Domain\u00adna\u00admen:<\/strong> gTLDs, New gTLDs und ccTLDs, Scan zur Ermitt\u00adlung der Namen, die eine genaue oder unge\u00adf\u00e4h\u00adre \u00dcber\u00adein\u00adstim\u00admung mit Ihrer Mar\u00adke ent\u00adhal\u00adten<\/li>\n\n\n\n<li class=\"eplus-wrapper\"><strong>Such\u00adma\u00adschi\u00adnen:<\/strong> \u00dcber\u00adwa\u00adchung von Anfra\u00adgen zu Ihren Mar\u00adken<\/li>\n\n\n\n<li class=\"eplus-wrapper\"><strong>Sozia\u00adle Netz\u00adwer\u00adke:<\/strong> Pro\u00adfi\u00adle der wich\u00adtigs\u00adten sozia\u00adlen Netz\u00adwer\u00adke. <br>\u00dcber\u00adwa\u00adchung von Inhal\u00adten auf Twit\u00adter in 10 Spra\u00adchen<\/li>\n\n\n\n<li class=\"eplus-wrapper\"><strong>Mobi\u00adle Apps:<\/strong> iTu\u00adnes \/ Goog\u00adle Play \/ Micro\u00adsoft.<\/li>\n<\/ul>\n\n\n\n<p class=\"has-neve-text-color-color has-nv-light-bg-background-color has-text-color has-background has-link-color wp-elements-b72f1af9f11c59a7e909af9b13c3cba2\">Alle News zum The\u00adma Cyber\u00adsi\u00adcher\u00adheit, Domains und Moni\u00adto\u00adring fin\u00adden Sie im Names\u00adhield <a href=\"https:\/\/blog.nameshield.com\/de\/\" target=\"_blank\" rel=\"noreferrer noopener\">blog<\/a>.<\/p>\n<\/div>\n<\/div>\n\n\n\n<hr class=\"wp-block-separator has-alpha-channel-opacity eplus-wrapper\">\n\n\n\n<p class=\"eplus-wrapper\"><a href=\"https:\/\/www.nameshield.com\/de\/geistiges-eigentum\/audits-analyse-domainname-und-marke\/\">Audits \u2013 Ana\u00adly\u00adse Domain\u00adna\u00adme und Mar\u00adke<\/a><br><a href=\"https:\/\/www.nameshield.com\/de\/geistiges-eigentum\/eine-optimierte-namensstrategie\/\">Opti\u00admie\u00adrung Domain\u00adstra\u00adte\u00adgie<\/a><br><a href=\"https:\/\/www.nameshield.com\/de\/geistiges-eigentum\/ueberwachung-domainnamen\/\">\u00dcber\u00adwa\u00adchung von Domain\u00adna\u00admen<\/a><br><a href=\"https:\/\/www.nameshield.com\/de\/geistiges-eigentum\/wiedererlangungsverfahren-und-aussergerichtliche-massnahmen\/\">Brand Enforce\u00adment Ma\u00df\u00adnah\u00admen<\/a><\/p>\n","protected":false},"excerpt":{"rendered":"<p>Unser Web Moni\u00adto\u00adring Report\u00ading-ein\u00adfach und pr\u00e4\u00adgnant Wir bei Names\u00adhield sind davon \u00fcber\u00adzeugt, dass Pr\u00e4\u00adgnanz und Rele\u00advanz von Infor\u00adma\u00adtio\u00adnen von ent\u00adschei\u00adden\u00adder Bedeu\u00adtung sind. Aus die\u00adsem Grund gestal\u00adten wir unse\u00adre Berich\u00adte so, dass sie auf einen Blick gele\u00adsen und ver\u00adstan\u00adden wer\u00adden k\u00f6n\u00adnen. Grei\u00adfen Sie ohne Ein\u00adga\u00adbe von Anmel\u00adde\u00adda\u00adten direkt \u00fcber eine E\u2011Mail auf Vor\u00ad\u00adher-Nach\u00adher-Screen\u00adshots des \u00fcber\u00adwach\u00adten Ele\u00adments\u2026&nbsp;<a href=\"https:\/\/www.nameshield.com\/de\/geistiges-eigentum\/web-monitoring\/\" class rel=\"bookmark\">Wei\u00adter\u00adle\u00adsen \u00bb<span class=\"screen-reader-text\">Web Moni\u00adto\u00adring<\/span><\/a><\/p>\n","protected":false},"author":1,"featured_media":0,"parent":194,"menu_order":0,"comment_status":"closed","ping_status":"closed","template":"","meta":{"wp_typography_post_enhancements_disabled":false,"editor_plus_copied_stylings":"{}","_exactmetrics_skip_tracking":false,"_exactmetrics_sitenote_active":false,"_exactmetrics_sitenote_note":"","_exactmetrics_sitenote_category":0,"neve_meta_sidebar":"","neve_meta_container":"","neve_meta_enable_content_width":"on","neve_meta_content_width":100,"neve_meta_title_alignment":"","neve_meta_author_avatar":"","neve_post_elements_order":"","neve_meta_disable_header":"","neve_meta_disable_footer":"","neve_meta_disable_title":"","footnotes":""},"class_list":["post-208","page","type-page","status-publish","hentry"],"yoast_head":"<!-- This site is optimized with the Yoast SEO plugin v27.5 - https:\/\/yoast.com\/product\/yoast-seo-wordpress\/ -->\n<title>Web Monitoring<\/title>\n<meta name=\"description\" content=\"Mit dem Web Monitoring oder Content Monitoring von Nameshield \u00fcberwachen Sie Statusver\u00e4nderungen und den Inhalt einer Website.\" \/>\n<meta name=\"robots\" content=\"index, follow, max-snippet:-1, max-image-preview:large, max-video-preview:-1\" \/>\n<link rel=\"canonical\" href=\"https:\/\/www.nameshield.com\/de\/geistiges-eigentum\/web-monitoring\/\" \/>\n<meta property=\"og:locale\" content=\"de_DE\" \/>\n<meta property=\"og:type\" content=\"article\" \/>\n<meta property=\"og:title\" content=\"Web Monitoring\" \/>\n<meta property=\"og:description\" content=\"Mit dem Web Monitoring oder Content Monitoring von Nameshield \u00fcberwachen Sie Statusver\u00e4nderungen und den Inhalt einer Website.\" \/>\n<meta property=\"og:url\" content=\"https:\/\/www.nameshield.com\/de\/geistiges-eigentum\/web-monitoring\/\" \/>\n<meta property=\"og:site_name\" content=\"Nameshield\" \/>\n<meta property=\"article:modified_time\" content=\"2024-08-28T14:27:15+00:00\" \/>\n<meta property=\"og:image\" content=\"https:\/\/www.nameshield.com\/wp-content\/uploads\/2021\/06\/Cloud-sync-bro-1024x808.png\" \/>\n<meta name=\"twitter:card\" content=\"summary_large_image\" \/>\n<meta name=\"twitter:label1\" content=\"Gesch\u00e4tzte Lesezeit\" \/>\n\t<meta name=\"twitter:data1\" content=\"4\u00a0Minuten\" \/>\n<script type=\"application\/ld+json\" class=\"yoast-schema-graph\">{\"@context\":\"https:\\\/\\\/schema.org\",\"@graph\":[{\"@type\":\"WebPage\",\"@id\":\"https:\\\/\\\/www.nameshield.com\\\/de\\\/geistiges-eigentum\\\/web-monitoring\\\/\",\"url\":\"https:\\\/\\\/www.nameshield.com\\\/de\\\/geistiges-eigentum\\\/web-monitoring\\\/\",\"name\":\"Web Monitoring\",\"isPartOf\":{\"@id\":\"https:\\\/\\\/www.nameshield.com\\\/de\\\/#website\"},\"primaryImageOfPage\":{\"@id\":\"https:\\\/\\\/www.nameshield.com\\\/de\\\/geistiges-eigentum\\\/web-monitoring\\\/#primaryimage\"},\"image\":{\"@id\":\"https:\\\/\\\/www.nameshield.com\\\/de\\\/geistiges-eigentum\\\/web-monitoring\\\/#primaryimage\"},\"thumbnailUrl\":\"https:\\\/\\\/www.nameshield.com\\\/wp-content\\\/uploads\\\/2021\\\/06\\\/Cloud-sync-bro-1024x808.png\",\"datePublished\":\"2022-06-07T10:28:39+00:00\",\"dateModified\":\"2024-08-28T14:27:15+00:00\",\"description\":\"Mit dem Web Monitoring oder Content Monitoring von Nameshield \u00fcberwachen Sie Statusver\u00e4nderungen und den Inhalt einer Website.\",\"breadcrumb\":{\"@id\":\"https:\\\/\\\/www.nameshield.com\\\/de\\\/geistiges-eigentum\\\/web-monitoring\\\/#breadcrumb\"},\"inLanguage\":\"de\",\"potentialAction\":[{\"@type\":\"ReadAction\",\"target\":[\"https:\\\/\\\/www.nameshield.com\\\/de\\\/geistiges-eigentum\\\/web-monitoring\\\/\"]}]},{\"@type\":\"ImageObject\",\"inLanguage\":\"de\",\"@id\":\"https:\\\/\\\/www.nameshield.com\\\/de\\\/geistiges-eigentum\\\/web-monitoring\\\/#primaryimage\",\"url\":\"https:\\\/\\\/www.nameshield.com\\\/wp-content\\\/uploads\\\/2021\\\/06\\\/Cloud-sync-bro-1024x808.png\",\"contentUrl\":\"https:\\\/\\\/www.nameshield.com\\\/wp-content\\\/uploads\\\/2021\\\/06\\\/Cloud-sync-bro-1024x808.png\"},{\"@type\":\"BreadcrumbList\",\"@id\":\"https:\\\/\\\/www.nameshield.com\\\/de\\\/geistiges-eigentum\\\/web-monitoring\\\/#breadcrumb\",\"itemListElement\":[{\"@type\":\"ListItem\",\"position\":1,\"name\":\"Accueil\",\"item\":\"https:\\\/\\\/www.nameshield.com\\\/de\\\/\"},{\"@type\":\"ListItem\",\"position\":2,\"name\":\"Geistiges Eigentum\",\"item\":\"https:\\\/\\\/www.nameshield.com\\\/de\\\/geistiges-eigentum\\\/\"},{\"@type\":\"ListItem\",\"position\":3,\"name\":\"Web Monitoring\"}]},{\"@type\":\"WebSite\",\"@id\":\"https:\\\/\\\/www.nameshield.com\\\/de\\\/#website\",\"url\":\"https:\\\/\\\/www.nameshield.com\\\/de\\\/\",\"name\":\"Nameshield\",\"description\":\"Online Assets Security\",\"potentialAction\":[{\"@type\":\"SearchAction\",\"target\":{\"@type\":\"EntryPoint\",\"urlTemplate\":\"https:\\\/\\\/www.nameshield.com\\\/de\\\/?s={search_term_string}\"},\"query-input\":{\"@type\":\"PropertyValueSpecification\",\"valueRequired\":true,\"valueName\":\"search_term_string\"}}],\"inLanguage\":\"de\"}]}<\/script>\n<!-- \/ Yoast SEO plugin. -->","yoast_head_json":{"title":"Web Monitoring","description":"Mit dem Web Monitoring oder Content Monitoring von Nameshield \u00fcberwachen Sie Statusver\u00e4nderungen und den Inhalt einer Website.","robots":{"index":"index","follow":"follow","max-snippet":"max-snippet:-1","max-image-preview":"max-image-preview:large","max-video-preview":"max-video-preview:-1"},"canonical":"https:\/\/www.nameshield.com\/de\/geistiges-eigentum\/web-monitoring\/","og_locale":"de_DE","og_type":"article","og_title":"Web Monitoring","og_description":"Mit dem Web Monitoring oder Content Monitoring von Nameshield \u00fcberwachen Sie Statusver\u00e4nderungen und den Inhalt einer Website.","og_url":"https:\/\/www.nameshield.com\/de\/geistiges-eigentum\/web-monitoring\/","og_site_name":"Nameshield","article_modified_time":"2024-08-28T14:27:15+00:00","og_image":[{"url":"https:\/\/www.nameshield.com\/wp-content\/uploads\/2021\/06\/Cloud-sync-bro-1024x808.png","type":"","width":"","height":""}],"twitter_card":"summary_large_image","twitter_misc":{"Gesch\u00e4tzte Lesezeit":"4\u00a0Minuten"},"schema":{"@context":"https:\/\/schema.org","@graph":[{"@type":"WebPage","@id":"https:\/\/www.nameshield.com\/de\/geistiges-eigentum\/web-monitoring\/","url":"https:\/\/www.nameshield.com\/de\/geistiges-eigentum\/web-monitoring\/","name":"Web Monitoring","isPartOf":{"@id":"https:\/\/www.nameshield.com\/de\/#website"},"primaryImageOfPage":{"@id":"https:\/\/www.nameshield.com\/de\/geistiges-eigentum\/web-monitoring\/#primaryimage"},"image":{"@id":"https:\/\/www.nameshield.com\/de\/geistiges-eigentum\/web-monitoring\/#primaryimage"},"thumbnailUrl":"https:\/\/www.nameshield.com\/wp-content\/uploads\/2021\/06\/Cloud-sync-bro-1024x808.png","datePublished":"2022-06-07T10:28:39+00:00","dateModified":"2024-08-28T14:27:15+00:00","description":"Mit dem Web Monitoring oder Content Monitoring von Nameshield \u00fcberwachen Sie Statusver\u00e4nderungen und den Inhalt einer Website.","breadcrumb":{"@id":"https:\/\/www.nameshield.com\/de\/geistiges-eigentum\/web-monitoring\/#breadcrumb"},"inLanguage":"de","potentialAction":[{"@type":"ReadAction","target":["https:\/\/www.nameshield.com\/de\/geistiges-eigentum\/web-monitoring\/"]}]},{"@type":"ImageObject","inLanguage":"de","@id":"https:\/\/www.nameshield.com\/de\/geistiges-eigentum\/web-monitoring\/#primaryimage","url":"https:\/\/www.nameshield.com\/wp-content\/uploads\/2021\/06\/Cloud-sync-bro-1024x808.png","contentUrl":"https:\/\/www.nameshield.com\/wp-content\/uploads\/2021\/06\/Cloud-sync-bro-1024x808.png"},{"@type":"BreadcrumbList","@id":"https:\/\/www.nameshield.com\/de\/geistiges-eigentum\/web-monitoring\/#breadcrumb","itemListElement":[{"@type":"ListItem","position":1,"name":"Accueil","item":"https:\/\/www.nameshield.com\/de\/"},{"@type":"ListItem","position":2,"name":"Geistiges Eigentum","item":"https:\/\/www.nameshield.com\/de\/geistiges-eigentum\/"},{"@type":"ListItem","position":3,"name":"Web Monitoring"}]},{"@type":"WebSite","@id":"https:\/\/www.nameshield.com\/de\/#website","url":"https:\/\/www.nameshield.com\/de\/","name":"Nameshield","description":"Online Assets Security","potentialAction":[{"@type":"SearchAction","target":{"@type":"EntryPoint","urlTemplate":"https:\/\/www.nameshield.com\/de\/?s={search_term_string}"},"query-input":{"@type":"PropertyValueSpecification","valueRequired":true,"valueName":"search_term_string"}}],"inLanguage":"de"}]}},"_links":{"self":[{"href":"https:\/\/www.nameshield.com\/de\/wp-json\/wp\/v2\/pages\/208","targetHints":{"allow":["GET"]}}],"collection":[{"href":"https:\/\/www.nameshield.com\/de\/wp-json\/wp\/v2\/pages"}],"about":[{"href":"https:\/\/www.nameshield.com\/de\/wp-json\/wp\/v2\/types\/page"}],"author":[{"embeddable":true,"href":"https:\/\/www.nameshield.com\/de\/wp-json\/wp\/v2\/users\/1"}],"replies":[{"embeddable":true,"href":"https:\/\/www.nameshield.com\/de\/wp-json\/wp\/v2\/comments?post=208"}],"version-history":[{"count":24,"href":"https:\/\/www.nameshield.com\/de\/wp-json\/wp\/v2\/pages\/208\/revisions"}],"predecessor-version":[{"id":1653,"href":"https:\/\/www.nameshield.com\/de\/wp-json\/wp\/v2\/pages\/208\/revisions\/1653"}],"up":[{"embeddable":true,"href":"https:\/\/www.nameshield.com\/de\/wp-json\/wp\/v2\/pages\/194"}],"wp:attachment":[{"href":"https:\/\/www.nameshield.com\/de\/wp-json\/wp\/v2\/media?parent=208"}],"curies":[{"name":"wp","href":"https:\/\/api.w.org\/{rel}","templated":true}]}}