{"id":178,"date":"2022-06-07T11:14:56","date_gmt":"2022-06-07T09:14:56","guid":{"rendered":"https:\/\/www.nameshield.com\/de\/?page_id=178"},"modified":"2024-08-28T15:23:13","modified_gmt":"2024-08-28T13:23:13","slug":"new-gtlds","status":"publish","type":"page","link":"https:\/\/www.nameshield.com\/de\/domainnamen\/new-gtlds\/","title":{"rendered":"New gTLDs"},"content":{"rendered":"\n<div class=\"wp-block-cover alignfull is-light eplus-NPxTwP eplus-wrapper\"><span aria-hidden=\"true\" class=\"wp-block-cover__background has-background-dim-100 has-background-dim has-background-gradient\" style=\"background:linear-gradient(135deg,rgb(255,0,0) 0%,rgb(21,115,191) 100%)\"><\/span><div class=\"wp-block-cover__inner-container is-layout-flow wp-block-cover-is-layout-flow\">\n<div style=\"height:64px\" aria-hidden=\"true\" class=\"wp-block-spacer eplus-y5BB1Y eplus-wrapper\"><\/div>\n\n\n\n<div style=\"height:20px\" aria-hidden=\"true\" class=\"wp-block-spacer eplus-vics0N eplus-wrapper\"><\/div>\n\n\n\n<div class=\"wp-block-columns eplus-QLSXyE eplus-wrapper is-layout-flex wp-container-core-columns-is-layout-9d6595d7 wp-block-columns-is-layout-flex\">\n<div class=\"wp-block-column eplus-uU5tgd eplus-wrapper is-layout-flow wp-block-column-is-layout-flow\">\n<p class=\"eplus-wrapper has-nv-site-bg-color has-text-color has-link-color wp-elements-c5dbc9af697873bd55e04ff446ef3c1d\">Bis 2013 gab es im Inter\u00adnet nur 21 gTLDs (gene\u00adric Top Level Domains) (.com, .net, .org usw.). Die ICANN, die Orga\u00adni\u00adsa\u00adti\u00adon, die den Inter\u00adnet-Namens\u00adraum beauf\u00adsich\u00adtigt, hat die Regeln dahin\u00adge\u00adhend ge\u00e4n\u00addert, dass Unter\u00adneh\u00admen das Recht bean\u00adtra\u00adgen k\u00f6n\u00adnen, ihre eige\u00adne Inter\u00adnet-Endung mit fast jeder Buch\u00adsta\u00adben\u00adfol\u00adge nach dem End\u00adpunkt (.nike, .mcd, .book usw.) zu besit\u00adzen, zu kon\u00adtrol\u00adlie\u00adren und zu nut\u00adzen.<\/p>\n\n\n\n<p class=\"eplus-wrapper has-nv-site-bg-color has-text-color has-link-color wp-elements-0483a60993a8cbc7a1016cc9ff96e2ce\">In der ers\u00adten Run\u00adde wur\u00adden \u00fcber 1800 Antr\u00e4\u00adge f\u00fcr die Nut\u00adzung der neu\u00aden gTLDs von fast 1000 Enti\u00adt\u00e4\u00adten ein\u00adge\u00adreicht, die ihre Mar\u00adke online zu sch\u00fct\u00adzen w\u00fcn\u00adschen und sich durch die Kon\u00adtrol\u00adle der Domain\u00adna\u00admen-Infra\u00adstruk\u00adtur einen Wett\u00adbe\u00adwerbs\u00advor\u00adteil erhof\u00adfen. Vie\u00adle der Unter\u00adneh\u00admen, die ihren eige\u00adnen Teil des Inter\u00adnets zu betrei\u00adben suchen, ver\u00adf\u00fc\u00adgen nicht unbe\u00addingt \u00fcber das f\u00fcr die Eta\u00adblie\u00adrung und den Betrieb von Regis\u00adtries erfor\u00adder\u00adli\u00adche inter\u00adne Fach\u00adwis\u00adsen.<\/p>\n<\/div>\n\n\n\n<div class=\"wp-block-column eplus-VEORbp eplus-wrapper is-layout-flow wp-block-column-is-layout-flow\">\n<figure class=\"wp-block-image size-large eplus-7lSiZU eplus-wrapper\"><img decoding=\"async\" src=\"https:\/\/www.nameshield.com\/wp-content\/uploads\/2021\/06\/People-flying-bro-1024x1024.png\" alt=\"Mit den new gTLDs und Nameshield fliegen Sie \u00fcber die Wolken\" class=\"wp-image-4990\"><\/figure>\n<\/div>\n<\/div>\n\n\n\n<div style=\"height:40px\" aria-hidden=\"true\" class=\"wp-block-spacer eplus-7WZA8U eplus-wrapper\"><\/div>\n<\/div><\/div>\n\n\n\n<div style=\"height:62px\" aria-hidden=\"true\" class=\"wp-block-spacer eplus-lkyoc8 eplus-wrapper\"><\/div>\n\n\n\n<div class=\"wp-block-columns eplus-B0SSPb eplus-wrapper is-layout-flex wp-container-core-columns-is-layout-9d6595d7 wp-block-columns-is-layout-flex\">\n<div class=\"wp-block-column eplus-oKIoo4 eplus-wrapper is-layout-flow wp-block-column-is-layout-flow\" style=\"flex-basis:33.33%\">\n<p class=\"eplus-3eAbq9 eplus-wrapper has-nv-light-bg-background-color has-background\">Names\u00adhield ver\u00adf\u00fcgt \u00fcber eini\u00adge der nam\u00adhaf\u00adtes\u00adten Exper\u00adten f\u00fcr das Manage\u00adment von Regis\u00adtries und ihre Eta\u00adblie\u00adrung und Funk\u00adti\u00adons\u00adwei\u00adse. Spe\u00adzia\u00adlis\u00adten, die umfas\u00adsen\u00adde Kennt\u00adnis\u00adse dar\u00ad\u00fcber besit\u00adzen, wie Unter\u00adneh\u00admen eine Top Level Domain nut\u00adzen k\u00f6n\u00adnen, um die Online-Sicht\u00adbar\u00adkeit und den stra\u00adte\u00adgi\u00adschen Gesch\u00e4fts\u00advor\u00adteil zu maxi\u00admie\u00adren.<\/p>\n<\/div>\n\n\n\n<div class=\"wp-block-column eplus-Zmhu4F eplus-wrapper is-layout-flow wp-block-column-is-layout-flow\" style=\"flex-basis:66.66%\">\n<p class=\"eplus-wrapper\">Das gTLD-Team von Names\u00adhield ber\u00e4t Sie kom\u00adpe\u00adtent in den fol\u00adgen\u00adden Berei\u00adchen:<\/p>\n\n\n\n<ul class=\"wp-block-list eplus-wrapper\">\n<li class=\"eplus-wrapper\">Mar\u00adke\u00adting-Stra\u00adte\u00adgie<\/li>\n\n\n\n<li class=\"eplus-wrapper\">Com\u00adpli\u00adance mit der Regis\u00adtry<\/li>\n\n\n\n<li class=\"eplus-wrapper\">Miss\u00adbrauchs\u00adre\u00adso\u00adlu\u00adti\u00adon<\/li>\n\n\n\n<li class=\"eplus-wrapper\">Betriebs\u00adab\u00adl\u00e4u\u00adfe der Regis\u00adtry<\/li>\n\n\n\n<li class=\"eplus-wrapper\">Ver\u00adwal\u00adtung von Pre\u00admi\u00adum Domain\u00adna\u00admen<\/li>\n\n\n\n<li class=\"eplus-wrapper\">Inte\u00adgra\u00adti\u00adons\u00adpro\u00adzess.<\/li>\n<\/ul>\n<\/div>\n<\/div>\n\n\n\n<hr class=\"wp-block-separator has-alpha-channel-opacity eplus-wrapper\">\n\n\n\n<div class=\"wp-block-columns is-layout-flex wp-container-core-columns-is-layout-9d6595d7 wp-block-columns-is-layout-flex\">\n<div class=\"wp-block-column is-layout-flow wp-block-column-is-layout-flow\">\n<p><a href=\"https:\/\/www.nameshield.com\/de\/domainnamen\/new-gtlds\/definition-new-gtlds\/\">Defi\u00adni\u00adti\u00adon der new gTLDs<\/a><br><a href=\"https:\/\/www.nameshield.com\/de\/domainnamen\/new-gtlds\/dotbrand\/\">dot\u00adBrands: eine eige\u00adne digi\u00adta\u00adle Mar\u00adken\u00adstra\u00adte\u00adgie<\/a><br><a href=\"https:\/\/www.nameshield.com\/de\/domainnamen\/new-gtlds\/tmch\/\">TMCH<\/a><\/p>\n<\/div>\n\n\n\n<div class=\"wp-block-column is-layout-flow wp-block-column-is-layout-flow\">\n<p class=\"has-neve-text-color-color has-nv-light-bg-background-color has-text-color has-background has-link-color wp-elements-b72f1af9f11c59a7e909af9b13c3cba2\">Alle News zum The\u00adma Cyber\u00adsi\u00adcher\u00adheit, Domains und Moni\u00adto\u00adring fin\u00adden Sie im Names\u00adhield <a href=\"https:\/\/blog.nameshield.com\/de\/\" target=\"_blank\" rel=\"noreferrer noopener\">blog<\/a>.<\/p>\n<\/div>\n<\/div>\n\n\n\n<hr class=\"wp-block-separator has-alpha-channel-opacity eplus-wrapper\">\n\n\n\n<p class=\"eplus-wrapper\"><a href=\"https:\/\/www.nameshield.com\/de\/domainnamen\/domainnamen-management\/\">Manage\u00adment von Domain\u00adna\u00admen<\/a><br><a href=\"https:\/\/www.nameshield.com\/de\/domainnamen\/bewertung-von-domainnamen\/\">Bewer\u00adtung von Domain\u00adna\u00admen<\/a><br><a href=\"https:\/\/www.nameshield.com\/de\/domainnamen\/domainnamen-cross-management-von-marken-und-domains\/\">Cross\u00adma\u00adnage\u00adment von Mar\u00adken und Domains<\/a><br><a href=\"https:\/\/www.nameshield.com\/de\/domainnamen\/domainrecherche\/\">Die Domain\u00adre\u00adcher\u00adche<\/a><br><a href=\"https:\/\/www.nameshield.com\/de\/cybersicherheit\/hochsichere-domain-plattform\/\">Hoch\u00adsi\u00adche\u00adre Domain-Platt\u00adform<\/a><\/p>\n","protected":false},"excerpt":{"rendered":"<p>Names\u00adhield ver\u00adf\u00fcgt \u00fcber eini\u00adge der nam\u00adhaf\u00adtes\u00adten Exper\u00adten f\u00fcr das Manage\u00adment von Regis\u00adtries und ihre Eta\u00adblie\u00adrung und Funk\u00adti\u00adons\u00adwei\u00adse. Spe\u00adzia\u00adlis\u00adten, die umfas\u00adsen\u00adde Kennt\u00adnis\u00adse dar\u00ad\u00fcber besit\u00adzen, wie Unter\u00adneh\u00admen eine Top Level Domain nut\u00adzen k\u00f6n\u00adnen, um die Online-Sich\u00adt\u00ad\u00adbar\u00adkeit und den stra\u00adte\u00adgi\u00adschen Gesch\u00e4fts\u00advor\u00adteil zu maxi\u00admie\u00adren. Das gTLD-Team von Names\u00adhield ber\u00e4t Sie kom\u00adpe\u00adtent in den fol\u00adgen\u00adden Berei\u00adchen: Defi\u00adni\u00adti\u00adon der new gTLDsdot\u00adBrands:\u2026&nbsp;<a href=\"https:\/\/www.nameshield.com\/de\/domainnamen\/new-gtlds\/\" class rel=\"bookmark\">Wei\u00adter\u00adle\u00adsen \u00bb<span class=\"screen-reader-text\">New gTLDs<\/span><\/a><\/p>\n","protected":false},"author":1,"featured_media":0,"parent":129,"menu_order":0,"comment_status":"closed","ping_status":"closed","template":"","meta":{"wp_typography_post_enhancements_disabled":false,"editor_plus_copied_stylings":"{}","_exactmetrics_skip_tracking":false,"_exactmetrics_sitenote_active":false,"_exactmetrics_sitenote_note":"","_exactmetrics_sitenote_category":0,"neve_meta_sidebar":"","neve_meta_container":"","neve_meta_enable_content_width":"on","neve_meta_content_width":100,"neve_meta_title_alignment":"","neve_meta_author_avatar":"","neve_post_elements_order":"","neve_meta_disable_header":"","neve_meta_disable_footer":"","neve_meta_disable_title":"","footnotes":""},"class_list":["post-178","page","type-page","status-publish","hentry"],"yoast_head":"<!-- This site is optimized with the Yoast SEO plugin v27.6 - https:\/\/yoast.com\/product\/yoast-seo-wordpress\/ -->\n<title>Nameshield als Experte f\u00fcr new gTLDs<\/title>\n<meta name=\"description\" content=\"Das Nameshield-Team ber\u00e4t Sie kompetent bei der Erstellung einer Strategie f\u00fcr die Registrierung new gTLDs.\" \/>\n<meta name=\"robots\" content=\"index, follow, max-snippet:-1, max-image-preview:large, max-video-preview:-1\" \/>\n<link rel=\"canonical\" href=\"https:\/\/www.nameshield.com\/de\/domainnamen\/new-gtlds\/\" \/>\n<meta property=\"og:locale\" content=\"de_DE\" \/>\n<meta property=\"og:type\" content=\"article\" \/>\n<meta property=\"og:title\" content=\"Nameshield als Experte f\u00fcr new gTLDs\" \/>\n<meta property=\"og:description\" content=\"Das Nameshield-Team ber\u00e4t Sie kompetent bei der Erstellung einer Strategie f\u00fcr die Registrierung new gTLDs.\" \/>\n<meta property=\"og:url\" content=\"https:\/\/www.nameshield.com\/de\/domainnamen\/new-gtlds\/\" \/>\n<meta property=\"og:site_name\" content=\"Nameshield\" \/>\n<meta property=\"article:modified_time\" content=\"2024-08-28T13:23:13+00:00\" \/>\n<meta property=\"og:image\" content=\"https:\/\/www.nameshield.com\/wp-content\/uploads\/2021\/06\/People-flying-bro-1024x1024.png\" \/>\n<meta name=\"twitter:card\" content=\"summary_large_image\" \/>\n<meta name=\"twitter:label1\" content=\"Gesch\u00e4tzte Lesezeit\" \/>\n\t<meta name=\"twitter:data1\" content=\"2\u00a0Minuten\" \/>\n<script type=\"application\/ld+json\" class=\"yoast-schema-graph\">{\"@context\":\"https:\\\/\\\/schema.org\",\"@graph\":[{\"@type\":\"WebPage\",\"@id\":\"https:\\\/\\\/www.nameshield.com\\\/de\\\/domainnamen\\\/new-gtlds\\\/\",\"url\":\"https:\\\/\\\/www.nameshield.com\\\/de\\\/domainnamen\\\/new-gtlds\\\/\",\"name\":\"Nameshield als Experte f\u00fcr new gTLDs\",\"isPartOf\":{\"@id\":\"https:\\\/\\\/www.nameshield.com\\\/de\\\/#website\"},\"primaryImageOfPage\":{\"@id\":\"https:\\\/\\\/www.nameshield.com\\\/de\\\/domainnamen\\\/new-gtlds\\\/#primaryimage\"},\"image\":{\"@id\":\"https:\\\/\\\/www.nameshield.com\\\/de\\\/domainnamen\\\/new-gtlds\\\/#primaryimage\"},\"thumbnailUrl\":\"https:\\\/\\\/www.nameshield.com\\\/wp-content\\\/uploads\\\/2021\\\/06\\\/People-flying-bro-1024x1024.png\",\"datePublished\":\"2022-06-07T09:14:56+00:00\",\"dateModified\":\"2024-08-28T13:23:13+00:00\",\"description\":\"Das Nameshield-Team ber\u00e4t Sie kompetent bei der Erstellung einer Strategie f\u00fcr die Registrierung new gTLDs.\",\"breadcrumb\":{\"@id\":\"https:\\\/\\\/www.nameshield.com\\\/de\\\/domainnamen\\\/new-gtlds\\\/#breadcrumb\"},\"inLanguage\":\"de\",\"potentialAction\":[{\"@type\":\"ReadAction\",\"target\":[\"https:\\\/\\\/www.nameshield.com\\\/de\\\/domainnamen\\\/new-gtlds\\\/\"]}]},{\"@type\":\"ImageObject\",\"inLanguage\":\"de\",\"@id\":\"https:\\\/\\\/www.nameshield.com\\\/de\\\/domainnamen\\\/new-gtlds\\\/#primaryimage\",\"url\":\"https:\\\/\\\/www.nameshield.com\\\/wp-content\\\/uploads\\\/2021\\\/06\\\/People-flying-bro-1024x1024.png\",\"contentUrl\":\"https:\\\/\\\/www.nameshield.com\\\/wp-content\\\/uploads\\\/2021\\\/06\\\/People-flying-bro-1024x1024.png\"},{\"@type\":\"BreadcrumbList\",\"@id\":\"https:\\\/\\\/www.nameshield.com\\\/de\\\/domainnamen\\\/new-gtlds\\\/#breadcrumb\",\"itemListElement\":[{\"@type\":\"ListItem\",\"position\":1,\"name\":\"Accueil\",\"item\":\"https:\\\/\\\/www.nameshield.com\\\/de\\\/\"},{\"@type\":\"ListItem\",\"position\":2,\"name\":\"Domainnamen\",\"item\":\"https:\\\/\\\/www.nameshield.com\\\/de\\\/domainnamen\\\/\"},{\"@type\":\"ListItem\",\"position\":3,\"name\":\"New gTLDs\"}]},{\"@type\":\"WebSite\",\"@id\":\"https:\\\/\\\/www.nameshield.com\\\/de\\\/#website\",\"url\":\"https:\\\/\\\/www.nameshield.com\\\/de\\\/\",\"name\":\"Nameshield\",\"description\":\"Online Assets Security\",\"potentialAction\":[{\"@type\":\"SearchAction\",\"target\":{\"@type\":\"EntryPoint\",\"urlTemplate\":\"https:\\\/\\\/www.nameshield.com\\\/de\\\/?s={search_term_string}\"},\"query-input\":{\"@type\":\"PropertyValueSpecification\",\"valueRequired\":true,\"valueName\":\"search_term_string\"}}],\"inLanguage\":\"de\"}]}<\/script>\n<!-- \/ Yoast SEO plugin. -->","yoast_head_json":{"title":"Nameshield als Experte f\u00fcr new gTLDs","description":"Das Nameshield-Team ber\u00e4t Sie kompetent bei der Erstellung einer Strategie f\u00fcr die Registrierung new gTLDs.","robots":{"index":"index","follow":"follow","max-snippet":"max-snippet:-1","max-image-preview":"max-image-preview:large","max-video-preview":"max-video-preview:-1"},"canonical":"https:\/\/www.nameshield.com\/de\/domainnamen\/new-gtlds\/","og_locale":"de_DE","og_type":"article","og_title":"Nameshield als Experte f\u00fcr new gTLDs","og_description":"Das Nameshield-Team ber\u00e4t Sie kompetent bei der Erstellung einer Strategie f\u00fcr die Registrierung new gTLDs.","og_url":"https:\/\/www.nameshield.com\/de\/domainnamen\/new-gtlds\/","og_site_name":"Nameshield","article_modified_time":"2024-08-28T13:23:13+00:00","og_image":[{"url":"https:\/\/www.nameshield.com\/wp-content\/uploads\/2021\/06\/People-flying-bro-1024x1024.png","type":"","width":"","height":""}],"twitter_card":"summary_large_image","twitter_misc":{"Gesch\u00e4tzte Lesezeit":"2\u00a0Minuten"},"schema":{"@context":"https:\/\/schema.org","@graph":[{"@type":"WebPage","@id":"https:\/\/www.nameshield.com\/de\/domainnamen\/new-gtlds\/","url":"https:\/\/www.nameshield.com\/de\/domainnamen\/new-gtlds\/","name":"Nameshield als Experte f\u00fcr new gTLDs","isPartOf":{"@id":"https:\/\/www.nameshield.com\/de\/#website"},"primaryImageOfPage":{"@id":"https:\/\/www.nameshield.com\/de\/domainnamen\/new-gtlds\/#primaryimage"},"image":{"@id":"https:\/\/www.nameshield.com\/de\/domainnamen\/new-gtlds\/#primaryimage"},"thumbnailUrl":"https:\/\/www.nameshield.com\/wp-content\/uploads\/2021\/06\/People-flying-bro-1024x1024.png","datePublished":"2022-06-07T09:14:56+00:00","dateModified":"2024-08-28T13:23:13+00:00","description":"Das Nameshield-Team ber\u00e4t Sie kompetent bei der Erstellung einer Strategie f\u00fcr die Registrierung new gTLDs.","breadcrumb":{"@id":"https:\/\/www.nameshield.com\/de\/domainnamen\/new-gtlds\/#breadcrumb"},"inLanguage":"de","potentialAction":[{"@type":"ReadAction","target":["https:\/\/www.nameshield.com\/de\/domainnamen\/new-gtlds\/"]}]},{"@type":"ImageObject","inLanguage":"de","@id":"https:\/\/www.nameshield.com\/de\/domainnamen\/new-gtlds\/#primaryimage","url":"https:\/\/www.nameshield.com\/wp-content\/uploads\/2021\/06\/People-flying-bro-1024x1024.png","contentUrl":"https:\/\/www.nameshield.com\/wp-content\/uploads\/2021\/06\/People-flying-bro-1024x1024.png"},{"@type":"BreadcrumbList","@id":"https:\/\/www.nameshield.com\/de\/domainnamen\/new-gtlds\/#breadcrumb","itemListElement":[{"@type":"ListItem","position":1,"name":"Accueil","item":"https:\/\/www.nameshield.com\/de\/"},{"@type":"ListItem","position":2,"name":"Domainnamen","item":"https:\/\/www.nameshield.com\/de\/domainnamen\/"},{"@type":"ListItem","position":3,"name":"New gTLDs"}]},{"@type":"WebSite","@id":"https:\/\/www.nameshield.com\/de\/#website","url":"https:\/\/www.nameshield.com\/de\/","name":"Nameshield","description":"Online Assets Security","potentialAction":[{"@type":"SearchAction","target":{"@type":"EntryPoint","urlTemplate":"https:\/\/www.nameshield.com\/de\/?s={search_term_string}"},"query-input":{"@type":"PropertyValueSpecification","valueRequired":true,"valueName":"search_term_string"}}],"inLanguage":"de"}]}},"_links":{"self":[{"href":"https:\/\/www.nameshield.com\/de\/wp-json\/wp\/v2\/pages\/178","targetHints":{"allow":["GET"]}}],"collection":[{"href":"https:\/\/www.nameshield.com\/de\/wp-json\/wp\/v2\/pages"}],"about":[{"href":"https:\/\/www.nameshield.com\/de\/wp-json\/wp\/v2\/types\/page"}],"author":[{"embeddable":true,"href":"https:\/\/www.nameshield.com\/de\/wp-json\/wp\/v2\/users\/1"}],"replies":[{"embeddable":true,"href":"https:\/\/www.nameshield.com\/de\/wp-json\/wp\/v2\/comments?post=178"}],"version-history":[{"count":13,"href":"https:\/\/www.nameshield.com\/de\/wp-json\/wp\/v2\/pages\/178\/revisions"}],"predecessor-version":[{"id":1625,"href":"https:\/\/www.nameshield.com\/de\/wp-json\/wp\/v2\/pages\/178\/revisions\/1625"}],"up":[{"embeddable":true,"href":"https:\/\/www.nameshield.com\/de\/wp-json\/wp\/v2\/pages\/129"}],"wp:attachment":[{"href":"https:\/\/www.nameshield.com\/de\/wp-json\/wp\/v2\/media?parent=178"}],"curies":[{"name":"wp","href":"https:\/\/api.w.org\/{rel}","templated":true}]}}