{"id":164,"date":"2022-06-07T10:54:56","date_gmt":"2022-06-07T08:54:56","guid":{"rendered":"https:\/\/www.nameshield.com\/de\/?page_id=164"},"modified":"2024-11-12T10:41:17","modified_gmt":"2024-11-12T09:41:17","slug":"weltweite-registrierung-ihrer_domains","status":"publish","type":"page","link":"https:\/\/www.nameshield.com\/de\/domainnamen\/domainnamen-management\/weltweite-registrierung-ihrer_domains\/","title":{"rendered":"Die weltweite Registrierung Ihrer Domains"},"content":{"rendered":"\n<div class=\"wp-block-cover alignfull is-light eplus-g8WmOJ eplus-wrapper\"><span aria-hidden=\"true\" class=\"wp-block-cover__background has-background-dim-100 has-background-dim has-background-gradient\" style=\"background:linear-gradient(135deg,rgb(21,115,191) 0%,rgb(255,0,0) 100%)\"><\/span><div class=\"wp-block-cover__inner-container is-layout-flow wp-block-cover-is-layout-flow\">\n<div style=\"height:40px\" aria-hidden=\"true\" class=\"wp-block-spacer eplus-jHQ0mn eplus-wrapper\"><\/div>\n\n\n\n<div class=\"wp-block-columns eplus-yhMUPb eplus-wrapper is-layout-flex wp-container-core-columns-is-layout-9d6595d7 wp-block-columns-is-layout-flex\">\n<div class=\"wp-block-column is-vertically-aligned-center eplus-uZP09p eplus-wrapper is-layout-flow wp-block-column-is-layout-flow\" style=\"flex-basis:50%\">\n<p class=\"eplus-iXsUdU eplus-wrapper has-nv-text-dark-bg-color has-text-color\">Als durch die ICANN akkre\u00addi\u00adtier\u00adter Regis\u00adtrar ver\u00adwal\u00adtet Names\u00adhield Ihre Regis\u00adtrie\u00adrun\u00adgen und Ver\u00adl\u00e4n\u00adge\u00adrun\u00adgen in allen Top Level Domains (gTLDs, ccTLDs, new gTLDs, IDN) und hilft Ihnen bei der Erf\u00fcl\u00adlung der spe\u00adzi\u00adfi\u00adschen Berech\u00adti\u00adgungs\u00adkri\u00adte\u00adri\u00aden. Unse\u00adre enge Ver\u00adbin\u00addung zu den Regis\u00adtrie\u00adsstellt die Ver\u00adl\u00e4n\u00adge\u00adrung ihrer Domain\u00adna\u00admen ohne Ver\u00adlust\u00adri\u00adsi\u00adko sicher.<\/p>\n\n\n\n<hr class=\"wp-block-separator has-css-opacity eplus-fgqDC4 eplus-wrapper\">\n\n\n\n<h3 class=\"wp-block-heading has-text-align-center eplus-fRlBAj eplus-wrapper has-nv-text-dark-bg-color has-text-color\"><strong>Ist Ihr Domainname noch verf\u00fcgbar?<\/strong><\/h3>\n\n\n\n<p class=\"has-text-align-center eplus-Unss4V eplus-wrapper has-nv-text-dark-bg-color has-text-color\">Ver\u00adwen\u00adden Sie die\u00adses Feld f\u00fcr eine \u00c4hn\u00adlich\u00adkeits\u00adsu\u00adche Ihrer Domains und Mar\u00adken und f\u00fcr die welt\u00adwei\u00adte Regis\u00adtrie\u00adrung Ihrer Domains.<\/p>\n\n\n\n<center><form id=\"searchForm\" style=\"padding: 0; margin: 0;\" action=\"https:\/\/secure.nameshield.net\/recherche-dispo\/index.php?lang=de&amp;origine=menu-public\" method=\"POST\">\n<div style=\"display: inline-block;\"><input name=\"action\" type=\"hidden\" value=\"search\"><input name=\"tab\" type=\"hidden\" value=\"rechercher\"><input name=\"domainenom\" type=\"text\" value><input type=\"submit\" value=\"Suchen\"><\/div><\/form><\/center>\n<\/div>\n\n\n\n<div class=\"wp-block-column eplus-2RXwNF eplus-wrapper is-layout-flow wp-block-column-is-layout-flow\" style=\"flex-basis:50%\"><div class=\"wp-block-image eplus-JGYqcx eplus-wrapper\">\n<figure class=\"aligncenter size-large is-resized\"><img decoding=\"async\" src=\"https:\/\/www.nameshield.com\/wp-content\/uploads\/2021\/06\/Data-report-bro-1024x1024.png\" alt=\"F\u00fcr die weltweite Registrierung Ihrer Domains: ein Experte von Nameshield\" class=\"wp-image-4845\" style=\"width:517px;height:517px\"><\/figure>\n<\/div><\/div>\n<\/div>\n\n\n\n<div style=\"height:40px\" aria-hidden=\"true\" class=\"wp-block-spacer eplus-iVeaWN eplus-wrapper\"><\/div>\n<\/div><\/div>\n\n\n\n<hr class=\"wp-block-separator has-alpha-channel-opacity eplus-wrapper\">\n\n\n\n<p class=\"eplus-wrapper\"><a href=\"https:\/\/www.nameshield.com\/de\/domainnamen\/domainnamen-management\/persoenliche_account_manager\/\">Ein Exper\u00adten\u00adteam und per\u00ads\u00f6n\u00adli\u00adche Account Mana\u00adger<\/a><br><a href=\"https:\/\/www.nameshield.com\/de\/geistiges-eigentum\/eine-optimierte-namensstrategie\/\">Opti\u00admie\u00adrung Domain\u00adstra\u00adte\u00adgie<\/a><br><a href=\"https:\/\/www.nameshield.com\/de\/domainnamen\/domainnamen-management\/reaktionsschneller-technischer-support\/\">Reak\u00adti\u00adons\u00adschnel\u00adler tech\u00adni\u00adscher Sup\u00adport<\/a><\/p>\n","protected":false},"excerpt":{"rendered":"<p>Ein Exper\u00adten\u00adteam und per\u00ads\u00f6n\u00adli\u00adche Account Mana\u00adgerOpti\u00admie\u00adrung Domain\u00adstra\u00adte\u00adgieReak\u00adti\u00adons\u00adschnel\u00adler tech\u00adni\u00adscher Sup\u00adport<\/p>\n","protected":false},"author":1,"featured_media":0,"parent":153,"menu_order":0,"comment_status":"closed","ping_status":"closed","template":"","meta":{"wp_typography_post_enhancements_disabled":false,"editor_plus_copied_stylings":"{}","_exactmetrics_skip_tracking":false,"_exactmetrics_sitenote_active":false,"_exactmetrics_sitenote_note":"","_exactmetrics_sitenote_category":0,"neve_meta_sidebar":"","neve_meta_container":"","neve_meta_enable_content_width":"on","neve_meta_content_width":100,"neve_meta_title_alignment":"","neve_meta_author_avatar":"","neve_post_elements_order":"","neve_meta_disable_header":"","neve_meta_disable_footer":"","neve_meta_disable_title":"","footnotes":""},"class_list":["post-164","page","type-page","status-publish","hentry"],"yoast_head":"<!-- This site is optimized with the Yoast SEO plugin v27.4 - https:\/\/yoast.com\/product\/yoast-seo-wordpress\/ -->\n<title>F\u00fcr die weltweite Registrierung Ihrer Domains: Nameshield als Experte<\/title>\n<meta name=\"description\" content=\"Fragen Sie Nameshield f\u00fcr die weltweite Registrierung Ihrer Domains, auch f\u00fcr deren Verl\u00e4ngerung, in allen Top Level Domains.\" \/>\n<meta name=\"robots\" content=\"index, follow, max-snippet:-1, max-image-preview:large, max-video-preview:-1\" \/>\n<link rel=\"canonical\" href=\"https:\/\/www.nameshield.com\/de\/domainnamen\/domainnamen-management\/weltweite-registrierung-ihrer_domains\/\" \/>\n<meta property=\"og:locale\" content=\"de_DE\" \/>\n<meta property=\"og:type\" content=\"article\" \/>\n<meta property=\"og:title\" content=\"F\u00fcr die weltweite Registrierung Ihrer Domains: Nameshield als Experte\" \/>\n<meta property=\"og:description\" content=\"Fragen Sie Nameshield f\u00fcr die weltweite Registrierung Ihrer Domains, auch f\u00fcr deren Verl\u00e4ngerung, in allen Top Level Domains.\" \/>\n<meta property=\"og:url\" content=\"https:\/\/www.nameshield.com\/de\/domainnamen\/domainnamen-management\/weltweite-registrierung-ihrer_domains\/\" \/>\n<meta property=\"og:site_name\" content=\"Nameshield\" \/>\n<meta property=\"article:modified_time\" content=\"2024-11-12T09:41:17+00:00\" \/>\n<meta name=\"twitter:card\" content=\"summary_large_image\" \/>\n<meta name=\"twitter:label1\" content=\"Gesch\u00e4tzte Lesezeit\" \/>\n\t<meta name=\"twitter:data1\" content=\"1\u00a0Minute\" \/>\n<script type=\"application\/ld+json\" class=\"yoast-schema-graph\">{\"@context\":\"https:\\\/\\\/schema.org\",\"@graph\":[{\"@type\":\"WebPage\",\"@id\":\"https:\\\/\\\/www.nameshield.com\\\/de\\\/domainnamen\\\/domainnamen-management\\\/weltweite-registrierung-ihrer_domains\\\/\",\"url\":\"https:\\\/\\\/www.nameshield.com\\\/de\\\/domainnamen\\\/domainnamen-management\\\/weltweite-registrierung-ihrer_domains\\\/\",\"name\":\"F\u00fcr die weltweite Registrierung Ihrer Domains: Nameshield als Experte\",\"isPartOf\":{\"@id\":\"https:\\\/\\\/www.nameshield.com\\\/de\\\/#website\"},\"primaryImageOfPage\":{\"@id\":\"https:\\\/\\\/www.nameshield.com\\\/de\\\/domainnamen\\\/domainnamen-management\\\/weltweite-registrierung-ihrer_domains\\\/#primaryimage\"},\"image\":{\"@id\":\"https:\\\/\\\/www.nameshield.com\\\/de\\\/domainnamen\\\/domainnamen-management\\\/weltweite-registrierung-ihrer_domains\\\/#primaryimage\"},\"thumbnailUrl\":\"https:\\\/\\\/www.nameshield.com\\\/wp-content\\\/uploads\\\/2021\\\/06\\\/Data-report-bro-1024x1024.png\",\"datePublished\":\"2022-06-07T08:54:56+00:00\",\"dateModified\":\"2024-11-12T09:41:17+00:00\",\"description\":\"Fragen Sie Nameshield f\u00fcr die weltweite Registrierung Ihrer Domains, auch f\u00fcr deren Verl\u00e4ngerung, in allen Top Level Domains.\",\"breadcrumb\":{\"@id\":\"https:\\\/\\\/www.nameshield.com\\\/de\\\/domainnamen\\\/domainnamen-management\\\/weltweite-registrierung-ihrer_domains\\\/#breadcrumb\"},\"inLanguage\":\"de\",\"potentialAction\":[{\"@type\":\"ReadAction\",\"target\":[\"https:\\\/\\\/www.nameshield.com\\\/de\\\/domainnamen\\\/domainnamen-management\\\/weltweite-registrierung-ihrer_domains\\\/\"]}]},{\"@type\":\"ImageObject\",\"inLanguage\":\"de\",\"@id\":\"https:\\\/\\\/www.nameshield.com\\\/de\\\/domainnamen\\\/domainnamen-management\\\/weltweite-registrierung-ihrer_domains\\\/#primaryimage\",\"url\":\"https:\\\/\\\/www.nameshield.com\\\/wp-content\\\/uploads\\\/2021\\\/06\\\/Data-report-bro-1024x1024.png\",\"contentUrl\":\"https:\\\/\\\/www.nameshield.com\\\/wp-content\\\/uploads\\\/2021\\\/06\\\/Data-report-bro-1024x1024.png\"},{\"@type\":\"BreadcrumbList\",\"@id\":\"https:\\\/\\\/www.nameshield.com\\\/de\\\/domainnamen\\\/domainnamen-management\\\/weltweite-registrierung-ihrer_domains\\\/#breadcrumb\",\"itemListElement\":[{\"@type\":\"ListItem\",\"position\":1,\"name\":\"Accueil\",\"item\":\"https:\\\/\\\/www.nameshield.com\\\/de\\\/\"},{\"@type\":\"ListItem\",\"position\":2,\"name\":\"Domainnamen\",\"item\":\"https:\\\/\\\/www.nameshield.com\\\/de\\\/domainnamen\\\/\"},{\"@type\":\"ListItem\",\"position\":3,\"name\":\"Management von Domainnamen\",\"item\":\"https:\\\/\\\/www.nameshield.com\\\/de\\\/domainnamen\\\/domainnamen-management\\\/\"},{\"@type\":\"ListItem\",\"position\":4,\"name\":\"Die weltweite Registrierung Ihrer Domains\"}]},{\"@type\":\"WebSite\",\"@id\":\"https:\\\/\\\/www.nameshield.com\\\/de\\\/#website\",\"url\":\"https:\\\/\\\/www.nameshield.com\\\/de\\\/\",\"name\":\"Nameshield\",\"description\":\"Online Assets Security\",\"potentialAction\":[{\"@type\":\"SearchAction\",\"target\":{\"@type\":\"EntryPoint\",\"urlTemplate\":\"https:\\\/\\\/www.nameshield.com\\\/de\\\/?s={search_term_string}\"},\"query-input\":{\"@type\":\"PropertyValueSpecification\",\"valueRequired\":true,\"valueName\":\"search_term_string\"}}],\"inLanguage\":\"de\"}]}<\/script>\n<!-- \/ Yoast SEO plugin. -->","yoast_head_json":{"title":"F\u00fcr die weltweite Registrierung Ihrer Domains: Nameshield als Experte","description":"Fragen Sie Nameshield f\u00fcr die weltweite Registrierung Ihrer Domains, auch f\u00fcr deren Verl\u00e4ngerung, in allen Top Level Domains.","robots":{"index":"index","follow":"follow","max-snippet":"max-snippet:-1","max-image-preview":"max-image-preview:large","max-video-preview":"max-video-preview:-1"},"canonical":"https:\/\/www.nameshield.com\/de\/domainnamen\/domainnamen-management\/weltweite-registrierung-ihrer_domains\/","og_locale":"de_DE","og_type":"article","og_title":"F\u00fcr die weltweite Registrierung Ihrer Domains: Nameshield als Experte","og_description":"Fragen Sie Nameshield f\u00fcr die weltweite Registrierung Ihrer Domains, auch f\u00fcr deren Verl\u00e4ngerung, in allen Top Level Domains.","og_url":"https:\/\/www.nameshield.com\/de\/domainnamen\/domainnamen-management\/weltweite-registrierung-ihrer_domains\/","og_site_name":"Nameshield","article_modified_time":"2024-11-12T09:41:17+00:00","twitter_card":"summary_large_image","twitter_misc":{"Gesch\u00e4tzte Lesezeit":"1\u00a0Minute"},"schema":{"@context":"https:\/\/schema.org","@graph":[{"@type":"WebPage","@id":"https:\/\/www.nameshield.com\/de\/domainnamen\/domainnamen-management\/weltweite-registrierung-ihrer_domains\/","url":"https:\/\/www.nameshield.com\/de\/domainnamen\/domainnamen-management\/weltweite-registrierung-ihrer_domains\/","name":"F\u00fcr die weltweite Registrierung Ihrer Domains: Nameshield als Experte","isPartOf":{"@id":"https:\/\/www.nameshield.com\/de\/#website"},"primaryImageOfPage":{"@id":"https:\/\/www.nameshield.com\/de\/domainnamen\/domainnamen-management\/weltweite-registrierung-ihrer_domains\/#primaryimage"},"image":{"@id":"https:\/\/www.nameshield.com\/de\/domainnamen\/domainnamen-management\/weltweite-registrierung-ihrer_domains\/#primaryimage"},"thumbnailUrl":"https:\/\/www.nameshield.com\/wp-content\/uploads\/2021\/06\/Data-report-bro-1024x1024.png","datePublished":"2022-06-07T08:54:56+00:00","dateModified":"2024-11-12T09:41:17+00:00","description":"Fragen Sie Nameshield f\u00fcr die weltweite Registrierung Ihrer Domains, auch f\u00fcr deren Verl\u00e4ngerung, in allen Top Level Domains.","breadcrumb":{"@id":"https:\/\/www.nameshield.com\/de\/domainnamen\/domainnamen-management\/weltweite-registrierung-ihrer_domains\/#breadcrumb"},"inLanguage":"de","potentialAction":[{"@type":"ReadAction","target":["https:\/\/www.nameshield.com\/de\/domainnamen\/domainnamen-management\/weltweite-registrierung-ihrer_domains\/"]}]},{"@type":"ImageObject","inLanguage":"de","@id":"https:\/\/www.nameshield.com\/de\/domainnamen\/domainnamen-management\/weltweite-registrierung-ihrer_domains\/#primaryimage","url":"https:\/\/www.nameshield.com\/wp-content\/uploads\/2021\/06\/Data-report-bro-1024x1024.png","contentUrl":"https:\/\/www.nameshield.com\/wp-content\/uploads\/2021\/06\/Data-report-bro-1024x1024.png"},{"@type":"BreadcrumbList","@id":"https:\/\/www.nameshield.com\/de\/domainnamen\/domainnamen-management\/weltweite-registrierung-ihrer_domains\/#breadcrumb","itemListElement":[{"@type":"ListItem","position":1,"name":"Accueil","item":"https:\/\/www.nameshield.com\/de\/"},{"@type":"ListItem","position":2,"name":"Domainnamen","item":"https:\/\/www.nameshield.com\/de\/domainnamen\/"},{"@type":"ListItem","position":3,"name":"Management von Domainnamen","item":"https:\/\/www.nameshield.com\/de\/domainnamen\/domainnamen-management\/"},{"@type":"ListItem","position":4,"name":"Die weltweite Registrierung Ihrer Domains"}]},{"@type":"WebSite","@id":"https:\/\/www.nameshield.com\/de\/#website","url":"https:\/\/www.nameshield.com\/de\/","name":"Nameshield","description":"Online Assets Security","potentialAction":[{"@type":"SearchAction","target":{"@type":"EntryPoint","urlTemplate":"https:\/\/www.nameshield.com\/de\/?s={search_term_string}"},"query-input":{"@type":"PropertyValueSpecification","valueRequired":true,"valueName":"search_term_string"}}],"inLanguage":"de"}]}},"_links":{"self":[{"href":"https:\/\/www.nameshield.com\/de\/wp-json\/wp\/v2\/pages\/164","targetHints":{"allow":["GET"]}}],"collection":[{"href":"https:\/\/www.nameshield.com\/de\/wp-json\/wp\/v2\/pages"}],"about":[{"href":"https:\/\/www.nameshield.com\/de\/wp-json\/wp\/v2\/types\/page"}],"author":[{"embeddable":true,"href":"https:\/\/www.nameshield.com\/de\/wp-json\/wp\/v2\/users\/1"}],"replies":[{"embeddable":true,"href":"https:\/\/www.nameshield.com\/de\/wp-json\/wp\/v2\/comments?post=164"}],"version-history":[{"count":14,"href":"https:\/\/www.nameshield.com\/de\/wp-json\/wp\/v2\/pages\/164\/revisions"}],"predecessor-version":[{"id":1684,"href":"https:\/\/www.nameshield.com\/de\/wp-json\/wp\/v2\/pages\/164\/revisions\/1684"}],"up":[{"embeddable":true,"href":"https:\/\/www.nameshield.com\/de\/wp-json\/wp\/v2\/pages\/153"}],"wp:attachment":[{"href":"https:\/\/www.nameshield.com\/de\/wp-json\/wp\/v2\/media?parent=164"}],"curies":[{"name":"wp","href":"https:\/\/api.w.org\/{rel}","templated":true}]}}