{"id":153,"date":"2022-06-07T10:44:45","date_gmt":"2022-06-07T08:44:45","guid":{"rendered":"https:\/\/www.nameshield.com\/de\/?page_id=153"},"modified":"2024-08-28T14:41:56","modified_gmt":"2024-08-28T12:41:56","slug":"domainnamen-management","status":"publish","type":"page","link":"https:\/\/www.nameshield.com\/de\/domainnamen\/domainnamen-management\/","title":{"rendered":"Management von Domainnamen"},"content":{"rendered":"\n<div class=\"wp-block-cover alignfull eplus-3a51B3 eplus-wrapper\"><span aria-hidden=\"true\" class=\"wp-block-cover__background has-nv-light-bg-background-color has-background-dim-100 has-background-dim\"><\/span><div class=\"wp-block-cover__inner-container is-layout-flow wp-block-cover-is-layout-flow\">\n<div style=\"height:40px\" aria-hidden=\"true\" class=\"wp-block-spacer eplus-D359pn eplus-wrapper\"><\/div>\n\n\n\n<div class=\"wp-block-columns eplus-BfZLjz eplus-wrapper is-layout-flex wp-container-core-columns-is-layout-9d6595d7 wp-block-columns-is-layout-flex\">\n<div class=\"wp-block-column eplus-T9B9ZD eplus-wrapper is-layout-flow wp-block-column-is-layout-flow\" style=\"flex-basis:50%\">\n<h2 class=\"wp-block-heading eplus-9kaVhh eplus-wrapper has-neve-text-color-color has-text-color\">K\u00f6nnen Sie sich vorstellen, die Kontrolle \u00fcber Ihre strategischen Domainnamen zu verlieren?<\/h2>\n\n\n\n<p class=\"eplus-wrapper has-neve-text-color-color has-text-color\">Names\u00adhield stellt Ihnen sei\u00adne Exper\u00adti\u00adse f\u00fcr die Opti\u00admie\u00adrung und Manage\u00adment Ihres Domain\u00adna\u00admen\u00adbe\u00adstands zur Ver\u00adf\u00fc\u00adgung und unter\u00adst\u00fctzt Sie bei den kri\u00adti\u00adschen Aspek\u00adten der Ver\u00adwal\u00adtung Ihrer imma\u00adte\u00adri\u00adel\u00adlen Ver\u00adm\u00f6\u00adgens\u00adwer\u00adte und Ihrer Online-Pr\u00e4\u00adsenz.<\/p>\n\n\n\n<p class=\"eplus-wrapper has-neve-text-color-color has-text-color\">Die Welt der Domain\u00adna\u00admen ist kom\u00adplex und ent\u00adwi\u00adckelt sich kon\u00adti\u00adnu\u00adier\u00adlich wei\u00adter. Aus die\u00adsem Grund arbei\u00adten bei Names\u00adhield f\u00fch\u00adren\u00adde Exper\u00adten der Domain-Indus\u00adtrie f\u00fcr unse\u00adre Mis\u00adsi\u00adon, Ihnen die bes\u00adte Bera\u00adtung zu bie\u00adten.<\/p>\n<\/div>\n\n\n\n<div class=\"wp-block-column eplus-TzPn9K eplus-wrapper is-layout-flow wp-block-column-is-layout-flow\" style=\"flex-basis:50%\">\n<figure class=\"wp-block-image size-large eplus-7RbTs9 eplus-wrapper\"><img decoding=\"async\" src=\"https:\/\/www.nameshield.com\/wp-content\/uploads\/2021\/04\/Domain-names-bro-storyset-demisize.png\" alt=\"Domainnamen-Management\" class=\"wp-image-4341\"><\/figure>\n<\/div>\n<\/div>\n\n\n\n<div style=\"height:40px\" aria-hidden=\"true\" class=\"wp-block-spacer eplus-jsaVnq eplus-wrapper\"><\/div>\n<\/div><\/div>\n\n\n\n<div style=\"height:44px\" aria-hidden=\"true\" class=\"wp-block-spacer eplus-altCAv eplus-wrapper\"><\/div>\n\n\n\n<div class=\"wp-block-columns eplus-imDZy1 eplus-wrapper is-layout-flex wp-container-core-columns-is-layout-9d6595d7 wp-block-columns-is-layout-flex\">\n<div class=\"wp-block-column eplus-00jXQY eplus-wrapper is-layout-flow wp-block-column-is-layout-flow\" style=\"flex-basis:33.33%\"><div class=\"wp-block-image eplus-kJ0Bv3 eplus-wrapper\">\n<figure class=\"aligncenter size-large is-resized\"><img decoding=\"async\" src=\"https:\/\/www.nameshield.com\/wp-content\/uploads\/2021\/05\/Hacker-bro-red-Storyset-1.png\" alt=\"Domainnamen-Management - Cybersquatting\" class=\"wp-image-4573\" style=\"width:267px;height:281px\"><\/figure>\n<\/div><\/div>\n\n\n\n<div class=\"wp-block-column eplus-zIO0TT eplus-wrapper is-layout-flow wp-block-column-is-layout-flow\" style=\"flex-basis:66.66%\">\n<h6 class=\"wp-block-heading eplus-A9AK7b eplus-wrapper\"><strong>Cybersquatting, mangelhafte \u00dcberwachung, Verwaltungsfehler, schwache Absicherung\u2026 Die Gefahren sind vielf\u00e4ltig und die Risiken hoch: Verlust von Einnahmen, Verlust von Traffic, Verlust des Vertrauens der Internetnutzer, Verlust von Sichtbarkeit\u2026<\/strong><\/h6>\n\n\n\n<p class=\"eplus-czUf23 eplus-wrapper\">Fin\u00adden Sie alle Neu\u00adig\u00adkei\u00adten zu Domain\u00adna\u00admen im <a href=\"https:\/\/blog.nameshield.com\/de\/\" target=\"_blank\" rel=\"noreferrer noopener\">Blog<\/a>.<\/p>\n<\/div>\n<\/div>\n\n\n\n<hr class=\"wp-block-separator has-alpha-channel-opacity eplus-wrapper\">\n\n\n\n<p class=\"eplus-wrapper\"><a href=\"https:\/\/www.nameshield.com\/de\/domainnamen\/domainnamen-management\/weltweite-registrierung-ihrer_domains\/\">D<\/a><a href=\"https:\/\/www.nameshield.com\/de\/domainnamen\/bestandsverwaltung\/weltweite-anmeldung-domainnamen\/\">ie welt\u00adwei\u00adte Anmel\u00addung Ihrer Domain\u00adna\u00admen<\/a><a href=\"https:\/\/www.nameshield.com\/de\/domainnamen\/domainnamen-management\/persoenliche_account_managers\/\"><br>Ein Exper\u00adten\u00adteam und ein per\u00ads\u00f6n\u00adli\u00adcher Account Mana\u00adger<\/a><br><a href=\"https:\/\/www.nameshield.com\/de\/geistiges-eigentum\/eine-optimierte-namensstrategie\/\">Eine opti\u00admier\u00adte Namens\u00adstra\u00adte\u00adgie<\/a><br><a href=\"https:\/\/www.nameshield.com\/de\/domainnamen\/domainnamen-management\/reaktionsschneller-technischer-support\/\">R<\/a><a href=\"https:\/\/www.nameshield.com\/de\/domainnamen\/bestandsverwaltung\/reaktionsschneller-technischer-support\/\">eak\u00adti\u00adons\u00adschnel\u00adler tech\u00adni\u00adscher Sup\u00adport<\/a><\/p>\n\n\n\n<hr class=\"wp-block-separator has-alpha-channel-opacity eplus-wrapper\">\n\n\n\n<p class=\"eplus-wrapper\"><a href=\"https:\/\/www.nameshield.com\/de\/domainnamen\/bewertung-von-domainnamen\/\">Bewer\u00adtung von Domain\u00adna\u00admen<\/a><br><a href=\"https:\/\/www.nameshield.com\/de\/domainnamen\/new-gtlds\/\">New gTLDs<\/a><br><a href=\"https:\/\/www.nameshield.com\/de\/domainnamen\/cross-management-von-marken-und-domainnamen\/\">Cross-Manage\u00adment von Mar\u00adken und Domains<\/a><br><a href=\"https:\/\/www.nameshield.com\/de\/domainnamen\/einen-domainnamen-anmelden\/\">Domain\u00adre\u00adcher\u00adche<\/a><br><a href=\"https:\/\/www.nameshield.com\/de\/cybersicherheit\/hochsichere-plattform\/\">Hoch\u00adsi\u00adche\u00adre Domain-Platt\u00adform<\/a><\/p>\n","protected":false},"excerpt":{"rendered":"<p>Cybers\u00adquat\u00adting, man\u00adgel\u00adhaf\u00adte \u00dcber\u00adwa\u00adchung, Ver\u00adwal\u00adtungs\u00adfeh\u00adler, schwa\u00adche Absi\u00adche\u00adrung\u2026 Die Gefah\u00adren sind viel\u00adf\u00e4l\u00adtig und die Risi\u00adken hoch: Ver\u00adlust von Ein\u00adnah\u00admen, Ver\u00adlust von Traf\u00adfic, Ver\u00adlust des Ver\u00adtrau\u00adens der Inter\u00adnet\u00adnut\u00adzer, Ver\u00adlust von Sicht\u00adbar\u00adkeit\u2026 Fin\u00adden Sie alle Neu\u00adig\u00adkei\u00adten zu Domain\u00adna\u00admen im Blog. Die welt\u00adwei\u00adte Anmel\u00addung Ihrer Domain\u00adna\u00admenEin Exper\u00adten\u00adteam und ein per\u00ads\u00f6n\u00adli\u00adcher Account Mana\u00adgerEine opti\u00admier\u00adte Namens\u00adstra\u00adte\u00adgieReak\u00adti\u00adons\u00adschnel\u00adler tech\u00adni\u00adscher Sup\u00adport Bewer\u00adtung von Domain\u00adna\u00admenNew gTLDs\u00adCross-Mana\u00adge\u00ad\u00adment\u2026&nbsp;<a href=\"https:\/\/www.nameshield.com\/de\/domainnamen\/domainnamen-management\/\" class rel=\"bookmark\">Wei\u00adter\u00adle\u00adsen \u00bb<span class=\"screen-reader-text\">Manage\u00adment von Domain\u00adna\u00admen<\/span><\/a><\/p>\n","protected":false},"author":1,"featured_media":0,"parent":129,"menu_order":0,"comment_status":"closed","ping_status":"closed","template":"","meta":{"wp_typography_post_enhancements_disabled":false,"editor_plus_copied_stylings":"{}","_exactmetrics_skip_tracking":false,"_exactmetrics_sitenote_active":false,"_exactmetrics_sitenote_note":"","_exactmetrics_sitenote_category":0,"neve_meta_sidebar":"","neve_meta_container":"","neve_meta_enable_content_width":"on","neve_meta_content_width":100,"neve_meta_title_alignment":"","neve_meta_author_avatar":"","neve_post_elements_order":"","neve_meta_disable_header":"","neve_meta_disable_footer":"","neve_meta_disable_title":"","footnotes":""},"class_list":["post-153","page","type-page","status-publish","hentry"],"yoast_head":"<!-- This site is optimized with the Yoast SEO plugin v27.4 - https:\/\/yoast.com\/product\/yoast-seo-wordpress\/ -->\n<title>Nameshield unterst\u00fctzt beim Domainnamen-Management<\/title>\n<meta name=\"description\" content=\"Nameshield stellt Ihnen seine Expertise f\u00fcr das Domainnamen-Management Ihres Portfolios zur Verf\u00fcgung.\" \/>\n<meta name=\"robots\" content=\"index, follow, max-snippet:-1, max-image-preview:large, max-video-preview:-1\" \/>\n<link rel=\"canonical\" href=\"https:\/\/www.nameshield.com\/de\/domainnamen\/domainnamen-management\/\" \/>\n<meta property=\"og:locale\" content=\"de_DE\" \/>\n<meta property=\"og:type\" content=\"article\" \/>\n<meta property=\"og:title\" content=\"Nameshield unterst\u00fctzt beim Domainnamen-Management\" \/>\n<meta property=\"og:description\" content=\"Nameshield stellt Ihnen seine Expertise f\u00fcr das Domainnamen-Management Ihres Portfolios zur Verf\u00fcgung.\" \/>\n<meta property=\"og:url\" content=\"https:\/\/www.nameshield.com\/de\/domainnamen\/domainnamen-management\/\" \/>\n<meta property=\"og:site_name\" content=\"Nameshield\" \/>\n<meta property=\"article:modified_time\" content=\"2024-08-28T12:41:56+00:00\" \/>\n<meta property=\"og:image\" content=\"https:\/\/www.nameshield.com\/wp-content\/uploads\/2021\/04\/Domain-names-bro-storyset-demisize.png\" \/>\n<meta name=\"twitter:card\" content=\"summary_large_image\" \/>\n<meta name=\"twitter:label1\" content=\"Gesch\u00e4tzte Lesezeit\" \/>\n\t<meta name=\"twitter:data1\" content=\"2\u00a0Minuten\" \/>\n<script type=\"application\/ld+json\" class=\"yoast-schema-graph\">{\"@context\":\"https:\\\/\\\/schema.org\",\"@graph\":[{\"@type\":\"WebPage\",\"@id\":\"https:\\\/\\\/www.nameshield.com\\\/de\\\/domainnamen\\\/domainnamen-management\\\/\",\"url\":\"https:\\\/\\\/www.nameshield.com\\\/de\\\/domainnamen\\\/domainnamen-management\\\/\",\"name\":\"Nameshield unterst\u00fctzt beim Domainnamen-Management\",\"isPartOf\":{\"@id\":\"https:\\\/\\\/www.nameshield.com\\\/de\\\/#website\"},\"primaryImageOfPage\":{\"@id\":\"https:\\\/\\\/www.nameshield.com\\\/de\\\/domainnamen\\\/domainnamen-management\\\/#primaryimage\"},\"image\":{\"@id\":\"https:\\\/\\\/www.nameshield.com\\\/de\\\/domainnamen\\\/domainnamen-management\\\/#primaryimage\"},\"thumbnailUrl\":\"https:\\\/\\\/www.nameshield.com\\\/wp-content\\\/uploads\\\/2021\\\/04\\\/Domain-names-bro-storyset-demisize.png\",\"datePublished\":\"2022-06-07T08:44:45+00:00\",\"dateModified\":\"2024-08-28T12:41:56+00:00\",\"description\":\"Nameshield stellt Ihnen seine Expertise f\u00fcr das Domainnamen-Management Ihres Portfolios zur Verf\u00fcgung.\",\"breadcrumb\":{\"@id\":\"https:\\\/\\\/www.nameshield.com\\\/de\\\/domainnamen\\\/domainnamen-management\\\/#breadcrumb\"},\"inLanguage\":\"de\",\"potentialAction\":[{\"@type\":\"ReadAction\",\"target\":[\"https:\\\/\\\/www.nameshield.com\\\/de\\\/domainnamen\\\/domainnamen-management\\\/\"]}]},{\"@type\":\"ImageObject\",\"inLanguage\":\"de\",\"@id\":\"https:\\\/\\\/www.nameshield.com\\\/de\\\/domainnamen\\\/domainnamen-management\\\/#primaryimage\",\"url\":\"https:\\\/\\\/www.nameshield.com\\\/wp-content\\\/uploads\\\/2021\\\/04\\\/Domain-names-bro-storyset-demisize.png\",\"contentUrl\":\"https:\\\/\\\/www.nameshield.com\\\/wp-content\\\/uploads\\\/2021\\\/04\\\/Domain-names-bro-storyset-demisize.png\"},{\"@type\":\"BreadcrumbList\",\"@id\":\"https:\\\/\\\/www.nameshield.com\\\/de\\\/domainnamen\\\/domainnamen-management\\\/#breadcrumb\",\"itemListElement\":[{\"@type\":\"ListItem\",\"position\":1,\"name\":\"Accueil\",\"item\":\"https:\\\/\\\/www.nameshield.com\\\/de\\\/\"},{\"@type\":\"ListItem\",\"position\":2,\"name\":\"Domainnamen\",\"item\":\"https:\\\/\\\/www.nameshield.com\\\/de\\\/domainnamen\\\/\"},{\"@type\":\"ListItem\",\"position\":3,\"name\":\"Management von Domainnamen\"}]},{\"@type\":\"WebSite\",\"@id\":\"https:\\\/\\\/www.nameshield.com\\\/de\\\/#website\",\"url\":\"https:\\\/\\\/www.nameshield.com\\\/de\\\/\",\"name\":\"Nameshield\",\"description\":\"Online Assets Security\",\"potentialAction\":[{\"@type\":\"SearchAction\",\"target\":{\"@type\":\"EntryPoint\",\"urlTemplate\":\"https:\\\/\\\/www.nameshield.com\\\/de\\\/?s={search_term_string}\"},\"query-input\":{\"@type\":\"PropertyValueSpecification\",\"valueRequired\":true,\"valueName\":\"search_term_string\"}}],\"inLanguage\":\"de\"}]}<\/script>\n<!-- \/ Yoast SEO plugin. -->","yoast_head_json":{"title":"Nameshield unterst\u00fctzt beim Domainnamen-Management","description":"Nameshield stellt Ihnen seine Expertise f\u00fcr das Domainnamen-Management Ihres Portfolios zur Verf\u00fcgung.","robots":{"index":"index","follow":"follow","max-snippet":"max-snippet:-1","max-image-preview":"max-image-preview:large","max-video-preview":"max-video-preview:-1"},"canonical":"https:\/\/www.nameshield.com\/de\/domainnamen\/domainnamen-management\/","og_locale":"de_DE","og_type":"article","og_title":"Nameshield unterst\u00fctzt beim Domainnamen-Management","og_description":"Nameshield stellt Ihnen seine Expertise f\u00fcr das Domainnamen-Management Ihres Portfolios zur Verf\u00fcgung.","og_url":"https:\/\/www.nameshield.com\/de\/domainnamen\/domainnamen-management\/","og_site_name":"Nameshield","article_modified_time":"2024-08-28T12:41:56+00:00","og_image":[{"url":"https:\/\/www.nameshield.com\/wp-content\/uploads\/2021\/04\/Domain-names-bro-storyset-demisize.png","type":"","width":"","height":""}],"twitter_card":"summary_large_image","twitter_misc":{"Gesch\u00e4tzte Lesezeit":"2\u00a0Minuten"},"schema":{"@context":"https:\/\/schema.org","@graph":[{"@type":"WebPage","@id":"https:\/\/www.nameshield.com\/de\/domainnamen\/domainnamen-management\/","url":"https:\/\/www.nameshield.com\/de\/domainnamen\/domainnamen-management\/","name":"Nameshield unterst\u00fctzt beim Domainnamen-Management","isPartOf":{"@id":"https:\/\/www.nameshield.com\/de\/#website"},"primaryImageOfPage":{"@id":"https:\/\/www.nameshield.com\/de\/domainnamen\/domainnamen-management\/#primaryimage"},"image":{"@id":"https:\/\/www.nameshield.com\/de\/domainnamen\/domainnamen-management\/#primaryimage"},"thumbnailUrl":"https:\/\/www.nameshield.com\/wp-content\/uploads\/2021\/04\/Domain-names-bro-storyset-demisize.png","datePublished":"2022-06-07T08:44:45+00:00","dateModified":"2024-08-28T12:41:56+00:00","description":"Nameshield stellt Ihnen seine Expertise f\u00fcr das Domainnamen-Management Ihres Portfolios zur Verf\u00fcgung.","breadcrumb":{"@id":"https:\/\/www.nameshield.com\/de\/domainnamen\/domainnamen-management\/#breadcrumb"},"inLanguage":"de","potentialAction":[{"@type":"ReadAction","target":["https:\/\/www.nameshield.com\/de\/domainnamen\/domainnamen-management\/"]}]},{"@type":"ImageObject","inLanguage":"de","@id":"https:\/\/www.nameshield.com\/de\/domainnamen\/domainnamen-management\/#primaryimage","url":"https:\/\/www.nameshield.com\/wp-content\/uploads\/2021\/04\/Domain-names-bro-storyset-demisize.png","contentUrl":"https:\/\/www.nameshield.com\/wp-content\/uploads\/2021\/04\/Domain-names-bro-storyset-demisize.png"},{"@type":"BreadcrumbList","@id":"https:\/\/www.nameshield.com\/de\/domainnamen\/domainnamen-management\/#breadcrumb","itemListElement":[{"@type":"ListItem","position":1,"name":"Accueil","item":"https:\/\/www.nameshield.com\/de\/"},{"@type":"ListItem","position":2,"name":"Domainnamen","item":"https:\/\/www.nameshield.com\/de\/domainnamen\/"},{"@type":"ListItem","position":3,"name":"Management von Domainnamen"}]},{"@type":"WebSite","@id":"https:\/\/www.nameshield.com\/de\/#website","url":"https:\/\/www.nameshield.com\/de\/","name":"Nameshield","description":"Online Assets Security","potentialAction":[{"@type":"SearchAction","target":{"@type":"EntryPoint","urlTemplate":"https:\/\/www.nameshield.com\/de\/?s={search_term_string}"},"query-input":{"@type":"PropertyValueSpecification","valueRequired":true,"valueName":"search_term_string"}}],"inLanguage":"de"}]}},"_links":{"self":[{"href":"https:\/\/www.nameshield.com\/de\/wp-json\/wp\/v2\/pages\/153","targetHints":{"allow":["GET"]}}],"collection":[{"href":"https:\/\/www.nameshield.com\/de\/wp-json\/wp\/v2\/pages"}],"about":[{"href":"https:\/\/www.nameshield.com\/de\/wp-json\/wp\/v2\/types\/page"}],"author":[{"embeddable":true,"href":"https:\/\/www.nameshield.com\/de\/wp-json\/wp\/v2\/users\/1"}],"replies":[{"embeddable":true,"href":"https:\/\/www.nameshield.com\/de\/wp-json\/wp\/v2\/comments?post=153"}],"version-history":[{"count":13,"href":"https:\/\/www.nameshield.com\/de\/wp-json\/wp\/v2\/pages\/153\/revisions"}],"predecessor-version":[{"id":1606,"href":"https:\/\/www.nameshield.com\/de\/wp-json\/wp\/v2\/pages\/153\/revisions\/1606"}],"up":[{"embeddable":true,"href":"https:\/\/www.nameshield.com\/de\/wp-json\/wp\/v2\/pages\/129"}],"wp:attachment":[{"href":"https:\/\/www.nameshield.com\/de\/wp-json\/wp\/v2\/media?parent=153"}],"curies":[{"name":"wp","href":"https:\/\/api.w.org\/{rel}","templated":true}]}}