{"id":141,"date":"2022-06-07T09:17:27","date_gmt":"2022-06-07T07:17:27","guid":{"rendered":"https:\/\/www.nameshield.com\/de\/?page_id=141"},"modified":"2024-08-28T15:46:10","modified_gmt":"2024-08-28T13:46:10","slug":"domainrecherche","status":"publish","type":"page","link":"https:\/\/www.nameshield.com\/de\/domainnamen\/domainrecherche\/","title":{"rendered":"Die Domainrecherche"},"content":{"rendered":"\n<div class=\"wp-block-cover alignfull is-light eplus-g8WmOJ eplus-wrapper\"><span aria-hidden=\"true\" class=\"wp-block-cover__background has-background-dim-100 has-background-dim has-background-gradient\" style=\"background:linear-gradient(135deg,rgb(21,115,191) 0%,rgb(255,0,0) 100%)\"><\/span><div class=\"wp-block-cover__inner-container is-layout-flow wp-block-cover-is-layout-flow\">\n<div style=\"height:40px\" aria-hidden=\"true\" class=\"wp-block-spacer eplus-jHQ0mn eplus-wrapper\"><\/div>\n\n\n\n<div class=\"wp-block-columns eplus-yhMUPb eplus-wrapper is-layout-flex wp-container-core-columns-is-layout-9d6595d7 wp-block-columns-is-layout-flex\">\n<div class=\"wp-block-column is-vertically-aligned-center eplus-uZP09p eplus-wrapper is-layout-flow wp-block-column-is-layout-flow\" style=\"flex-basis:50%\">\n<p class=\"eplus-wrapper has-nv-light-bg-color has-text-color has-link-color wp-elements-8c02cc5c1a062874e5e8c7485dc2a7f7\">Eine wirk\u00adsa\u00adme Abwehr erfor\u00addert den Schutz von Mar\u00adken und Domain\u00adna\u00admen. Aus die\u00adsem Grund haben wir eine kom\u00adple\u00adxe Such\u00adma\u00adschi\u00adne f\u00fcr Ver\u00adf\u00fcg\u00adbar\u00adkei\u00adten ent\u00adwi\u00adckelt, die es erlaubt, unter v\u00f6l\u00adli\u00adger Geheim\u00adhal\u00adtung grup\u00adpier\u00adte Such\u00adan\u00adfra\u00adgen anhand meh\u00adre\u00adrer Kri\u00adte\u00adri\u00aden wie Domain\u00adna\u00admen und \u00e4hn\u00adli\u00adcher Mar\u00adken zu t\u00e4ti\u00adgen und einen Domain\u00adna\u00admen anzu\u00admel\u00adden, sofern die\u00adser ver\u00adf\u00fcg\u00adbar ist.<\/p>\n\n\n\n<p class=\"eplus-wrapper has-nv-light-bg-color has-text-color has-link-color wp-elements-6bdf185f5b3841117aa199bdcf3a7627\">Unse\u00adre Such\u00adma\u00adschi\u00adne erm\u00f6g\u00adlicht die Suche nach voll\u00adst\u00e4n\u00addi\u00adgen Namen (ein\u00adschlie\u00df\u00adlich der Top Level Domain) oder nach mit geo\u00adgra\u00adfi\u00adschen und\/oder bran\u00adchen\u00adspe\u00adzi\u00adfi\u00adschen Zonen ver\u00adbun\u00adde\u00adnen Begrif\u00adfen. Bei Nicht\u00adver\u00adf\u00fcg\u00adbar\u00adkeit sind die Whois-Infor\u00adma\u00adtio\u00adnen abruf\u00adbar.<\/p>\n\n\n\n<div class=\"wp-block-group eplus-wrapper\"><div class=\"wp-block-group__inner-container is-layout-flow wp-block-group-is-layout-flow\"><\/div><\/div>\n\n\n\n<hr class=\"wp-block-separator has-css-opacity eplus-fgqDC4 is-style-default eplus-wrapper\">\n\n\n\n<h3 class=\"wp-block-heading has-text-align-center eplus-fRlBAj eplus-wrapper has-nv-text-dark-bg-color has-text-color\">Ist Ihr Domainname noch verf\u00fcgbar?<\/h3>\n\n\n\n<p class=\"has-text-align-center eplus-Unss4V eplus-wrapper has-nv-text-dark-bg-color has-text-color\">Ver\u00adwen\u00adden Sie die\u00adses Feld f\u00fcr eine <strong><em>Domain\u00adre\u00adcher\u00adche <\/em><\/strong>und eine \u00c4hn\u00adlich\u00adkeits\u00adsu\u00adche Ihrer Domains und Mar\u00adken.<\/p>\n\n\n\n<center><form id=\"searchForm\" style=\"padding: 0; margin: 0;\" action=\"https:\/\/secure.nameshield.net\/recherche-dispo\/index.php?lang=de&amp;origine=menu-public\" method=\"POST\">\n<div style=\"display: inline-block;\"><input name=\"action\" type=\"hidden\" value=\"search\"><input name=\"tab\" type=\"hidden\" value=\"rechercher\"><input name=\"domainenom\" type=\"text\" value><input type=\"submit\" value=\"Suchen\"><\/div><\/form><\/center>\n<\/div>\n\n\n\n<div class=\"wp-block-column eplus-2RXwNF eplus-wrapper is-layout-flow wp-block-column-is-layout-flow\" style=\"flex-basis:50%\"><div class=\"wp-block-image eplus-JGYqcx eplus-wrapper\">\n<figure class=\"aligncenter size-large is-resized\"><img decoding=\"async\" src=\"https:\/\/www.nameshield.com\/wp-content\/uploads\/2021\/06\/Data-report-bro-1024x1024.png\" alt=\"Das praktische Tool von Nameshield f\u00fcr die Domainrecherche\" class=\"wp-image-4845\" style=\"width:517px;height:517px\"><\/figure>\n<\/div><\/div>\n<\/div>\n\n\n\n<div style=\"height:40px\" aria-hidden=\"true\" class=\"wp-block-spacer eplus-iVeaWN eplus-wrapper\"><\/div>\n<\/div><\/div>\n\n\n\n<hr class=\"wp-block-separator has-alpha-channel-opacity eplus-wrapper\">\n\n\n\n<div class=\"wp-block-columns is-layout-flex wp-container-core-columns-is-layout-9d6595d7 wp-block-columns-is-layout-flex\">\n<div class=\"wp-block-column is-layout-flow wp-block-column-is-layout-flow\">\n<p><a href=\"https:\/\/www.nameshield.com\/de\/domainnamen\/domainnamen-management\/\">Manage\u00adment von Domain\u00adna\u00admen<\/a><br><a href=\"https:\/\/www.nameshield.com\/de\/domainnamen\/bewertung-von-domainnamen\/\">Bewer\u00adtung von Domain\u00adna\u00admen<\/a><br><a href=\"https:\/\/www.nameshield.com\/de\/domainnamen\/new-gtlds\/\">New gTLDs<\/a><br><a href=\"https:\/\/www.nameshield.com\/de\/domainnamen\/domainnamen-cross-management-von-marken-und-domains\/\">Cross-Manage\u00adment von Mar\u00adken und Domains<\/a><br><a href=\"https:\/\/www.nameshield.com\/de\/cybersicherheit\/hochsichere-domain-plattform\/\">Hoch\u00adsi\u00adche\u00adre Domain-Platt\u00adform<\/a><\/p>\n<\/div>\n\n\n\n<div class=\"wp-block-column is-layout-flow wp-block-column-is-layout-flow\">\n<p class=\"has-neve-text-color-color has-nv-light-bg-background-color has-text-color has-background has-link-color wp-elements-b72f1af9f11c59a7e909af9b13c3cba2\">Alle News zum The\u00adma Cyber\u00adsi\u00adcher\u00adheit, Domains und Moni\u00adto\u00adring fin\u00adden Sie im Names\u00adhield <a href=\"https:\/\/blog.nameshield.com\/de\/\" target=\"_blank\" rel=\"noreferrer noopener\">blog<\/a>.<\/p>\n<\/div>\n<\/div>\n","protected":false},"excerpt":{"rendered":"<p>Manage\u00adment von Domain\u00adna\u00admenBewer\u00adtung von Domain\u00adna\u00admenNew gTLDs\u00adCross-Mana\u00adge\u00ad\u00adment von Mar\u00adken und DomainsHoch\u00adsi\u00adche\u00adre Domain-Plat\u00adt\u00ad\u00adform Alle News zum The\u00adma Cyber\u00adsi\u00adcher\u00adheit, Domains und Moni\u00adto\u00adring fin\u00adden Sie im Names\u00adhield blog.<\/p>\n","protected":false},"author":1,"featured_media":0,"parent":129,"menu_order":0,"comment_status":"closed","ping_status":"closed","template":"","meta":{"wp_typography_post_enhancements_disabled":false,"editor_plus_copied_stylings":"{}","_exactmetrics_skip_tracking":false,"_exactmetrics_sitenote_active":false,"_exactmetrics_sitenote_note":"","_exactmetrics_sitenote_category":0,"neve_meta_sidebar":"","neve_meta_container":"","neve_meta_enable_content_width":"on","neve_meta_content_width":100,"neve_meta_title_alignment":"","neve_meta_author_avatar":"","neve_post_elements_order":"","neve_meta_disable_header":"","neve_meta_disable_footer":"","neve_meta_disable_title":"","footnotes":""},"class_list":["post-141","page","type-page","status-publish","hentry"],"yoast_head":"<!-- This site is optimized with the Yoast SEO plugin v27.5 - https:\/\/yoast.com\/product\/yoast-seo-wordpress\/ -->\n<title>Das praktische Tool von Nameshield f\u00fcr die Domainrecherche<\/title>\n<meta name=\"description\" content=\"Nameshield stellt Ihnen eine Interface f\u00fcr die Domainrecherche und \u00c4hnlichkeitssuche zur Verf\u00fcgung.\" \/>\n<meta name=\"robots\" content=\"index, follow, max-snippet:-1, max-image-preview:large, max-video-preview:-1\" \/>\n<link rel=\"canonical\" href=\"https:\/\/www.nameshield.com\/de\/domainnamen\/domainrecherche\/\" \/>\n<meta property=\"og:locale\" content=\"de_DE\" \/>\n<meta property=\"og:type\" content=\"article\" \/>\n<meta property=\"og:title\" content=\"Das praktische Tool von Nameshield f\u00fcr die Domainrecherche\" \/>\n<meta property=\"og:description\" content=\"Nameshield stellt Ihnen eine Interface f\u00fcr die Domainrecherche und \u00c4hnlichkeitssuche zur Verf\u00fcgung.\" \/>\n<meta property=\"og:url\" content=\"https:\/\/www.nameshield.com\/de\/domainnamen\/domainrecherche\/\" \/>\n<meta property=\"og:site_name\" content=\"Nameshield\" \/>\n<meta property=\"article:modified_time\" content=\"2024-08-28T13:46:10+00:00\" \/>\n<meta property=\"og:image\" content=\"https:\/\/www.nameshield.com\/wp-content\/uploads\/2021\/06\/Data-report-bro-1024x1024.png\" \/>\n<meta name=\"twitter:card\" content=\"summary_large_image\" \/>\n<meta name=\"twitter:label1\" content=\"Gesch\u00e4tzte Lesezeit\" \/>\n\t<meta name=\"twitter:data1\" content=\"1\u00a0Minute\" \/>\n<script type=\"application\/ld+json\" class=\"yoast-schema-graph\">{\"@context\":\"https:\\\/\\\/schema.org\",\"@graph\":[{\"@type\":\"WebPage\",\"@id\":\"https:\\\/\\\/www.nameshield.com\\\/de\\\/domainnamen\\\/domainrecherche\\\/\",\"url\":\"https:\\\/\\\/www.nameshield.com\\\/de\\\/domainnamen\\\/domainrecherche\\\/\",\"name\":\"Das praktische Tool von Nameshield f\u00fcr die Domainrecherche\",\"isPartOf\":{\"@id\":\"https:\\\/\\\/www.nameshield.com\\\/de\\\/#website\"},\"primaryImageOfPage\":{\"@id\":\"https:\\\/\\\/www.nameshield.com\\\/de\\\/domainnamen\\\/domainrecherche\\\/#primaryimage\"},\"image\":{\"@id\":\"https:\\\/\\\/www.nameshield.com\\\/de\\\/domainnamen\\\/domainrecherche\\\/#primaryimage\"},\"thumbnailUrl\":\"https:\\\/\\\/www.nameshield.com\\\/wp-content\\\/uploads\\\/2021\\\/06\\\/Data-report-bro-1024x1024.png\",\"datePublished\":\"2022-06-07T07:17:27+00:00\",\"dateModified\":\"2024-08-28T13:46:10+00:00\",\"description\":\"Nameshield stellt Ihnen eine Interface f\u00fcr die Domainrecherche und \u00c4hnlichkeitssuche zur Verf\u00fcgung.\",\"breadcrumb\":{\"@id\":\"https:\\\/\\\/www.nameshield.com\\\/de\\\/domainnamen\\\/domainrecherche\\\/#breadcrumb\"},\"inLanguage\":\"de\",\"potentialAction\":[{\"@type\":\"ReadAction\",\"target\":[\"https:\\\/\\\/www.nameshield.com\\\/de\\\/domainnamen\\\/domainrecherche\\\/\"]}]},{\"@type\":\"ImageObject\",\"inLanguage\":\"de\",\"@id\":\"https:\\\/\\\/www.nameshield.com\\\/de\\\/domainnamen\\\/domainrecherche\\\/#primaryimage\",\"url\":\"https:\\\/\\\/www.nameshield.com\\\/wp-content\\\/uploads\\\/2021\\\/06\\\/Data-report-bro-1024x1024.png\",\"contentUrl\":\"https:\\\/\\\/www.nameshield.com\\\/wp-content\\\/uploads\\\/2021\\\/06\\\/Data-report-bro-1024x1024.png\"},{\"@type\":\"BreadcrumbList\",\"@id\":\"https:\\\/\\\/www.nameshield.com\\\/de\\\/domainnamen\\\/domainrecherche\\\/#breadcrumb\",\"itemListElement\":[{\"@type\":\"ListItem\",\"position\":1,\"name\":\"Accueil\",\"item\":\"https:\\\/\\\/www.nameshield.com\\\/de\\\/\"},{\"@type\":\"ListItem\",\"position\":2,\"name\":\"Domainnamen\",\"item\":\"https:\\\/\\\/www.nameshield.com\\\/de\\\/domainnamen\\\/\"},{\"@type\":\"ListItem\",\"position\":3,\"name\":\"Die Domainrecherche\"}]},{\"@type\":\"WebSite\",\"@id\":\"https:\\\/\\\/www.nameshield.com\\\/de\\\/#website\",\"url\":\"https:\\\/\\\/www.nameshield.com\\\/de\\\/\",\"name\":\"Nameshield\",\"description\":\"Online Assets Security\",\"potentialAction\":[{\"@type\":\"SearchAction\",\"target\":{\"@type\":\"EntryPoint\",\"urlTemplate\":\"https:\\\/\\\/www.nameshield.com\\\/de\\\/?s={search_term_string}\"},\"query-input\":{\"@type\":\"PropertyValueSpecification\",\"valueRequired\":true,\"valueName\":\"search_term_string\"}}],\"inLanguage\":\"de\"}]}<\/script>\n<!-- \/ Yoast SEO plugin. -->","yoast_head_json":{"title":"Das praktische Tool von Nameshield f\u00fcr die Domainrecherche","description":"Nameshield stellt Ihnen eine Interface f\u00fcr die Domainrecherche und \u00c4hnlichkeitssuche zur Verf\u00fcgung.","robots":{"index":"index","follow":"follow","max-snippet":"max-snippet:-1","max-image-preview":"max-image-preview:large","max-video-preview":"max-video-preview:-1"},"canonical":"https:\/\/www.nameshield.com\/de\/domainnamen\/domainrecherche\/","og_locale":"de_DE","og_type":"article","og_title":"Das praktische Tool von Nameshield f\u00fcr die Domainrecherche","og_description":"Nameshield stellt Ihnen eine Interface f\u00fcr die Domainrecherche und \u00c4hnlichkeitssuche zur Verf\u00fcgung.","og_url":"https:\/\/www.nameshield.com\/de\/domainnamen\/domainrecherche\/","og_site_name":"Nameshield","article_modified_time":"2024-08-28T13:46:10+00:00","og_image":[{"url":"https:\/\/www.nameshield.com\/wp-content\/uploads\/2021\/06\/Data-report-bro-1024x1024.png","type":"","width":"","height":""}],"twitter_card":"summary_large_image","twitter_misc":{"Gesch\u00e4tzte Lesezeit":"1\u00a0Minute"},"schema":{"@context":"https:\/\/schema.org","@graph":[{"@type":"WebPage","@id":"https:\/\/www.nameshield.com\/de\/domainnamen\/domainrecherche\/","url":"https:\/\/www.nameshield.com\/de\/domainnamen\/domainrecherche\/","name":"Das praktische Tool von Nameshield f\u00fcr die Domainrecherche","isPartOf":{"@id":"https:\/\/www.nameshield.com\/de\/#website"},"primaryImageOfPage":{"@id":"https:\/\/www.nameshield.com\/de\/domainnamen\/domainrecherche\/#primaryimage"},"image":{"@id":"https:\/\/www.nameshield.com\/de\/domainnamen\/domainrecherche\/#primaryimage"},"thumbnailUrl":"https:\/\/www.nameshield.com\/wp-content\/uploads\/2021\/06\/Data-report-bro-1024x1024.png","datePublished":"2022-06-07T07:17:27+00:00","dateModified":"2024-08-28T13:46:10+00:00","description":"Nameshield stellt Ihnen eine Interface f\u00fcr die Domainrecherche und \u00c4hnlichkeitssuche zur Verf\u00fcgung.","breadcrumb":{"@id":"https:\/\/www.nameshield.com\/de\/domainnamen\/domainrecherche\/#breadcrumb"},"inLanguage":"de","potentialAction":[{"@type":"ReadAction","target":["https:\/\/www.nameshield.com\/de\/domainnamen\/domainrecherche\/"]}]},{"@type":"ImageObject","inLanguage":"de","@id":"https:\/\/www.nameshield.com\/de\/domainnamen\/domainrecherche\/#primaryimage","url":"https:\/\/www.nameshield.com\/wp-content\/uploads\/2021\/06\/Data-report-bro-1024x1024.png","contentUrl":"https:\/\/www.nameshield.com\/wp-content\/uploads\/2021\/06\/Data-report-bro-1024x1024.png"},{"@type":"BreadcrumbList","@id":"https:\/\/www.nameshield.com\/de\/domainnamen\/domainrecherche\/#breadcrumb","itemListElement":[{"@type":"ListItem","position":1,"name":"Accueil","item":"https:\/\/www.nameshield.com\/de\/"},{"@type":"ListItem","position":2,"name":"Domainnamen","item":"https:\/\/www.nameshield.com\/de\/domainnamen\/"},{"@type":"ListItem","position":3,"name":"Die Domainrecherche"}]},{"@type":"WebSite","@id":"https:\/\/www.nameshield.com\/de\/#website","url":"https:\/\/www.nameshield.com\/de\/","name":"Nameshield","description":"Online Assets Security","potentialAction":[{"@type":"SearchAction","target":{"@type":"EntryPoint","urlTemplate":"https:\/\/www.nameshield.com\/de\/?s={search_term_string}"},"query-input":{"@type":"PropertyValueSpecification","valueRequired":true,"valueName":"search_term_string"}}],"inLanguage":"de"}]}},"_links":{"self":[{"href":"https:\/\/www.nameshield.com\/de\/wp-json\/wp\/v2\/pages\/141","targetHints":{"allow":["GET"]}}],"collection":[{"href":"https:\/\/www.nameshield.com\/de\/wp-json\/wp\/v2\/pages"}],"about":[{"href":"https:\/\/www.nameshield.com\/de\/wp-json\/wp\/v2\/types\/page"}],"author":[{"embeddable":true,"href":"https:\/\/www.nameshield.com\/de\/wp-json\/wp\/v2\/users\/1"}],"replies":[{"embeddable":true,"href":"https:\/\/www.nameshield.com\/de\/wp-json\/wp\/v2\/comments?post=141"}],"version-history":[{"count":16,"href":"https:\/\/www.nameshield.com\/de\/wp-json\/wp\/v2\/pages\/141\/revisions"}],"predecessor-version":[{"id":1633,"href":"https:\/\/www.nameshield.com\/de\/wp-json\/wp\/v2\/pages\/141\/revisions\/1633"}],"up":[{"embeddable":true,"href":"https:\/\/www.nameshield.com\/de\/wp-json\/wp\/v2\/pages\/129"}],"wp:attachment":[{"href":"https:\/\/www.nameshield.com\/de\/wp-json\/wp\/v2\/media?parent=141"}],"curies":[{"name":"wp","href":"https:\/\/api.w.org\/{rel}","templated":true}]}}